{"id":689999,"date":"2024-08-24T16:34:19","date_gmt":"2024-08-24T13:34:19","guid":{"rendered":"https:\/\/nbg.eu\/product\/flex-holster-right-hand-color-inlays\/"},"modified":"2025-12-28T21:30:48","modified_gmt":"2025-12-28T18:30:48","slug":"flex-holster-right-hand-color-inlays","status":"publish","type":"product","link":"https:\/\/nbg.eu\/no\/produkt\/flex-holster-right-hand-color-inlays\/","title":{"rendered":"Flex Holster Right Hand Color Inlays"},"content":{"rendered":"<div class=\"product-description\">\n<h2>Flex-hylster til h\u00f8yre h\u00e5nd Fargeinlegg<\/h2>\n<p>Tilpass din Flex-hylster til h\u00f8yre h\u00e5nd med v\u00e5re presisjonssk\u00e5rede plastlogoinlegg. Disse levende fargeakksentene gir et personlig preg til hylsteret uten \u00e5 g\u00e5 p\u00e5 kompromiss med den slanke utformingen.<\/p>\n<ul>\n<li>Enkel montering med forh\u00e5ndsapplikert 3M-teip<\/li>\n<li>Kan fjernes og byttes ut for fremtidige fargeendringer<\/li>\n<li>Transparent beskyttelsesfilm inkludert (kan fjernes for best utseende)<\/li>\n<li>Utformet spesifikt for Flex-hylsterenheter til h\u00f8yre h\u00e5nd<\/li>\n<\/ul>\n<p><strong>Merk:<\/strong> Selv om inleggene kan fjernes og skiftes ut, m\u00e5 du v\u00e6re oppmerksom p\u00e5 at det opprinnelige inlegget kan g\u00e5 i stykker under fjerning. V\u00e6r forsiktig n\u00e5r du bytter farger for \u00e5 sikre en smidig overgang.<\/p>\n<p>L\u00f8ft stilen p\u00e5 hylsteret ditt med disse i\u00f8ynefallende fargeinnleggene i dag!<\/p>\n<\/div>\n","protected":false},"excerpt":{"rendered":"<p>Tilpassbare fargeinnlegg for h\u00f8yreh\u00e5ndede Flex-hylstre. Enkel installasjon.<\/p>\n","protected":false},"featured_media":29658,"template":"","meta":{"_acf_changed":false},"product_brand":[11273],"product_cat":[13292,13298,13319],"product_tag":[],"class_list":{"0":"post-689999","1":"product","2":"type-product","3":"status-publish","4":"has-post-thumbnail","6":"product_brand-doublealpha","7":"product_cat-holstertilbehor","8":"product_cat-sportholster","9":"product_cat-utstyr","11":"first","12":"instock","13":"taxable","14":"shipping-taxable","15":"purchasable","16":"product-type-variable","17":"wvs-archive-product-wrapper"},"acf":[],"_links":{"self":[{"href":"https:\/\/nbg.eu\/no\/wp-json\/wp\/v2\/product\/689999","targetHints":{"allow":["GET"]}}],"collection":[{"href":"https:\/\/nbg.eu\/no\/wp-json\/wp\/v2\/product"}],"about":[{"href":"https:\/\/nbg.eu\/no\/wp-json\/wp\/v2\/types\/product"}],"wp:featuredmedia":[{"embeddable":true,"href":"https:\/\/nbg.eu\/no\/wp-json\/wp\/v2\/media\/29658"}],"wp:attachment":[{"href":"https:\/\/nbg.eu\/no\/wp-json\/wp\/v2\/media?parent=689999"}],"wp:term":[{"taxonomy":"product_brand","embeddable":true,"href":"https:\/\/nbg.eu\/no\/wp-json\/wp\/v2\/product_brand?post=689999"},{"taxonomy":"product_cat","embeddable":true,"href":"https:\/\/nbg.eu\/no\/wp-json\/wp\/v2\/product_cat?post=689999"},{"taxonomy":"product_tag","embeddable":true,"href":"https:\/\/nbg.eu\/no\/wp-json\/wp\/v2\/product_tag?post=689999"}],"curies":[{"name":"wp","href":"https:\/\/api.w.org\/{rel}","templated":true}]}}