{"id":690755,"date":"2024-08-16T23:16:01","date_gmt":"2024-08-16T20:16:01","guid":{"rendered":"https:\/\/nbg.eu\/product\/hammer-pin-kmr\/"},"modified":"2026-05-13T16:04:31","modified_gmt":"2026-05-13T13:04:31","slug":"hammer-pin-kmr","status":"publish","type":"product","link":"https:\/\/nbg.eu\/no\/produkt\/hammer-pin-kmr\/","title":{"rendered":"KMR Hanepinne"},"content":{"rendered":"<h2>Hammer Pin for KMR Pistols: Presisjon og p\u00e5litelighet for ditt tennskap<\/h2>\n<p>S\u00f8rg for jevn og konsistent drift av tennkretsen i KMR-pistolen din med v\u00e5r premium Hammer Pin. Laget av presisjonsslipt, herdet st\u00e5l, er denne pinnen utformet for \u00e5 fungere som den prim\u00e6re aksen for hammerens bevegelse, noe som garanterer p\u00e5litelig og gjentakbar hammerfallsgeometri og avtrekking.<\/p>\n<p>Med n\u00f8yaktig fabrikkdiameter for perfekt passform i KMR-rammer er v\u00e5r Hammer Pin konstruert for \u00e5 forhindre vanlige problemer som &laquo;pin walking&raquo; under hurtig ild. Den slitasjemotstandsdyktige overflatebehandlingen \u00f8ker ogs\u00e5 pinnen sin holdbarhet, noe som beskytter strukturell integritet for dine skytev\u00e5pens kritiske komponenter.<\/p>\n<p>Enten du er en ivrig konkurranseskytter eller en dedikert rekreasjonell bruker, er Hammer Pin for KMR Pistols den essensielle komponenten du trenger for \u00e5 sikre jevn og p\u00e5litelig drift av tennkretsen din. Stol p\u00e5 dens presisjonsingeni\u00f8rskap og urokkelig ytelse for \u00e5 l\u00f8fte skytteopplevelsen din til nye h\u00f8yder.<\/p>\n","protected":false},"excerpt":{"rendered":"<p>Presisjonsherdede st\u00e5lpinner sikrer stabil hammerpivot og jevn avtrekker for KMR-pistoler.<\/p>\n","protected":false},"featured_media":23691,"template":"","meta":{"_acf_changed":false},"product_brand":[11504],"product_cat":[13261],"product_tag":[],"class_list":{"0":"post-690755","1":"product","2":"type-product","3":"status-publish","4":"has-post-thumbnail","6":"product_brand-kmr-precision","7":"product_cat-kmr-deler","9":"first","10":"instock","11":"taxable","12":"shipping-taxable","13":"product-type-simple"},"acf":[],"_links":{"self":[{"href":"https:\/\/nbg.eu\/no\/wp-json\/wp\/v2\/product\/690755","targetHints":{"allow":["GET"]}}],"collection":[{"href":"https:\/\/nbg.eu\/no\/wp-json\/wp\/v2\/product"}],"about":[{"href":"https:\/\/nbg.eu\/no\/wp-json\/wp\/v2\/types\/product"}],"wp:featuredmedia":[{"embeddable":true,"href":"https:\/\/nbg.eu\/no\/wp-json\/wp\/v2\/media\/23691"}],"wp:attachment":[{"href":"https:\/\/nbg.eu\/no\/wp-json\/wp\/v2\/media?parent=690755"}],"wp:term":[{"taxonomy":"product_brand","embeddable":true,"href":"https:\/\/nbg.eu\/no\/wp-json\/wp\/v2\/product_brand?post=690755"},{"taxonomy":"product_cat","embeddable":true,"href":"https:\/\/nbg.eu\/no\/wp-json\/wp\/v2\/product_cat?post=690755"},{"taxonomy":"product_tag","embeddable":true,"href":"https:\/\/nbg.eu\/no\/wp-json\/wp\/v2\/product_tag?post=690755"}],"curies":[{"name":"wp","href":"https:\/\/api.w.org\/{rel}","templated":true}]}}