{"id":690891,"date":"2024-09-18T20:49:20","date_gmt":"2024-09-18T17:49:20","guid":{"rendered":"https:\/\/nbg.eu\/product\/holosun-1-63-riser-for-hs510c-red-dot-sight-hs-riser-510c\/"},"modified":"2026-05-13T16:02:31","modified_gmt":"2026-05-13T13:02:31","slug":"holosun-1-63-riser-for-hs510c-red-dot-sight-hs-riser-510c","status":"publish","type":"product","link":"https:\/\/nbg.eu\/no\/produkt\/holosun-1-63-riser-for-hs510c-red-dot-sight-hs-riser-510c\/","title":{"rendered":"Holosun 1.63&#8243; Riser for HS510C Red Dot Sight | HS-RISER-510C"},"content":{"rendered":"<h2>Holosun 1.63&raquo; High Riser HS-RISER-510C for HS510C<\/h2>\n<p>Hev skytteopplevelsen din med Holosun-h\u00f8ydeadapteren, spesielt designet for HS510C. Denne adapteren tilbyr en perfekt 1,63&raquo; siktelinje-h\u00f8yde, ideell for h\u00e5ndv\u00e5pen med rett kolbe der skulderplassen er justert med v\u00e5penets aksjeboks.<\/p>\n<h2>N\u00f8kkelfunksjoner:<\/h2>\n<ul>\n<li>Enkel h\u00e5ndtering og montering<\/li>\n<li>Kompakt design for optimal ytelse<\/li>\n<li>Ekstrem holdbarhet med robust duraluminiumskonstruksjon<\/li>\n<li>Repet\u00e9rbar n\u00f8yaktighet for konsistent skyting<\/li>\n<li>Lett, men robust konstruksjon<\/li>\n<\/ul>\n<h2>Tekniske spesifikasjoner:<\/h2>\n<ul>\n<li>Driftstemperatur: -30\u00b0C til 60\u00b0C<\/li>\n<li>Lagringstemperatur: -40\u00b0C til 70\u00b0C<\/li>\n<li>Dimensjoner: 80,5 x 40 x 5,5 mm<\/li>\n<li>Materiale: Aluminium<\/li>\n<li>Farge: Svart<\/li>\n<li>Vekt: 44 g<\/li>\n<\/ul>\n<p>Oppgrader Holosun HS510C med denne h\u00f8ykvalitets-adapterenheten, konstruert for presisjon og p\u00e5litelighet under ulike skytteforhold. Uavhengig av om du er en profesjonell eller entusiast, er HS-RISER-510C et perfekt tillegg for \u00e5 forbedre v\u00e5penets ytelse.<\/p>\n","protected":false},"excerpt":{"rendered":"<p>Hev opp HS510C-en din med dette holdbare 4,14 cm h\u00f8ye forh\u00f8yede monteringsbeslag.<\/p>\n","protected":false},"featured_media":64736,"template":"","meta":{"_acf_changed":false},"product_brand":[11439],"product_cat":[14923],"product_tag":[],"class_list":{"0":"post-690891","1":"product","2":"type-product","3":"status-publish","4":"has-post-thumbnail","6":"product_brand-holosun","7":"product_cat-red-dot-sights-mounts-no","9":"first","10":"instock","11":"taxable","12":"shipping-taxable","13":"purchasable","14":"product-type-simple"},"acf":[],"_links":{"self":[{"href":"https:\/\/nbg.eu\/no\/wp-json\/wp\/v2\/product\/690891","targetHints":{"allow":["GET"]}}],"collection":[{"href":"https:\/\/nbg.eu\/no\/wp-json\/wp\/v2\/product"}],"about":[{"href":"https:\/\/nbg.eu\/no\/wp-json\/wp\/v2\/types\/product"}],"wp:featuredmedia":[{"embeddable":true,"href":"https:\/\/nbg.eu\/no\/wp-json\/wp\/v2\/media\/64736"}],"wp:attachment":[{"href":"https:\/\/nbg.eu\/no\/wp-json\/wp\/v2\/media?parent=690891"}],"wp:term":[{"taxonomy":"product_brand","embeddable":true,"href":"https:\/\/nbg.eu\/no\/wp-json\/wp\/v2\/product_brand?post=690891"},{"taxonomy":"product_cat","embeddable":true,"href":"https:\/\/nbg.eu\/no\/wp-json\/wp\/v2\/product_cat?post=690891"},{"taxonomy":"product_tag","embeddable":true,"href":"https:\/\/nbg.eu\/no\/wp-json\/wp\/v2\/product_tag?post=690891"}],"curies":[{"name":"wp","href":"https:\/\/api.w.org\/{rel}","templated":true}]}}