{"id":691104,"date":"2025-03-04T21:24:07","date_gmt":"2025-03-04T18:24:07","guid":{"rendered":"https:\/\/nbg.eu\/product\/kmr-hand-stop-set-m-lok-alu-black\/"},"modified":"2026-05-13T15:56:48","modified_gmt":"2026-05-13T12:56:48","slug":"kmr-hand-stop-set-m-lok-alu-black","status":"publish","type":"product","link":"https:\/\/nbg.eu\/no\/produkt\/kmr-hand-stop-set-m-lok-alu-black\/","title":{"rendered":"KMR Hand Stop Sett M-LOK ALU Svart"},"content":{"rendered":"<h2>KMR-h\u00e5ndstoppesett (M-LOK) \u2013 aluminium, svart<\/h2>\n<p>Hev din skytteropplevelse med KMR-h\u00e5ndstoppesettet, et allsidig tilbeh\u00f8r designet for \u00e5 forbedre rekylh\u00e5ndtering, h\u00e5ndindeksering og generell v\u00e5penkontroll. Laget av lett, CNC-bearbeidet aluminium og med en matt svart eloksert overflate, integrerer dette h\u00e5ndstoppesettet s\u00f8ml\u00f8st med ditt M-LOK-kompatible skytev\u00e5pen.<\/p>\n<p>Den modul\u00e6re to-delte eller teksturerte utformingen gir et konsekvent fysisk referansepunkt for st\u00f8tteh\u00e5nden din, noe som sikrer et gjentagbart grep og hindrer h\u00e5nden din i \u00e5 gli mot l\u00f8psmunningen. Ved \u00e5 la deg &laquo;trekke&raquo; riflen inn mot skulderen gir KMR-h\u00e5ndstoppesettet betydelig flatere skyting og raskere oppf\u00f8lgingsskudd, noe som forbedrer din samlede n\u00f8yaktighet og skyteprestasjon.<\/p>\n<p>Enten du er en erfaren presisjonsmotskyting eller en ivrig hobbyst, er KMR-h\u00e5ndstoppesettet et obligatorisk oppgraderingstilbeh\u00f8r for ditt skytev\u00e5pen. Hev din skytteropplevelse og ta ferdighetene dine til nye h\u00f8yder med dette innovative og p\u00e5litelige tilbeh\u00f8ret.<\/p>\n","protected":false},"excerpt":{"rendered":"<p>KMR H\u00c5ND STOPPET SETT, M-LOK, ALU, SVART &#8211; Forbedret rekylh\u00e5ndtering og v\u00e5penkontroll.<\/p>\n","protected":false},"featured_media":236524,"template":"","meta":{"_acf_changed":false},"product_brand":[11504],"product_cat":[13261,13311,13272,13269],"product_tag":[],"class_list":{"0":"post-691104","1":"product","2":"type-product","3":"status-publish","4":"has-post-thumbnail","6":"product_brand-kmr-precision","7":"product_cat-kmr-deler","8":"product_cat-rifle","9":"product_cat-rifle-tuning","10":"product_cat-riflegrep","12":"first","13":"instock","14":"taxable","15":"shipping-taxable","16":"purchasable","17":"product-type-simple"},"acf":[],"_links":{"self":[{"href":"https:\/\/nbg.eu\/no\/wp-json\/wp\/v2\/product\/691104","targetHints":{"allow":["GET"]}}],"collection":[{"href":"https:\/\/nbg.eu\/no\/wp-json\/wp\/v2\/product"}],"about":[{"href":"https:\/\/nbg.eu\/no\/wp-json\/wp\/v2\/types\/product"}],"wp:featuredmedia":[{"embeddable":true,"href":"https:\/\/nbg.eu\/no\/wp-json\/wp\/v2\/media\/236524"}],"wp:attachment":[{"href":"https:\/\/nbg.eu\/no\/wp-json\/wp\/v2\/media?parent=691104"}],"wp:term":[{"taxonomy":"product_brand","embeddable":true,"href":"https:\/\/nbg.eu\/no\/wp-json\/wp\/v2\/product_brand?post=691104"},{"taxonomy":"product_cat","embeddable":true,"href":"https:\/\/nbg.eu\/no\/wp-json\/wp\/v2\/product_cat?post=691104"},{"taxonomy":"product_tag","embeddable":true,"href":"https:\/\/nbg.eu\/no\/wp-json\/wp\/v2\/product_tag?post=691104"}],"curies":[{"name":"wp","href":"https:\/\/api.w.org\/{rel}","templated":true}]}}