{"id":691133,"date":"2025-03-07T13:06:11","date_gmt":"2025-03-07T10:06:11","guid":{"rendered":"https:\/\/nbg.eu\/product\/kmr-or-aimpoint-acro-mounting-kit-for-l-02-w-02-steel-black\/"},"modified":"2026-05-13T16:48:14","modified_gmt":"2026-05-13T13:48:14","slug":"kmr-or-aimpoint-acro-mounting-kit-for-l-02-w-02-steel-black","status":"publish","type":"product","link":"https:\/\/nbg.eu\/no\/produkt\/kmr-or-aimpoint-acro-mounting-kit-for-l-02-w-02-steel-black\/","title":{"rendered":"KMR OR Aimpoint Acro Monteringssett for L-02, W-02 St\u00e5l Svart"},"content":{"rendered":"<h2>KMR &#8211; ELLER AIMPOINT ACRO MONTERINGSSETT FOR L-02, W-02, ST\u00c5L SORT<\/h2>\n<p>KMR Optic Ready (OR) Aimpoint ACRO Monteringssett er den ultimate l\u00f8sningen for solid optikkintegrasjon og perfekt samsynkronisering p\u00e5 dine KMR L-02 og W-02 pistoler. Presisjonsmaskinet fra h\u00f8ystyrke st\u00e5l, har dette monteringssettet et spesifikt Aimpoint ACRO fotavtrykk, en lavprofildesign og en matt sort korrosjonsbeskyttende finish for et elegant og holdbart utseende.<\/p>\n<p>St\u00e5konstruksjonen i KMR OR Aimpoint ACRO Monteringssettet sikrer nullforskyvning ved tung rekyl, og gir den mest p\u00e5litelige monteringsl\u00f8sningen for innkapslet emitterende sikter. Den presise passformen garanterer at optikken holder seg zero selv under h\u00f8y-volum konkurranse eller tjenestelige bruk, og gj\u00f8r den til det ultimale valget for KMR OR-seriens pistoler.<\/p>\n","protected":false},"excerpt":{"rendered":"<p>KMR &#8211; ELLER AIMPOINT ACRO MONTERINGSSETT FOR L-02, W-02, ST\u00c5L SVART. Solid optisk integrasjon og perfekt samsvarsinnretting for modellene L-02 og W-02. Presisjonsfremstilt av h\u00f8yfast st\u00e5l, spesifikt Aimpoint ACRO-fotavtrykk, lavprofildesign, matt svart antikorrosiv finish. Gir den mest holdbare monteringsl\u00f8sningen for innelukkede emisjonssikter; st\u00e5konstruksjonen sikrer nullforskyvning under kraftig tilbakeslag, mens den presise passformen garanterer at optikken forblir nullstilt selv under h\u00f8yvolumkonkurranse eller tjenestebruk p\u00e5 KMR OR-seriens pistoler.<\/p>\n","protected":false},"featured_media":246151,"template":"","meta":{"_acf_changed":false},"product_brand":[11504],"product_cat":[13261,13257,13293,14923],"product_tag":[],"class_list":{"0":"post-691133","1":"product","2":"type-product","3":"status-publish","4":"has-post-thumbnail","6":"product_brand-kmr-precision","7":"product_cat-kmr-deler","8":"product_cat-pistoldeler","9":"product_cat-pistolsikter","10":"product_cat-red-dot-sights-mounts-no","12":"first","13":"instock","14":"taxable","15":"shipping-taxable","16":"purchasable","17":"product-type-simple"},"acf":[],"_links":{"self":[{"href":"https:\/\/nbg.eu\/no\/wp-json\/wp\/v2\/product\/691133","targetHints":{"allow":["GET"]}}],"collection":[{"href":"https:\/\/nbg.eu\/no\/wp-json\/wp\/v2\/product"}],"about":[{"href":"https:\/\/nbg.eu\/no\/wp-json\/wp\/v2\/types\/product"}],"wp:featuredmedia":[{"embeddable":true,"href":"https:\/\/nbg.eu\/no\/wp-json\/wp\/v2\/media\/246151"}],"wp:attachment":[{"href":"https:\/\/nbg.eu\/no\/wp-json\/wp\/v2\/media?parent=691133"}],"wp:term":[{"taxonomy":"product_brand","embeddable":true,"href":"https:\/\/nbg.eu\/no\/wp-json\/wp\/v2\/product_brand?post=691133"},{"taxonomy":"product_cat","embeddable":true,"href":"https:\/\/nbg.eu\/no\/wp-json\/wp\/v2\/product_cat?post=691133"},{"taxonomy":"product_tag","embeddable":true,"href":"https:\/\/nbg.eu\/no\/wp-json\/wp\/v2\/product_tag?post=691133"}],"curies":[{"name":"wp","href":"https:\/\/api.w.org\/{rel}","templated":true}]}}