{"id":691176,"date":"2025-03-04T21:40:08","date_gmt":"2025-03-04T18:40:08","guid":{"rendered":"https:\/\/nbg.eu\/product\/kmr-qd-sling-swivel\/"},"modified":"2026-05-13T15:10:55","modified_gmt":"2026-05-13T12:10:55","slug":"kmr-qd-sling-swivel","status":"publish","type":"product","link":"https:\/\/nbg.eu\/no\/produkt\/kmr-qd-sling-swivel\/","title":{"rendered":"KMR QD Reimsvivel"},"content":{"rendered":"<h2>Rask montering, robust p\u00e5litelighet: KMR Quick Detach (QD) selersvivel<\/h2>\n<p>Konstruert for rask montering og robust p\u00e5litelighet, er KMR QD selersvivel den perfekte ledsager for ditt skytev\u00e5pen. Laget av h\u00f8ystemdrage st\u00e5l, har denne svivelen en trykknappmekanisme for utl\u00f8sning og 360 graders rotasjon, som muliggj\u00f8r n\u00e6r-umiddelbar montering eller fjerning av en sele fra enhver QD-kompatibel sokkel, enten det er M-LOK, butt eller h\u00e5ndvern.<\/p>\n<p>Utformet for \u00e5 motst\u00e5 store trekkrefter og vanskelige feltforhold, sikrer KMR QD selersvivelen at riflen din forblir sikkert hengende under dynamisk bevegelse. Den svarte overflatebehandlingen \u00f8ker ogs\u00e5 svivelens holdbarhet ytterligere, og gj\u00f8r den til et p\u00e5litelig valg for alle dine selemonterings-behov.<\/p>\n","protected":false},"excerpt":{"rendered":"<p>KMR QD SLING SVIVEL, STANDARDMODELL: Hurtig feste\/frakobling.<\/p>\n","protected":false},"featured_media":236798,"template":"","meta":{"_acf_changed":false},"product_brand":[11504],"product_cat":[13247,13272,14947],"product_tag":[],"class_list":{"0":"post-691176","1":"product","2":"type-product","3":"status-publish","4":"has-post-thumbnail","6":"product_brand-kmr-precision","7":"product_cat-baereremmer","8":"product_cat-rifle-tuning","9":"product_cat-sling-swivels-no","11":"first","12":"instock","13":"taxable","14":"shipping-taxable","15":"purchasable","16":"product-type-simple"},"acf":[],"_links":{"self":[{"href":"https:\/\/nbg.eu\/no\/wp-json\/wp\/v2\/product\/691176","targetHints":{"allow":["GET"]}}],"collection":[{"href":"https:\/\/nbg.eu\/no\/wp-json\/wp\/v2\/product"}],"about":[{"href":"https:\/\/nbg.eu\/no\/wp-json\/wp\/v2\/types\/product"}],"wp:featuredmedia":[{"embeddable":true,"href":"https:\/\/nbg.eu\/no\/wp-json\/wp\/v2\/media\/236798"}],"wp:attachment":[{"href":"https:\/\/nbg.eu\/no\/wp-json\/wp\/v2\/media?parent=691176"}],"wp:term":[{"taxonomy":"product_brand","embeddable":true,"href":"https:\/\/nbg.eu\/no\/wp-json\/wp\/v2\/product_brand?post=691176"},{"taxonomy":"product_cat","embeddable":true,"href":"https:\/\/nbg.eu\/no\/wp-json\/wp\/v2\/product_cat?post=691176"},{"taxonomy":"product_tag","embeddable":true,"href":"https:\/\/nbg.eu\/no\/wp-json\/wp\/v2\/product_tag?post=691176"}],"curies":[{"name":"wp","href":"https:\/\/api.w.org\/{rel}","templated":true}]}}