{"id":691195,"date":"2025-03-04T21:26:30","date_gmt":"2025-03-04T18:26:30","guid":{"rendered":"https:\/\/nbg.eu\/product\/kmr-rail-set-m-lok-alu\/"},"modified":"2026-05-13T16:01:26","modified_gmt":"2026-05-13T13:01:26","slug":"kmr-rail-set-m-lok-alu","status":"publish","type":"product","link":"https:\/\/nbg.eu\/no\/produkt\/kmr-rail-set-m-lok-alu\/","title":{"rendered":"KMR Picatinny Skinnesett M-LOK ALU"},"content":{"rendered":"<h2>KMR SKINNEMONTERING, M-LOK, ALUMINIUM<\/h2>\n<p>\u00d8k fleksibiliteten til h\u00e5ndvernet ditt med KMR SKINNEMONTERING, et robust og lett tilleggsfeste. Produsert av h\u00f8ykvalitets 6061-T6 aluminium ved hjelp av presisjonsfresing, tilbyr dette skinnefestet et standard Picatinny\/Mil-Std 1913-grensesnitt, som lar deg sikkert feste et bredt utvalg av taktiske tilbeh\u00f8r som lys, lasere, h\u00e5ndtak og bipoder.<\/p>\n<p>Den lavprofilerte, anodiserte svarte overflaten sikrer maksimal holdbarhet uten \u00e5 legge til un\u00f8dvendig vekt eller volum foran p\u00e5 v\u00e5penet ditt. Med det medf\u00f8lgende M-LOK-monteringsutstyret kan du enkelt integrere denne skinnemontasjen i ditt eksisterende M-LOK-h\u00e5ndvern, og skape en modular og tilpassbar plattform for dine spesifikke behov.<\/p>\n<p>Enten du ser etter \u00e5 forbedre v\u00e5penets funksjonalitet eller bare trenger en p\u00e5litelig m\u00e5te \u00e5 montere ditt yndlingstilbeh\u00f8r p\u00e5, er KMR SKINNEMONTERING, M-LOK, ALUMINIUM den perfekte l\u00f8sningen. Utviklet for ytelse og holdbarhet, vil dette tilbeh\u00f8ret hjelpe deg \u00e5 ta skyteopplevelingen din til et nytt niv\u00e5.<\/p>\n","protected":false},"excerpt":{"rendered":"<p>Modul\u00e6r M-LOK-skinnemontering i lett og holdbart aluminium med Picatinny-grensesnitt.<\/p>\n","protected":false},"featured_media":236687,"template":"","meta":{"_acf_changed":false},"product_brand":[11504],"product_cat":[13247,14960,13311,13272,13325],"product_tag":[],"class_list":{"0":"post-691195","1":"product","2":"type-product","3":"status-publish","4":"has-post-thumbnail","6":"product_brand-kmr-precision","7":"product_cat-baereremmer","8":"product_cat-m-lok-rail-systems-no","9":"product_cat-rifle","10":"product_cat-rifle-tuning","11":"product_cat-skinner","13":"first","14":"instock","15":"taxable","16":"shipping-taxable","17":"purchasable","18":"product-type-variable","19":"wvs-archive-product-wrapper"},"acf":[],"_links":{"self":[{"href":"https:\/\/nbg.eu\/no\/wp-json\/wp\/v2\/product\/691195","targetHints":{"allow":["GET"]}}],"collection":[{"href":"https:\/\/nbg.eu\/no\/wp-json\/wp\/v2\/product"}],"about":[{"href":"https:\/\/nbg.eu\/no\/wp-json\/wp\/v2\/types\/product"}],"wp:featuredmedia":[{"embeddable":true,"href":"https:\/\/nbg.eu\/no\/wp-json\/wp\/v2\/media\/236687"}],"wp:attachment":[{"href":"https:\/\/nbg.eu\/no\/wp-json\/wp\/v2\/media?parent=691195"}],"wp:term":[{"taxonomy":"product_brand","embeddable":true,"href":"https:\/\/nbg.eu\/no\/wp-json\/wp\/v2\/product_brand?post=691195"},{"taxonomy":"product_cat","embeddable":true,"href":"https:\/\/nbg.eu\/no\/wp-json\/wp\/v2\/product_cat?post=691195"},{"taxonomy":"product_tag","embeddable":true,"href":"https:\/\/nbg.eu\/no\/wp-json\/wp\/v2\/product_tag?post=691195"}],"curies":[{"name":"wp","href":"https:\/\/api.w.org\/{rel}","templated":true}]}}