{"id":692205,"date":"2024-09-16T14:52:04","date_gmt":"2024-09-16T11:52:04","guid":{"rendered":"https:\/\/nbg.eu\/product\/magazine-catch-28-kmr-l-02-umbra\/"},"modified":"2026-05-13T15:10:49","modified_gmt":"2026-05-13T12:10:49","slug":"magazine-catch-28-kmr-l-02-umbra","status":"publish","type":"product","link":"https:\/\/nbg.eu\/no\/produkt\/magazine-catch-28-kmr-l-02-umbra\/","title":{"rendered":"KMR Magasinl\u00e5s 28 L-02 UMBRA"},"content":{"rendered":"<h2>KMR Magazine Catch 28 \u2013 L-02 Umbra-utgave<\/h2>\n<p>KMR Magazine Catch 28 er en premiumkomponent, spesielt utviklet for KMR L-02 Umbra og L-seriens plattform, klar for konkurranse. Designet for hastighet og ergonomi, er denne magasinl\u00e5sen en kritisk oppgradering for skyttere som trenger \u00e5 kutte sekunder av omlastingstiden i h\u00f8yintense konkurransesituasjoner.<\/p>\n<h3>Designet for hastighet og presisjon<\/h3>\n<p>I IPSC- og USPSA-verdenen kan hastigheten p\u00e5 magasinskiftet v\u00e6re forskjellen mellom et podeplassplass og en plassering midt i feltet. &laquo;28&raquo;-betegnelsen representerer det optimaliserte overflatearealet og ekstensjonsh\u00f8yden, som gir den perfekte balansen mellom tilgjengelighet og sikkerhet. Dette lar skytteren slippe magasinet uten \u00e5 m\u00e5tte flytte grepet vesentlig, og opprettholder bedre kontroll over v\u00e5penet gjennom hele omlastingssyklusen.<\/p>\n<h3>Tekniske spesifikasjoner:<\/h3>\n<ul>\n<li><strong>CNC-bearbeidet holdbarhet:<\/strong> Laget av h\u00f8yfast st\u00e5l og aluminiumskomponenter for \u00e5 sikre skarp l\u00e5sing og lang levetid.<\/li>\n<li><strong>Utvidet ergonomi:<\/strong> Den forst\u00f8rrede spaken er strategisk plassert for enkel tilgjengelighet, selv for skyttere med mindre hender eller de som bruker hansker.<\/li>\n<li><strong>Umbra-seriens estetikk:<\/strong> Har den signaturm\u00f8rke, h\u00f8yytelsesfinnishen for \u00e5 perfekt matche det premium taktiske utseendet til KMR L-02 Umbra.<\/li>\n<li><strong>Justerbar orientering:<\/strong> Designet for enkel installasjon med fokus p\u00e5 jevn, snagfri bevegelse innen rammen.<\/li>\n<li><strong>OEM-tilpasning:<\/strong> Et ekte KMR-deler, som sikrer at magasinet holdes i n\u00f8yaktig h\u00f8yde for feilfri mating og konsekvent l\u00e5s-opp.<\/li>\n<\/ul>\n<h3>Maksimal p\u00e5litelighet under press<\/h3>\n<p>Den interne geometrien til KMR Magazine Catch 28 er presisjonsmalt for \u00e5 gi et positivt &laquo;klikk&raquo; og umiddelbar utl\u00f8sning. I motsetning til standard magasinl\u00e5ser som kan f\u00f8les dumpe eller kreve for mye kraft, gir denne enheten en taktil, mekanisk respons som gir skytteren fullstendig tillit til at magasinet er vellykket kastet ut.<\/p>\n<h3>Hovedfordeler:<\/h3>\n<ul>\n<li><strong>Raskere omlasting:<\/strong> Den forlengede og utvidede overflatearealet gj\u00f8r det intuitivt og anstrengelsesfritt \u00e5 finne utl\u00f8seren.<\/li>\n<li><strong>Sikker magasinplassering:<\/strong> Konstruert for \u00e5 holde magasinet fast p\u00e5 plass mot stressene ved rask avfyring og bevegelse.<\/li>\n<li><strong>Forbedret kontroll:<\/strong> Reduserer behovet for \u00e5 &laquo;bryte&raquo; hovedgripeposisjonen for \u00e5 n\u00e5 knappen, noe som muliggj\u00f8r raskere m\u00e5lfokus etter en omlasting.<\/li>\n<li><strong>Konkurranselovlig:<\/strong> Designet for \u00e5 oppfylle kravene i de fleste produksjons- og standarddivisionstpmuteringskategorier, samtidig som den tilbyr en betydelig ergonomisk fordel.<\/li>\n<\/ul>\n","protected":false},"excerpt":{"rendered":"<p>1100-01202-0900<\/p>\n","protected":false},"featured_media":25758,"template":"","meta":{"_acf_changed":false},"product_brand":[11504],"product_cat":[13261],"product_tag":[],"class_list":{"0":"post-692205","1":"product","2":"type-product","3":"status-publish","4":"has-post-thumbnail","6":"product_brand-kmr-precision","7":"product_cat-kmr-deler","9":"first","10":"instock","11":"taxable","12":"shipping-taxable","13":"product-type-simple"},"acf":[],"_links":{"self":[{"href":"https:\/\/nbg.eu\/no\/wp-json\/wp\/v2\/product\/692205","targetHints":{"allow":["GET"]}}],"collection":[{"href":"https:\/\/nbg.eu\/no\/wp-json\/wp\/v2\/product"}],"about":[{"href":"https:\/\/nbg.eu\/no\/wp-json\/wp\/v2\/types\/product"}],"wp:featuredmedia":[{"embeddable":true,"href":"https:\/\/nbg.eu\/no\/wp-json\/wp\/v2\/media\/25758"}],"wp:attachment":[{"href":"https:\/\/nbg.eu\/no\/wp-json\/wp\/v2\/media?parent=692205"}],"wp:term":[{"taxonomy":"product_brand","embeddable":true,"href":"https:\/\/nbg.eu\/no\/wp-json\/wp\/v2\/product_brand?post=692205"},{"taxonomy":"product_cat","embeddable":true,"href":"https:\/\/nbg.eu\/no\/wp-json\/wp\/v2\/product_cat?post=692205"},{"taxonomy":"product_tag","embeddable":true,"href":"https:\/\/nbg.eu\/no\/wp-json\/wp\/v2\/product_tag?post=692205"}],"curies":[{"name":"wp","href":"https:\/\/api.w.org\/{rel}","templated":true}]}}