{"id":692233,"date":"2024-08-17T18:04:12","date_gmt":"2024-08-17T15:04:12","guid":{"rendered":"https:\/\/nbg.eu\/product\/magazine-catch-spring-kmr\/"},"modified":"2026-05-13T16:04:49","modified_gmt":"2026-05-13T13:04:49","slug":"magazine-catch-spring-kmr","status":"publish","type":"product","link":"https:\/\/nbg.eu\/no\/produkt\/magazine-catch-spring-kmr\/","title":{"rendered":"KMR Magasinl\u00e5sfj\u00e6r"},"content":{"rendered":"<h2>Magasin Catch Spring KMR<\/h2>\n<p>Produsert med presisjon og holdbarhet i tankene, sikrer Magasin Catch Spring en sikker og p\u00e5litelig magasinutl\u00f8ser, og gir en s\u00f8ml\u00f8s og effektiv opplevelse for v\u00e5penbrukere. Den robuste konstruksjonen og p\u00e5litelige ytelsen gj\u00f8r den til et essensielt tilbeh\u00f8r for \u00e5 opprettholde funksjonaliteten og ytelsen til din V\u00e5pen KMR-plattform.<\/p>\n<p>Magasin Catch Spring KMR er et allsidig og essensielt tilbeh\u00f8r for et bredt utvalg av V\u00e5pen KMR-modeller. Designet for \u00e5 gi en sikker og p\u00e5litelig magasinl\u00e5s<\/p>\n<p>For V\u00e5pen KMR:<\/p>\n<p>KMR L-02 EMIQ<\/p>\n<p>KMR L-02 EMIQ (OR)<\/p>\n<p>KMR L-02 ORCA FRA 2024<\/p>\n<p>KMR L-02 ORCA TIL 2023<\/p>\n<p>KMR L-02 SPECTRA FRA 2024<\/p>\n<p>KMR L-02 SPECTRA TIL 2023<\/p>\n<p>KMR L-02 UMBRA (OR) SR<\/p>\n<p>KMR S-02 FRA 2024<\/p>\n<p>KMR S-02 TIL 2023<\/p>\n<p>KMR W-02 CUDA (OR)<\/p>\n<p>KMR W-02 UMBRA<\/p>\n<p>KMR W-02 UMBRA (OR)<\/p>\n","protected":false},"excerpt":{"rendered":"<p>Magasinbrekk Fj\u00e6r KMR for KMR-serien v\u00e5pen.<\/p>\n","protected":false},"featured_media":24858,"template":"","meta":{"_acf_changed":false},"product_brand":[11504],"product_cat":[13279,13261],"product_tag":[],"class_list":{"0":"post-692233","1":"product","2":"type-product","3":"status-publish","4":"has-post-thumbnail","6":"product_brand-kmr-precision","7":"product_cat-fjaerer","8":"product_cat-kmr-deler","10":"first","11":"instock","12":"taxable","13":"shipping-taxable","14":"product-type-simple"},"acf":[],"_links":{"self":[{"href":"https:\/\/nbg.eu\/no\/wp-json\/wp\/v2\/product\/692233","targetHints":{"allow":["GET"]}}],"collection":[{"href":"https:\/\/nbg.eu\/no\/wp-json\/wp\/v2\/product"}],"about":[{"href":"https:\/\/nbg.eu\/no\/wp-json\/wp\/v2\/types\/product"}],"wp:featuredmedia":[{"embeddable":true,"href":"https:\/\/nbg.eu\/no\/wp-json\/wp\/v2\/media\/24858"}],"wp:attachment":[{"href":"https:\/\/nbg.eu\/no\/wp-json\/wp\/v2\/media?parent=692233"}],"wp:term":[{"taxonomy":"product_brand","embeddable":true,"href":"https:\/\/nbg.eu\/no\/wp-json\/wp\/v2\/product_brand?post=692233"},{"taxonomy":"product_cat","embeddable":true,"href":"https:\/\/nbg.eu\/no\/wp-json\/wp\/v2\/product_cat?post=692233"},{"taxonomy":"product_tag","embeddable":true,"href":"https:\/\/nbg.eu\/no\/wp-json\/wp\/v2\/product_tag?post=692233"}],"curies":[{"name":"wp","href":"https:\/\/api.w.org\/{rel}","templated":true}]}}