{"id":692295,"date":"2025-05-21T16:01:25","date_gmt":"2025-05-21T13:01:25","guid":{"rendered":"https:\/\/nbg.eu\/product\/magazine-kmr-l-02-orca-cal-9x19-19-rnds\/"},"modified":"2026-05-13T15:09:57","modified_gmt":"2026-05-13T12:09:57","slug":"magazine-kmr-l-02-orca-cal-9x19-19-rnds","status":"publish","type":"product","link":"https:\/\/nbg.eu\/no\/produkt\/magazine-kmr-l-02-orca-cal-9x19-19-rnds\/","title":{"rendered":"KMR Magasin L-02 ORCA 9&#215;19 19 Ptr."},"content":{"rendered":"<h2>MAGASIN KMR L-02 ORCA cal. 9&#215;19 19 patroner<\/h2>\n<p>Forbedre ytelsen til din KMR L-02 ORCA-pistol med dette magasinet med h\u00f8y kapasitet. Ved \u00e5 holde 19 patroner med 9x19mm-ammunisjon sikrer det p\u00e5litelig mating og smidig drift, og blir den perfekte f\u00f8lgesvennen for ditt h\u00e5ndv\u00e5pen. Kompatibel med KMR L-02 EMIQ og EMIQ (OR)-modellene, er dette magasinet et must-have for de som s\u00f8ker \u00f8kt kapasitet og forbedret funksjonalitet.<\/p>\n<p>Delenummer: 1152-02402-0001<\/p>\n<p>Kompatibel med:<\/p>\n<ul>\n<li>KMR L-02 EMIQ<\/li>\n<li>KMR L-02 EMIQ (OR)<\/li>\n<li>KMR L-02 ORCA TIL 2023<\/li>\n<\/ul>\n","protected":false},"excerpt":{"rendered":"<p>Magasin med h\u00f8y kapasitet p\u00e5 19 skudd for KMR L-02 ORCA 9&#215;19 pistoler. P\u00e5litelig mating og smidig funksjon.<\/p>\n","protected":false},"featured_media":365248,"template":"","meta":{"_acf_changed":false},"product_brand":[11504],"product_cat":[13261,13257],"product_tag":[],"class_list":{"0":"post-692295","1":"product","2":"type-product","3":"status-publish","4":"has-post-thumbnail","6":"product_brand-kmr-precision","7":"product_cat-kmr-deler","8":"product_cat-pistoldeler","10":"first","11":"instock","12":"taxable","13":"shipping-taxable","14":"product-type-simple"},"acf":[],"_links":{"self":[{"href":"https:\/\/nbg.eu\/no\/wp-json\/wp\/v2\/product\/692295","targetHints":{"allow":["GET"]}}],"collection":[{"href":"https:\/\/nbg.eu\/no\/wp-json\/wp\/v2\/product"}],"about":[{"href":"https:\/\/nbg.eu\/no\/wp-json\/wp\/v2\/types\/product"}],"wp:featuredmedia":[{"embeddable":true,"href":"https:\/\/nbg.eu\/no\/wp-json\/wp\/v2\/media\/365248"}],"wp:attachment":[{"href":"https:\/\/nbg.eu\/no\/wp-json\/wp\/v2\/media?parent=692295"}],"wp:term":[{"taxonomy":"product_brand","embeddable":true,"href":"https:\/\/nbg.eu\/no\/wp-json\/wp\/v2\/product_brand?post=692295"},{"taxonomy":"product_cat","embeddable":true,"href":"https:\/\/nbg.eu\/no\/wp-json\/wp\/v2\/product_cat?post=692295"},{"taxonomy":"product_tag","embeddable":true,"href":"https:\/\/nbg.eu\/no\/wp-json\/wp\/v2\/product_tag?post=692295"}],"curies":[{"name":"wp","href":"https:\/\/api.w.org\/{rel}","templated":true}]}}