{"id":692379,"date":"2024-08-17T15:42:34","date_gmt":"2024-08-17T12:42:34","guid":{"rendered":"https:\/\/nbg.eu\/product\/magwell-kmr-l-02-alu-brass\/"},"modified":"2026-05-13T15:10:45","modified_gmt":"2026-05-13T12:10:45","slug":"magwell-kmr-l-02-alu-brass","status":"publish","type":"product","link":"https:\/\/nbg.eu\/no\/produkt\/magwell-kmr-l-02-alu-brass\/","title":{"rendered":"KMR Magwell L-02 Messing"},"content":{"rendered":"<h2>Magwell KMR L-02 Messing: Presisjonsv\u00e5penoppgradering for KMR-plattformer<\/h2>\n<p>Introduserer Magwell KMR L-02 Messing, et premium-produkt utformet for \u00e5 forbedre ytelsen og funksjonaliteten til dine v\u00e5pen som er kompatible med KMR. Laget med presisjon og oppmerksomhet p\u00e5 detaljer, denne messingkomponenten er konstruert for \u00e5 integreres s\u00f8ml\u00f8st med din KMR-plattform, og gir en elegant og holdbar oppgradering.<\/p>\n<p>Laget av h\u00f8ykvalitets messingmaterialer leverer Magwell KMR L-02 Messing eksepsjonell holdbarhet og et premium-utseende som vil l\u00f8fte utseendet p\u00e5 ditt v\u00e5pen. Dens elegante design og s\u00f8ml\u00f8se integrasjon sikrer en glatt og diskret oppgradering, slik at du kan opprettholde ytelsen og h\u00e5ndteringsegenskapene du har kommet til \u00e5 forvente fra din KMR-plattform.<\/p>\n<p>For v\u00e5pen KMR<\/p>\n<p>KMR L-02 EMIQ<\/p>\n<p>KMR L-02 EMIQ (OR)<\/p>\n<p>KMR L-02 ORCA TIL 2023<\/p>\n<p>KMR L-02 SPECTRA TIL 2023<\/p>\n<p>Referanse 0531-01101-0316<\/p>\n","protected":false},"excerpt":{"rendered":"<p>Magwell KMR L-02 Messing for V\u00e5pen KMR<\/p>\n","protected":false},"featured_media":720256,"template":"","meta":{"_acf_changed":false},"product_brand":[11504],"product_cat":[13281,14976,13257],"product_tag":[],"class_list":{"0":"post-692379","1":"product","2":"type-product","3":"status-publish","4":"has-post-thumbnail","6":"product_brand-kmr-precision","7":"product_cat-pistol","8":"product_cat-pistol-magwells-no","9":"product_cat-pistoldeler","11":"first","12":"outofstock","13":"taxable","14":"shipping-taxable","15":"product-type-simple"},"acf":[],"_links":{"self":[{"href":"https:\/\/nbg.eu\/no\/wp-json\/wp\/v2\/product\/692379","targetHints":{"allow":["GET"]}}],"collection":[{"href":"https:\/\/nbg.eu\/no\/wp-json\/wp\/v2\/product"}],"about":[{"href":"https:\/\/nbg.eu\/no\/wp-json\/wp\/v2\/types\/product"}],"wp:featuredmedia":[{"embeddable":true,"href":"https:\/\/nbg.eu\/no\/wp-json\/wp\/v2\/media\/720256"}],"wp:attachment":[{"href":"https:\/\/nbg.eu\/no\/wp-json\/wp\/v2\/media?parent=692379"}],"wp:term":[{"taxonomy":"product_brand","embeddable":true,"href":"https:\/\/nbg.eu\/no\/wp-json\/wp\/v2\/product_brand?post=692379"},{"taxonomy":"product_cat","embeddable":true,"href":"https:\/\/nbg.eu\/no\/wp-json\/wp\/v2\/product_cat?post=692379"},{"taxonomy":"product_tag","embeddable":true,"href":"https:\/\/nbg.eu\/no\/wp-json\/wp\/v2\/product_tag?post=692379"}],"curies":[{"name":"wp","href":"https:\/\/api.w.org\/{rel}","templated":true}]}}