{"id":692637,"date":"2025-03-07T13:29:53","date_gmt":"2025-03-07T10:29:53","guid":{"rendered":"https:\/\/nbg.eu\/product\/nitehog-18650-rechargeable-battery\/"},"modified":"2026-05-13T16:02:19","modified_gmt":"2026-05-13T13:02:19","slug":"nitehog-18650-rechargeable-battery","status":"publish","type":"product","link":"https:\/\/nbg.eu\/no\/produkt\/nitehog-18650-rechargeable-battery\/","title":{"rendered":"Nitehog 18650 Rechargeable Battery"},"content":{"rendered":"<h2>Nitehog 18650 oppladbart Li-ion-batteri: P\u00e5litelig str\u00f8m for varmes\u00f8kende bilder og nattsyn<\/h2>\n<p>Utl\u00f8s det fulle potensialet til dine Nitehog-varmes\u00f8kende optikk og nattsynsenheter med Nitehog 18650 oppladbart Li-ion-batteri. Med en h\u00f8y kapasitet p\u00e5 vanligvis 3500 mAh leverer dette batteriet konsistent, h\u00f8ystr\u00f8msutlading som er avgj\u00f8rende for avanserte digitale sensorer og varmekjerner.<\/p>\n<p>Designet for optimal ytelse, Nitehog 18650-batteriet har en nominell spenning p\u00e5 3,7 V og en integrert beskyttelseskrets (PCB) for \u00e5 forhindre overopplading og dyp utlading. Denne sikkerhetstiltak sikrer maksimal levetid og sikkerhet, slik at du kan stole p\u00e5 denne str\u00f8mkilden under lange jakt\u00f8kter om natten eller taktiske operasjoner.<\/p>\n<p>Enten du sporer byttet i villmarken eller gjennomf\u00f8rer skjulte operasjoner, gir Nitehog 18650 oppladbart batteri den p\u00e5litelige, h\u00f8ykapasitets str\u00f8mmen som enhetene dine krever. Opplev uavbrutt ytelse og den tilliten som kommer med et beskyttet design, noe som gj\u00f8r det til den perfekte ledsageren for Nitehog varmes\u00f8kende bilder og nattsyn-utstyr.<\/p>\n","protected":false},"excerpt":{"rendered":"<p>Nitehog 18650 oppladbart Li-ion batteri: H\u00f8ykapasitet, p\u00e5litelig str\u00f8m for termiske\/nattsynsenheter.<\/p>\n","protected":false},"featured_media":246183,"template":"","meta":{"_acf_changed":false},"product_brand":[11588],"product_cat":[13322,13262,13287,13282],"product_tag":[],"class_list":{"0":"post-692637","1":"product","2":"type-product","3":"status-publish","4":"has-post-thumbnail","6":"product_brand-nitehog","7":"product_cat-batterier","8":"product_cat-sikte","9":"product_cat-siktetilbehor","10":"product_cat-termisk","12":"first","13":"instock","14":"taxable","15":"shipping-taxable","16":"purchasable","17":"product-type-simple"},"acf":[],"_links":{"self":[{"href":"https:\/\/nbg.eu\/no\/wp-json\/wp\/v2\/product\/692637","targetHints":{"allow":["GET"]}}],"collection":[{"href":"https:\/\/nbg.eu\/no\/wp-json\/wp\/v2\/product"}],"about":[{"href":"https:\/\/nbg.eu\/no\/wp-json\/wp\/v2\/types\/product"}],"wp:featuredmedia":[{"embeddable":true,"href":"https:\/\/nbg.eu\/no\/wp-json\/wp\/v2\/media\/246183"}],"wp:attachment":[{"href":"https:\/\/nbg.eu\/no\/wp-json\/wp\/v2\/media?parent=692637"}],"wp:term":[{"taxonomy":"product_brand","embeddable":true,"href":"https:\/\/nbg.eu\/no\/wp-json\/wp\/v2\/product_brand?post=692637"},{"taxonomy":"product_cat","embeddable":true,"href":"https:\/\/nbg.eu\/no\/wp-json\/wp\/v2\/product_cat?post=692637"},{"taxonomy":"product_tag","embeddable":true,"href":"https:\/\/nbg.eu\/no\/wp-json\/wp\/v2\/product_tag?post=692637"}],"curies":[{"name":"wp","href":"https:\/\/api.w.org\/{rel}","templated":true}]}}