{"id":692989,"date":"2024-09-17T08:37:52","date_gmt":"2024-09-17T05:37:52","guid":{"rendered":"https:\/\/nbg.eu\/product\/or-cover-22-lr-screw-m3x6-iso-14580-kmr\/"},"modified":"2026-05-13T16:02:38","modified_gmt":"2026-05-13T13:02:38","slug":"or-cover-22-lr-screw-m3x6-iso-14580-kmr","status":"publish","type":"product","link":"https:\/\/nbg.eu\/no\/produkt\/or-cover-22-lr-screw-m3x6-iso-14580-kmr\/","title":{"rendered":"KMR Skrue for OR-deksel .22 LR M3x6 ISO 14580"},"content":{"rendered":"<h2>OR COVER 22 LR SKRUE M3x6 ISO 14580 KMR<\/h2>\n<p>OR COVER 22 LR SKRUE M3x6 ISO 14580 KMR er en kritisk komponent for en rekke KMR-v\u00e5pensystemer. Konstruert for \u00e5 m\u00f8te n\u00f8yaktige ISO 14580-spesifikasjoner, sikrer denne skruen en trygg og p\u00e5litelig tilkobling og opprettholder integriteten til ditt v\u00e5pensystem.<\/p>\n<p>For v\u00e5pen KMR:<\/p>\n<p>KMR S-01 LANCE (OR)<\/p>\n<p>KMR S-02 75 (OR) SR ADA<\/p>\n<p>KMR S-02 FRA 2024<\/p>\n<p>KMR S-02 SH1 (OR) SR ADA<\/p>\n<p>KMR S-02 SH2 (OR) SR ADA<\/p>\n<p>KMR S-02 TS (OR) SR ADA<\/p>\n<p>KMR S-02 INNTIL 2023<\/p>\n","protected":false},"excerpt":{"rendered":"<p>OR COVER 22 LR SKRUE M3x6 ISO 14580 KMR for KMR-serien v\u00e5pen.<\/p>\n","protected":false},"featured_media":63660,"template":"","meta":{"_acf_changed":false},"product_brand":[11504],"product_cat":[13261],"product_tag":[],"class_list":{"0":"post-692989","1":"product","2":"type-product","3":"status-publish","4":"has-post-thumbnail","6":"product_brand-kmr-precision","7":"product_cat-kmr-deler","9":"first","10":"instock","11":"taxable","12":"shipping-taxable","13":"product-type-simple"},"acf":[],"_links":{"self":[{"href":"https:\/\/nbg.eu\/no\/wp-json\/wp\/v2\/product\/692989","targetHints":{"allow":["GET"]}}],"collection":[{"href":"https:\/\/nbg.eu\/no\/wp-json\/wp\/v2\/product"}],"about":[{"href":"https:\/\/nbg.eu\/no\/wp-json\/wp\/v2\/types\/product"}],"wp:featuredmedia":[{"embeddable":true,"href":"https:\/\/nbg.eu\/no\/wp-json\/wp\/v2\/media\/63660"}],"wp:attachment":[{"href":"https:\/\/nbg.eu\/no\/wp-json\/wp\/v2\/media?parent=692989"}],"wp:term":[{"taxonomy":"product_brand","embeddable":true,"href":"https:\/\/nbg.eu\/no\/wp-json\/wp\/v2\/product_brand?post=692989"},{"taxonomy":"product_cat","embeddable":true,"href":"https:\/\/nbg.eu\/no\/wp-json\/wp\/v2\/product_cat?post=692989"},{"taxonomy":"product_tag","embeddable":true,"href":"https:\/\/nbg.eu\/no\/wp-json\/wp\/v2\/product_tag?post=692989"}],"curies":[{"name":"wp","href":"https:\/\/api.w.org\/{rel}","templated":true}]}}