{"id":693046,"date":"2024-08-18T11:11:47","date_gmt":"2024-08-18T08:11:47","guid":{"rendered":"https:\/\/nbg.eu\/product\/or-plate-screw-m4x6-din-965-kmr\/"},"modified":"2026-05-13T16:00:58","modified_gmt":"2026-05-13T13:00:58","slug":"or-plate-screw-m4x6-din-965-kmr","status":"publish","type":"product","link":"https:\/\/nbg.eu\/no\/produkt\/or-plate-screw-m4x6-din-965-kmr\/","title":{"rendered":"KMR Skrue for OR-monteringsplate M4x6 DIN 965"},"content":{"rendered":"<h2>OR Plate Screw M4X6 Din 965 KMR: Sikre v\u00e5pendetaljene dine med presisjon<\/h2>\n<p>Denne skruen er en allsidig og p\u00e5litelig festeanordning utviklet for bruk med ulike KMR-v\u00e5pendetaljer. Laget med presisjon og holdbarhet, er denne skruen den perfekte l\u00f8sningen for \u00e5 feste utstyr trygt til dine KMR-kompatible skytev\u00e5pen.<\/p>\n<p>Konstruert etter de strengeste standardene, gir denne skruen ekstraordin\u00e6r styrke og p\u00e5litelighet, og sikrer at detaljene forblir fast montert selv i de mest krevende situasjoner. Med sin M4-gjengekonfigurasjon og 6 mm lengde, gir denne skruen en sikker og presis tilpasning, slik at du kan montere utstyret ditt med full tillit.<\/p>\n<p>Enten du oppgraderer det taktiske utstyret, erstatter slitte komponenter eller bygger opp et nytt oppsett, er dette den perfekte valget for \u00e5 sikre p\u00e5litelig og trygg festing av dine KMR-kompatible detaljer.<\/p>\n<\/p>\n<p>For KMR-v\u00e5pen:<\/p>\n<\/p>\n<p>KMR L-02 EMIQ (OR)<\/p>\n<\/p>\n<p>KMR L-02 SPECTRA TIL 2023<\/p>\n<\/p>\n<p>KMR L-02 UMBRA (OR) SR<\/p>\n<\/p>\n<p>KMR W-02 CUDA (OR)<\/p>\n<\/p>\n<p>KMR W-02 UMBRA (OR)<\/p>\n","protected":false},"excerpt":{"rendered":"<p>M4x6 DIN 965 flathodeskrue for KMR L-02 EMIQ, SPECTRA, UMBRA SR, og KMR W-02 CUDA, UMBRA.<\/p>\n","protected":false},"featured_media":25365,"template":"","meta":{"_acf_changed":false},"product_brand":[11504],"product_cat":[13261],"product_tag":[],"class_list":{"0":"post-693046","1":"product","2":"type-product","3":"status-publish","4":"has-post-thumbnail","6":"product_brand-kmr-precision","7":"product_cat-kmr-deler","9":"first","10":"instock","11":"taxable","12":"shipping-taxable","13":"product-type-simple"},"acf":[],"_links":{"self":[{"href":"https:\/\/nbg.eu\/no\/wp-json\/wp\/v2\/product\/693046","targetHints":{"allow":["GET"]}}],"collection":[{"href":"https:\/\/nbg.eu\/no\/wp-json\/wp\/v2\/product"}],"about":[{"href":"https:\/\/nbg.eu\/no\/wp-json\/wp\/v2\/types\/product"}],"wp:featuredmedia":[{"embeddable":true,"href":"https:\/\/nbg.eu\/no\/wp-json\/wp\/v2\/media\/25365"}],"wp:attachment":[{"href":"https:\/\/nbg.eu\/no\/wp-json\/wp\/v2\/media?parent=693046"}],"wp:term":[{"taxonomy":"product_brand","embeddable":true,"href":"https:\/\/nbg.eu\/no\/wp-json\/wp\/v2\/product_brand?post=693046"},{"taxonomy":"product_cat","embeddable":true,"href":"https:\/\/nbg.eu\/no\/wp-json\/wp\/v2\/product_cat?post=693046"},{"taxonomy":"product_tag","embeddable":true,"href":"https:\/\/nbg.eu\/no\/wp-json\/wp\/v2\/product_tag?post=693046"}],"curies":[{"name":"wp","href":"https:\/\/api.w.org\/{rel}","templated":true}]}}