{"id":693535,"date":"2024-08-16T21:03:31","date_gmt":"2024-08-16T18:03:31","guid":{"rendered":"https:\/\/nbg.eu\/product\/rhh-leg-strap\/"},"modified":"2026-01-21T12:05:02","modified_gmt":"2026-01-21T09:05:02","slug":"rhh-leg-strap","status":"publish","type":"product","link":"https:\/\/nbg.eu\/no\/produkt\/rhh-leg-strap\/","title":{"rendered":"RHH Leg Strap"},"content":{"rendered":"<h2>RHH beinrem: Forbedret holstersstabilitet for dynamiske aktiviteter<\/h2>\n<p>RHH beinremmen er et allsidig tilbeh\u00f8r utformet for \u00e5 gi eksepsjonell stabilitet og bevegelsesreduksjon for drop-leg- eller mid-ride-hylstre under dynamiske aktiviteter. Laget av robust elastisk nylonvevd materiale og med en h\u00f8yimpakt-polymerbukle, sikrer denne justerbare remmen en sikker og komfortabel passform rundt l\u00e5ret.<\/p>\n<p>Den integrerte sklisikre gummistikkingen gir en gripende tekstur, som effektivt eliminerer &laquo;holstersvikt&raquo; som kan oppst\u00e5 under l\u00f8ping, kneling eller andre intense bevegelser. Den elastiske konstruksjonen lar remmen utvide og trekke seg sammen med bemusklene, og holder hylsteret i en konsistent posisjon for en p\u00e5litelig og uhindret trekkbevegelse.<\/p>\n<p>Enten du er en tjenesteperson, en konkurranseskytter eller en ivrig friluftsentusiast, er RHH beinremmen den perfekte l\u00f8sningen for \u00e5 holde hylsteret fast p\u00e5 plass uten \u00e5 begrense bevegelsesfrihet eller sirkulasjon. Opplevelse av forbedret holsterstabilitet og tillit til utstyret, selv i de mest krevende situasjoner.<\/p>\n","protected":false},"excerpt":{"rendered":"<p>Sikre din hylster med RHH benleppens holdbare elastiske nylon og sklisikker design.<\/p>\n","protected":false},"featured_media":0,"template":"","meta":{"_acf_changed":false},"product_brand":[11647],"product_cat":[13292],"product_tag":[],"class_list":{"0":"post-693535","1":"product","2":"type-product","3":"status-publish","5":"product_brand-rh-holsters","6":"product_cat-holstertilbehor","8":"first","9":"instock","10":"taxable","11":"shipping-taxable","12":"purchasable","13":"product-type-simple"},"acf":[],"_links":{"self":[{"href":"https:\/\/nbg.eu\/no\/wp-json\/wp\/v2\/product\/693535","targetHints":{"allow":["GET"]}}],"collection":[{"href":"https:\/\/nbg.eu\/no\/wp-json\/wp\/v2\/product"}],"about":[{"href":"https:\/\/nbg.eu\/no\/wp-json\/wp\/v2\/types\/product"}],"wp:attachment":[{"href":"https:\/\/nbg.eu\/no\/wp-json\/wp\/v2\/media?parent=693535"}],"wp:term":[{"taxonomy":"product_brand","embeddable":true,"href":"https:\/\/nbg.eu\/no\/wp-json\/wp\/v2\/product_brand?post=693535"},{"taxonomy":"product_cat","embeddable":true,"href":"https:\/\/nbg.eu\/no\/wp-json\/wp\/v2\/product_cat?post=693535"},{"taxonomy":"product_tag","embeddable":true,"href":"https:\/\/nbg.eu\/no\/wp-json\/wp\/v2\/product_tag?post=693535"}],"curies":[{"name":"wp","href":"https:\/\/api.w.org\/{rel}","templated":true}]}}