{"id":694184,"date":"2024-08-18T12:14:07","date_gmt":"2024-08-18T09:14:07","guid":{"rendered":"https:\/\/nbg.eu\/product\/safety-detent-plunger-left-kmr\/"},"modified":"2026-05-13T16:02:59","modified_gmt":"2026-05-13T13:02:59","slug":"safety-detent-plunger-left-kmr","status":"publish","type":"product","link":"https:\/\/nbg.eu\/no\/produkt\/safety-detent-plunger-left-kmr\/","title":{"rendered":"KMR Sikkerhetsfj\u00e6rbolt Venstre"},"content":{"rendered":"<h2>Sikkerhets detentplunger &#8211; Venstre KMR<\/h2>\n<p>Utviklet for bruk med en rekke KMR v\u00e5penmodeller er Sikkerhets detentplunger &#8211; Venstre KMR en viktig komponent som bidrar til \u00e5 sikre sikker og p\u00e5litelig drift av ditt v\u00e5pen. Denne plungeren spiller en avgj\u00f8rende rolle i v\u00e5penets sikkerhetsfunksjoner.<\/p>\n<p>Fremstilt med n\u00f8yaktighet og holdbarhet i tankene, s\u00f8rger Sikkerhets detentplunger &#8211; Venstre KMR for en sikker og p\u00e5litelig tilkobling og gir en f\u00f8lelse av trygghet under drift.<\/p>\n<p>For v\u00e5pen KMR<\/p>\n<p>KMR L-02 EMIQ<\/p>\n<p>KMR L-02 EMIQ (OR)<\/p>\n<p>KMR L-02 ORCA UNTIL 2023<\/p>\n<p>KMR L-02 SPECTRA UNTIL 2023<\/p>\n<p>KMR L-02 UMBRA (OR) SR<\/p>\n<p>KMR S-01 LANCE (OR)<\/p>\n<p>KMR S-02 UNTIL 2023<\/p>\n<p>KMR W-02 CUDA (OR)<\/p>\n<p>KMR W-02 UMBRA<\/p>\n<p>KMR W-02 UMBRA (OR)<\/p>\n<p>Referanse 1130-00302-0401<\/p>\n","protected":false},"excerpt":{"rendered":"<p>Sikkerhetssperreknapp &#8211; Venstre KMR for V\u00e5pen KMR, kompatibel med ulike modeller.<\/p>\n","protected":false},"featured_media":25919,"template":"","meta":{"_acf_changed":false},"product_brand":[11504],"product_cat":[13261],"product_tag":[],"class_list":{"0":"post-694184","1":"product","2":"type-product","3":"status-publish","4":"has-post-thumbnail","6":"product_brand-kmr-precision","7":"product_cat-kmr-deler","9":"first","10":"instock","11":"taxable","12":"shipping-taxable","13":"product-type-simple"},"acf":[],"_links":{"self":[{"href":"https:\/\/nbg.eu\/no\/wp-json\/wp\/v2\/product\/694184","targetHints":{"allow":["GET"]}}],"collection":[{"href":"https:\/\/nbg.eu\/no\/wp-json\/wp\/v2\/product"}],"about":[{"href":"https:\/\/nbg.eu\/no\/wp-json\/wp\/v2\/types\/product"}],"wp:featuredmedia":[{"embeddable":true,"href":"https:\/\/nbg.eu\/no\/wp-json\/wp\/v2\/media\/25919"}],"wp:attachment":[{"href":"https:\/\/nbg.eu\/no\/wp-json\/wp\/v2\/media?parent=694184"}],"wp:term":[{"taxonomy":"product_brand","embeddable":true,"href":"https:\/\/nbg.eu\/no\/wp-json\/wp\/v2\/product_brand?post=694184"},{"taxonomy":"product_cat","embeddable":true,"href":"https:\/\/nbg.eu\/no\/wp-json\/wp\/v2\/product_cat?post=694184"},{"taxonomy":"product_tag","embeddable":true,"href":"https:\/\/nbg.eu\/no\/wp-json\/wp\/v2\/product_tag?post=694184"}],"curies":[{"name":"wp","href":"https:\/\/api.w.org\/{rel}","templated":true}]}}