{"id":694272,"date":"2024-08-16T23:19:01","date_gmt":"2024-08-16T20:19:01","guid":{"rendered":"https:\/\/nbg.eu\/product\/sear-pin-kmr\/"},"modified":"2026-05-13T15:11:28","modified_gmt":"2026-05-13T12:11:28","slug":"sear-pin-kmr","status":"publish","type":"product","link":"https:\/\/nbg.eu\/no\/produkt\/sear-pin-kmr\/","title":{"rendered":"KMR Avtrekksmekanismens Pinne"},"content":{"rendered":"<h2>Sear-pin for KMR-pistoler: Presis dreiepunkt for triggerkonsistens<\/h2>\n<p>Sear-pinen for KMR-pistoler er en kritisk komponent som sikrer p\u00e5liteligheten og konsistensen til ditt skytev\u00e5pens triggemekanisme. Laget av presisjonskvernhardnet verkt\u00f8ylst\u00e5l, er denne delen produsert i henhold til strenge KMR-fabrikktoleranser og leverer eksepsjonell slitestyrke og jevn, p\u00e5litelig ytelse.<\/p>\n<p>I hjertet av sear-mekanismen fungerer Sear-pinen som den sentrale aksen, og lar sear-en bevege seg presist og konsekvent. Den sv\u00e6rt glatte overflaten og n\u00f8yaktige diameteren p\u00e5 denne komponenten er avgj\u00f8rende for \u00e5 opprettholde et skarpt, forutsigbart triggerbrekk og p\u00e5litelig reset i KMR-konkurransepistolene.<\/p>\n<p>Ved \u00e5 tilby et stabilt, h\u00f8ypresist dreiepunkt hjelper Sear-pinen med \u00e5 eliminere triggerkonsistensutfordringer som kan p\u00e5virke n\u00f8yaktighet og ytelse. Enten du er involvert i konkurranseskyting eller stoler p\u00e5 din KMR-pistol for personlig forsvar, bidrar denne essensielle delen til \u00e5 sikre et jevnt, p\u00e5litelig triggertrekk hver gang.<\/p>\n<p>Oppgrader din KMR-pistol med Sear-pinen og opplev forskjellen presisjonsingeni\u00f8rarbeid kan gj\u00f8re. Hev skytingen din med denne essensielle komponenten, designet for \u00e5 levere den ultimate triggerytelsesforbedringen.<\/p>\n","protected":false},"excerpt":{"rendered":"<p>Presisjonsforseglet sveivepunkt som gir konsistent KMR-avtrekkermostand.<\/p>\n","protected":false},"featured_media":23807,"template":"","meta":{"_acf_changed":false},"product_brand":[11504],"product_cat":[13261],"product_tag":[],"class_list":{"0":"post-694272","1":"product","2":"type-product","3":"status-publish","4":"has-post-thumbnail","6":"product_brand-kmr-precision","7":"product_cat-kmr-deler","9":"first","10":"instock","11":"taxable","12":"shipping-taxable","13":"product-type-simple"},"acf":[],"_links":{"self":[{"href":"https:\/\/nbg.eu\/no\/wp-json\/wp\/v2\/product\/694272","targetHints":{"allow":["GET"]}}],"collection":[{"href":"https:\/\/nbg.eu\/no\/wp-json\/wp\/v2\/product"}],"about":[{"href":"https:\/\/nbg.eu\/no\/wp-json\/wp\/v2\/types\/product"}],"wp:featuredmedia":[{"embeddable":true,"href":"https:\/\/nbg.eu\/no\/wp-json\/wp\/v2\/media\/23807"}],"wp:attachment":[{"href":"https:\/\/nbg.eu\/no\/wp-json\/wp\/v2\/media?parent=694272"}],"wp:term":[{"taxonomy":"product_brand","embeddable":true,"href":"https:\/\/nbg.eu\/no\/wp-json\/wp\/v2\/product_brand?post=694272"},{"taxonomy":"product_cat","embeddable":true,"href":"https:\/\/nbg.eu\/no\/wp-json\/wp\/v2\/product_cat?post=694272"},{"taxonomy":"product_tag","embeddable":true,"href":"https:\/\/nbg.eu\/no\/wp-json\/wp\/v2\/product_tag?post=694272"}],"curies":[{"name":"wp","href":"https:\/\/api.w.org\/{rel}","templated":true}]}}