{"id":694303,"date":"2024-08-18T12:10:09","date_gmt":"2024-08-18T09:10:09","guid":{"rendered":"https:\/\/nbg.eu\/product\/sear-kmr\/"},"modified":"2026-05-13T15:10:51","modified_gmt":"2026-05-13T12:10:51","slug":"sear-kmr","status":"publish","type":"product","link":"https:\/\/nbg.eu\/no\/produkt\/sear-kmr\/","title":{"rendered":"KMR Avtrekksmekanisme"},"content":{"rendered":"<h2>KMR Presisjonsmerkeskapt<\/h2>\n<p>KMR-merkeskapten er en grunnleggende intern komponent utformet for dem som krever det beste i avtrekkerytelse. Som den prim\u00e6re koblingen i tenningssystemet holder merkeskapten hammeren tilbake til det n\u00f8yaktige \u00f8yeblikket for utl\u00f8sning. Denne ekte KMR-delen er utformet for \u00e5 gi den rene, &laquo;glassstavbruddet&raquo; som har blitt varemerket for KMR-merkevaren.<\/p>\n<h3>Konkurransemessig tenning<\/h3>\n<p>Geometrien til KMR-merkeskapten er n\u00f8ye beregnet for \u00e5 minimere kr\u00f8p og overreise. Ved \u00e5 bruke h\u00f8ykarbon herdet st\u00e5l, sikrer KMR at engasjementskantene forblir skarpe og konsistente over hundretusener av sykluser. Enten du bygger et tilpasset konkurranseapparat eller gjenoppretter pistolen til fabrikknyprestasjon, er denne merkeskapten n\u00f8kkelen til et gjentakbart og sikkert avtrekk.<\/p>\n<h3>Tekniske spesifikasjoner:<\/h3>\n<ul>\n<li><strong>H\u00f8ykarbon herdet st\u00e5l:<\/strong> Smidd for ekstrem holdbarhet og motstand mot overflateforslitelse p\u00e5 engasjementspunktet.<\/li>\n<li><strong>Presisjonsmaskinfremstilt:<\/strong> Produsert med de h\u00f8yeste toleranser for \u00e5 sikre et perfekt grensesnitt med hammergruppene.<\/li>\n<li><strong>Optimalisert resetgeometri:<\/strong> Utformet for \u00e5 muliggj\u00f8re en kort, positiv tilbakestilling for raskere oppf\u00f8lgingsskudd i dynamiske skytescenarioer.<\/li>\n<li><strong>Universal KMR-tilpasning:<\/strong> Kompatibel med KMR L-02 og W-02 serierammer.<\/li>\n<\/ul>\n<h3>Hovedfordeler:<\/h3>\n<ul>\n<li><strong>Fjern avtrekkkrep:<\/strong> Gir en skarp, umiddelbar utl\u00f8sning som forbedrer n\u00f8yaktigheten ved \u00e5 redusere sjansen for \u00e5 trekke skuddet.<\/li>\n<li><strong>Forbedret sikkerhet:<\/strong> Presisjonsproduserte overflater sikrer en sikker hammerkopling, opprettholder mekanisk sikkerhet selv ved tungt bruk.<\/li>\n<li><strong>Kvalitet som kan monteres:<\/strong> Selv om gunsmith-tilpasning alltid anbefales for de fineste avtrekkene, gir denne OEM-delen det mest p\u00e5litelige grunnlaget for et profesjonelt avtrekksarbeid.<\/li>\n<\/ul>\n<p><em><strong>Merk:<\/strong> Fordi merkeskapten er en kritisk sikkerhetskomponent, anbefaler KMR at installasjon og eventuell etterf\u00f8lgende polering utf\u00f8res av en kvalifisert gunsmith for \u00e5 sikre riktig merkeskapp-til-hammer-kopling.<\/em><\/p>\n","protected":false},"excerpt":{"rendered":"<p>1110-00106-0401<\/p>\n","protected":false},"featured_media":25804,"template":"","meta":{"_acf_changed":false},"product_brand":[11504],"product_cat":[13261],"product_tag":[],"class_list":{"0":"post-694303","1":"product","2":"type-product","3":"status-publish","4":"has-post-thumbnail","6":"product_brand-kmr-precision","7":"product_cat-kmr-deler","9":"first","10":"instock","11":"taxable","12":"shipping-taxable","13":"product-type-simple"},"acf":[],"_links":{"self":[{"href":"https:\/\/nbg.eu\/no\/wp-json\/wp\/v2\/product\/694303","targetHints":{"allow":["GET"]}}],"collection":[{"href":"https:\/\/nbg.eu\/no\/wp-json\/wp\/v2\/product"}],"about":[{"href":"https:\/\/nbg.eu\/no\/wp-json\/wp\/v2\/types\/product"}],"wp:featuredmedia":[{"embeddable":true,"href":"https:\/\/nbg.eu\/no\/wp-json\/wp\/v2\/media\/25804"}],"wp:attachment":[{"href":"https:\/\/nbg.eu\/no\/wp-json\/wp\/v2\/media?parent=694303"}],"wp:term":[{"taxonomy":"product_brand","embeddable":true,"href":"https:\/\/nbg.eu\/no\/wp-json\/wp\/v2\/product_brand?post=694303"},{"taxonomy":"product_cat","embeddable":true,"href":"https:\/\/nbg.eu\/no\/wp-json\/wp\/v2\/product_cat?post=694303"},{"taxonomy":"product_tag","embeddable":true,"href":"https:\/\/nbg.eu\/no\/wp-json\/wp\/v2\/product_tag?post=694303"}],"curies":[{"name":"wp","href":"https:\/\/api.w.org\/{rel}","templated":true}]}}