{"id":694462,"date":"2024-09-16T14:36:57","date_gmt":"2024-09-16T11:36:57","guid":{"rendered":"https:\/\/nbg.eu\/product\/slide-stop-27-kmr\/"},"modified":"2026-02-02T18:40:58","modified_gmt":"2026-02-02T15:40:58","slug":"slide-stop-27-kmr","status":"publish","type":"product","link":"https:\/\/nbg.eu\/no\/produkt\/slide-stop-27-kmr\/","title":{"rendered":"Glidestopp 27 KMR"},"content":{"rendered":"<h2>SLIDE STOP 27 KMR &#8211; P\u00e5litelig v\u00e5pensikkerhet og ladetilstandsindikator<\/h2>\n<p>SLIDE STOP 27 KMR er en viktig funksjon som forbedrer sikkerheten og funksjonaliteten til ditt v\u00e5pen. N\u00e5r magasinet er tomt, l\u00e5ser v\u00e5penets l\u00e5semekanisme seg automatisk i bakre posisjon, noe som gir en klar visuell indikasjon p\u00e5 at magasinet m\u00e5 byttes.<\/p>\n<p>Denne funksjonen muliggj\u00f8r s\u00f8ml\u00f8s omlading, da skytteren enkelt kan trykke p\u00e5 l\u00e5semekanismen for \u00e5 frigj\u00f8re l\u00e5set og laste den f\u00f8rste patronen i kammeret etter at et nytt magasin er satt inn. SLIDE STOP 27 KMR fungerer som en p\u00e5litelig sikkerhetsfunksjon, som forhindrer utilsiktet avfyring inntil magasinet er riktig festet og v\u00e5penet er klart for bruk.<\/p>\n<p>Produsert med presisjon og oppmerksomhet p\u00e5 detaljer, er SLIDE STOP 27 KMR et verdifullt tillegg til ethvert v\u00e5pen og sikrer en tryggere og mer effektiv skytteopplevelse. Uavhengig av om du er en erfaren skytter eller en nybegynner, vil denne funksjonen gi deg den ro og trygghet du trenger p\u00e5 skytebanen eller i felt.<\/p>\n<p>For v\u00e5pen KMR<br \/>\nKMR L-02 SPECTRA UNTIL 2023<br \/>\nKMR W-02 CUDA (OR)<br \/>\nKMR W-02 UMBRA<br \/>\nKMR W-02 UMBRA (OR)<\/p>\n","protected":false},"excerpt":{"rendered":"<p>Glidebr\u00f8skl\u00e5s-funksjonen l\u00e5ser automatisk glidemekanismen n\u00e5r magasinet er tomt, noe som muliggj\u00f8r lading av ny ammunisjon og forhindrer utilsiktet avfyring.<\/p>\n","protected":false},"featured_media":25873,"template":"","meta":{"_acf_changed":false},"product_brand":[11504],"product_cat":[13261],"product_tag":[],"class_list":{"0":"post-694462","1":"product","2":"type-product","3":"status-publish","4":"has-post-thumbnail","6":"product_brand-kmr-precision","7":"product_cat-kmr-deler","9":"first","10":"instock","11":"taxable","12":"shipping-taxable","13":"product-type-simple"},"acf":[],"_links":{"self":[{"href":"https:\/\/nbg.eu\/no\/wp-json\/wp\/v2\/product\/694462","targetHints":{"allow":["GET"]}}],"collection":[{"href":"https:\/\/nbg.eu\/no\/wp-json\/wp\/v2\/product"}],"about":[{"href":"https:\/\/nbg.eu\/no\/wp-json\/wp\/v2\/types\/product"}],"wp:featuredmedia":[{"embeddable":true,"href":"https:\/\/nbg.eu\/no\/wp-json\/wp\/v2\/media\/25873"}],"wp:attachment":[{"href":"https:\/\/nbg.eu\/no\/wp-json\/wp\/v2\/media?parent=694462"}],"wp:term":[{"taxonomy":"product_brand","embeddable":true,"href":"https:\/\/nbg.eu\/no\/wp-json\/wp\/v2\/product_brand?post=694462"},{"taxonomy":"product_cat","embeddable":true,"href":"https:\/\/nbg.eu\/no\/wp-json\/wp\/v2\/product_cat?post=694462"},{"taxonomy":"product_tag","embeddable":true,"href":"https:\/\/nbg.eu\/no\/wp-json\/wp\/v2\/product_tag?post=694462"}],"curies":[{"name":"wp","href":"https:\/\/api.w.org\/{rel}","templated":true}]}}