{"id":694526,"date":"2024-08-18T12:10:35","date_gmt":"2024-08-18T09:10:35","guid":{"rendered":"https:\/\/nbg.eu\/product\/slide-stop-26-recessed-kmr\/"},"modified":"2026-05-13T16:02:08","modified_gmt":"2026-05-13T13:02:08","slug":"slide-stop-26-recessed-kmr","status":"publish","type":"product","link":"https:\/\/nbg.eu\/no\/produkt\/slide-stop-26-recessed-kmr\/","title":{"rendered":"KMR Sluttstykkel\u00e5s 26 Forsenkede"},"content":{"rendered":"<h2>SLIDE STOPP 26 INNEBYGD KMR<\/h2>\n<p>Slide stoppet er utformet for \u00e5 v\u00e6re lett tilgjengelig og enkel \u00e5 betjene under skyting og magasinbytte.<\/p>\n<p>Brukes til \u00e5 sikre glidemekanismen i bakre stilling, vanligvis etter at magasinet er tomt. Denne funksjonen finnes i de fleste moderne selvladende pistoler.<\/p>\n<p>Sperring av glidemekanismen i bakre stilling &#8211; n\u00e5r magasinet er tomt, l\u00e5ser glidesperren automatisk glidemekanismen i bakre stilling og varsler skytteren om at magasinet m\u00e5 byttes.<\/p>\n<p>Muliggj\u00f8r innlasting av ny ammunisjon &#8211; n\u00e5r et nytt magasin er lastet, vil skytteren vanligvis trykke ned l\u00e5seklaffen, slik at glidemekanismen kan bevege seg fremover for \u00e5 lade f\u00f8rste patron i kammeret.<\/p>\n<p>Sikkerhetsfunksjon &#8211; Glidesperren kan ogs\u00e5 v\u00e6re en sikkerhetsfunksjon som forhindrer utilsiktet avfyring til magasinet er riktig satt inn og v\u00e5penet er klart til bruk.<\/p>\n<p>For V\u00e5pen KMR<br \/>KMR L-02 UMBRA TIL 2023<\/p>\n","protected":false},"excerpt":{"rendered":"<p>SLIDE STOP 26 RECESSED KMR er en praktisk og sikker glidestoppanordning utformet for moderne selvlastende pistoler, som letter magasinutskiftning og sikrer trygg drift.<\/p>\n","protected":false},"featured_media":25850,"template":"","meta":{"_acf_changed":false},"product_brand":[11504],"product_cat":[13261],"product_tag":[],"class_list":{"0":"post-694526","1":"product","2":"type-product","3":"status-publish","4":"has-post-thumbnail","6":"product_brand-kmr-precision","7":"product_cat-kmr-deler","9":"first","10":"instock","11":"taxable","12":"shipping-taxable","13":"product-type-simple"},"acf":[],"_links":{"self":[{"href":"https:\/\/nbg.eu\/no\/wp-json\/wp\/v2\/product\/694526","targetHints":{"allow":["GET"]}}],"collection":[{"href":"https:\/\/nbg.eu\/no\/wp-json\/wp\/v2\/product"}],"about":[{"href":"https:\/\/nbg.eu\/no\/wp-json\/wp\/v2\/types\/product"}],"wp:featuredmedia":[{"embeddable":true,"href":"https:\/\/nbg.eu\/no\/wp-json\/wp\/v2\/media\/25850"}],"wp:attachment":[{"href":"https:\/\/nbg.eu\/no\/wp-json\/wp\/v2\/media?parent=694526"}],"wp:term":[{"taxonomy":"product_brand","embeddable":true,"href":"https:\/\/nbg.eu\/no\/wp-json\/wp\/v2\/product_brand?post=694526"},{"taxonomy":"product_cat","embeddable":true,"href":"https:\/\/nbg.eu\/no\/wp-json\/wp\/v2\/product_cat?post=694526"},{"taxonomy":"product_tag","embeddable":true,"href":"https:\/\/nbg.eu\/no\/wp-json\/wp\/v2\/product_tag?post=694526"}],"curies":[{"name":"wp","href":"https:\/\/api.w.org\/{rel}","templated":true}]}}