{"id":694708,"date":"2024-09-18T14:03:06","date_gmt":"2024-09-18T11:03:06","guid":{"rendered":"https:\/\/nbg.eu\/product\/thumbrest-2-205-alu-black-kmr\/"},"modified":"2026-05-13T16:52:11","modified_gmt":"2026-05-13T13:52:11","slug":"thumbrest-2-205-alu-black-kmr","status":"publish","type":"product","link":"https:\/\/nbg.eu\/no\/produkt\/thumbrest-2-205-alu-black-kmr\/","title":{"rendered":"KMR Tommelst\u00f8tte 2-20.5\u00b0 ALU Svart"},"content":{"rendered":"<h2>L\u00f8ft skytteopplevelsen din med THUMBREST 2-20,5\u00b0 ALU BLACK KMR<\/h2>\n<p>THUMBREST 2-20,5\u00b0 ALU BLACK KMR er et n\u00f8dvendig tilbeh\u00f8r for skyttere som krever presis kontroll og stabilitet. Designet for bruk med KMR-v\u00e5pen, gir dette tommelfingerst\u00f8ttet et komfortabelt grep som hjelper deg med \u00e5 stabilisere v\u00e5penet ditt og forbedre skytepresisjonen.<\/p>\n<p>Laget av h\u00f8ykvalitets aluminium, har tommelfingerst\u00f8tten en 20,5 graders vinkel som passer perfekt med den naturlige posisjonen til h\u00e5nden din, noe som gir et trygt og ergonomisk grep. Dette innovative designet reduserer h\u00e5ndtretthet og gir bedre kontroll, selv under langvarige skytesesjoner.<\/p>\n<p>Egnet for bruk med KMR L-02 ORCA til og med 2023, er dette tommelfingerst\u00f8ttet en p\u00e5litelig og holdbar l\u00f8sning som kan t\u00e5le belastningene i taktiske og konkurransemessige skyttemilj\u00f8er. Med sin presise utf\u00f8relse og oppmerksomhet p\u00e5 detaljer, er THUMBREST 2-20,5\u00b0 ALU BLACK KMR et perfekt tillegg til v\u00e5penarsenalet ditt.<\/p>\n<p>Referanse 0581-00202-0101<\/p>\n","protected":false},"excerpt":{"rendered":"<p>Behagelig grep, stabiliserer pistol, bedre kontroll for KMR L-02 ORCA til 2023.<\/p>\n","protected":false},"featured_media":24206,"template":"","meta":{"_acf_changed":false},"product_brand":[11504],"product_cat":[13261],"product_tag":[],"class_list":{"0":"post-694708","1":"product","2":"type-product","3":"status-publish","4":"has-post-thumbnail","6":"product_brand-kmr-precision","7":"product_cat-kmr-deler","9":"first","10":"outofstock","11":"taxable","12":"shipping-taxable","13":"product-type-simple"},"acf":[],"_links":{"self":[{"href":"https:\/\/nbg.eu\/no\/wp-json\/wp\/v2\/product\/694708","targetHints":{"allow":["GET"]}}],"collection":[{"href":"https:\/\/nbg.eu\/no\/wp-json\/wp\/v2\/product"}],"about":[{"href":"https:\/\/nbg.eu\/no\/wp-json\/wp\/v2\/types\/product"}],"wp:featuredmedia":[{"embeddable":true,"href":"https:\/\/nbg.eu\/no\/wp-json\/wp\/v2\/media\/24206"}],"wp:attachment":[{"href":"https:\/\/nbg.eu\/no\/wp-json\/wp\/v2\/media?parent=694708"}],"wp:term":[{"taxonomy":"product_brand","embeddable":true,"href":"https:\/\/nbg.eu\/no\/wp-json\/wp\/v2\/product_brand?post=694708"},{"taxonomy":"product_cat","embeddable":true,"href":"https:\/\/nbg.eu\/no\/wp-json\/wp\/v2\/product_cat?post=694708"},{"taxonomy":"product_tag","embeddable":true,"href":"https:\/\/nbg.eu\/no\/wp-json\/wp\/v2\/product_tag?post=694708"}],"curies":[{"name":"wp","href":"https:\/\/api.w.org\/{rel}","templated":true}]}}