{"id":694860,"date":"2024-08-17T17:23:25","date_gmt":"2024-08-17T14:23:25","guid":{"rendered":"https:\/\/nbg.eu\/product\/trigger-bar-spring-kmr\/"},"modified":"2026-02-26T12:13:56","modified_gmt":"2026-02-26T09:13:56","slug":"trigger-bar-spring-kmr","status":"publish","type":"product","link":"https:\/\/nbg.eu\/no\/produkt\/trigger-bar-spring-kmr\/","title":{"rendered":"Utl\u00f8serkj\u00f8restang fj\u00e6r KMR"},"content":{"rendered":"<h2>Utl\u00f8serfj\u00e6r KMR for v\u00e5pen KMR<\/h2>\n<p>Utviklet med presisjon og holdbarhet, denne fj\u00e6ren sikrer jevn og p\u00e5litelig utl\u00f8serfunksjon for disse avanserte v\u00e5pensystemene. Dens robuste konstruksjon og n\u00f8yaktige design leverer konsistent ytelse, selv i de mest krevende milj\u00f8er.<\/p>\n<p>Enten du er en profesjonell skytter eller en passjonert entusiast, er denne delen en viktig reservedel for \u00e5 opprettholde optimal funksjonalitet i dine KMR-v\u00e5pen. Invester i denne h\u00f8ykvalitetskomponenten for \u00e5 holde v\u00e5pnene dine p\u00e5 topp ytelse.<\/p>\n<p>For v\u00e5pen KMR:<\/p>\n<p>KMR L-02 SPECTRA FRA 2024<\/p>\n<p>KMR L-02 SPECTRA TIL 2023<\/p>\n<p>KMR L-02 UMBRA (OR) SR<\/p>\n<p>KMR S-01 LANCE (OR)<\/p>\n<p>KMR S-02 FRA 2024<\/p>\n<p>KMR S-02 TIL 2023<\/p>\n<p>KMR W-02 CUDA (OR)<\/p>\n<p>KMR W-02 UMBRA<\/p>\n<p>KMR W-02 UMBRA (OR)<\/p>\n","protected":false},"excerpt":{"rendered":"<p>Utl\u00f8serb\u00e5refj\u00e6r for KMR-modeller.<\/p>\n","protected":false},"featured_media":24645,"template":"","meta":{"_acf_changed":false},"product_brand":[11504],"product_cat":[13279,13261],"product_tag":[],"class_list":{"0":"post-694860","1":"product","2":"type-product","3":"status-publish","4":"has-post-thumbnail","6":"product_brand-kmr-precision","7":"product_cat-fjaerer","8":"product_cat-kmr-deler","10":"first","11":"instock","12":"taxable","13":"shipping-taxable","14":"product-type-simple"},"acf":[],"_links":{"self":[{"href":"https:\/\/nbg.eu\/no\/wp-json\/wp\/v2\/product\/694860","targetHints":{"allow":["GET"]}}],"collection":[{"href":"https:\/\/nbg.eu\/no\/wp-json\/wp\/v2\/product"}],"about":[{"href":"https:\/\/nbg.eu\/no\/wp-json\/wp\/v2\/types\/product"}],"wp:featuredmedia":[{"embeddable":true,"href":"https:\/\/nbg.eu\/no\/wp-json\/wp\/v2\/media\/24645"}],"wp:attachment":[{"href":"https:\/\/nbg.eu\/no\/wp-json\/wp\/v2\/media?parent=694860"}],"wp:term":[{"taxonomy":"product_brand","embeddable":true,"href":"https:\/\/nbg.eu\/no\/wp-json\/wp\/v2\/product_brand?post=694860"},{"taxonomy":"product_cat","embeddable":true,"href":"https:\/\/nbg.eu\/no\/wp-json\/wp\/v2\/product_cat?post=694860"},{"taxonomy":"product_tag","embeddable":true,"href":"https:\/\/nbg.eu\/no\/wp-json\/wp\/v2\/product_tag?post=694860"}],"curies":[{"name":"wp","href":"https:\/\/api.w.org\/{rel}","templated":true}]}}