{"id":694885,"date":"2025-03-09T15:43:31","date_gmt":"2025-03-09T12:43:31","guid":{"rendered":"https:\/\/nbg.eu\/product\/blue-force-gear-trauma-kit-now-medium-medical-supplies\/"},"modified":"2026-05-13T16:43:14","modified_gmt":"2026-05-13T13:43:14","slug":"blue-force-gear-trauma-kit-now-medium-medical-supplies","status":"publish","type":"product","link":"https:\/\/nbg.eu\/no\/produkt\/blue-force-gear-trauma-kit-now-medium-medical-supplies\/","title":{"rendered":"Blue Force Gear Trauma Kit NOW! Medium Medical Supplies"},"content":{"rendered":"<h2>Blue Force Gear Trauma Kit NOW! (Medium)<\/h2>\n<p>F\u00e5 rask tilgang til livsviktig medisinsk utstyr med Blue Force Gear Trauma Kit NOW! (Medium). Med hurtigaksessteknikk for enkel h\u00e5ndtering er dette settet utviklet for &laquo;umiddelbar handling&raquo; ved medisinske n\u00f8dsituasjoner. Trekkh\u00e5ndtaket gj\u00f8r at hele det medisinske innsatsen kan utl\u00f8ses med \u00e9n enkelt bevegelse, slik at kritiske forsyninger som strammebandasjer, brystforseglinger og hemostatiske midler er tilgjengelige p\u00e5 sekunder n\u00e5r hvert \u00f8yeblikk teller.<\/p>\n<p>Bygget med BLIP (Ballistic Line Integrated Pull)-h\u00e5ndteknologi, Helium Whisper-festesystem og MIL-SPEC 500D Cordura-konstruksjon, er Trauma Kit NOW! (Medium) et slitesterkt og p\u00e5litelig alternativ for dine medisinske forberedelsesform\u00e5l. Den todelte utformingen med et ytre hylster og en avtakbar indre b\u00e6rer gir fleksibilitet og organisering, slik at du alltid er klar for en n\u00f8dsituasjon.<\/p>\n","protected":false},"excerpt":{"rendered":"<p>Hurtig-tilgang traumesett med n\u00f8dvendige livreddende utstyr.<\/p>\n","protected":false},"featured_media":251688,"template":"","meta":{"_acf_changed":false},"product_brand":[11136],"product_cat":[13268],"product_tag":[],"class_list":{"0":"post-694885","1":"product","2":"type-product","3":"status-publish","4":"has-post-thumbnail","6":"product_brand-blue-force-gear","7":"product_cat-medisinsk","9":"first","10":"instock","11":"taxable","12":"shipping-taxable","13":"purchasable","14":"product-type-variable","15":"wvs-archive-product-wrapper"},"acf":[],"_links":{"self":[{"href":"https:\/\/nbg.eu\/no\/wp-json\/wp\/v2\/product\/694885","targetHints":{"allow":["GET"]}}],"collection":[{"href":"https:\/\/nbg.eu\/no\/wp-json\/wp\/v2\/product"}],"about":[{"href":"https:\/\/nbg.eu\/no\/wp-json\/wp\/v2\/types\/product"}],"wp:featuredmedia":[{"embeddable":true,"href":"https:\/\/nbg.eu\/no\/wp-json\/wp\/v2\/media\/251688"}],"wp:attachment":[{"href":"https:\/\/nbg.eu\/no\/wp-json\/wp\/v2\/media?parent=694885"}],"wp:term":[{"taxonomy":"product_brand","embeddable":true,"href":"https:\/\/nbg.eu\/no\/wp-json\/wp\/v2\/product_brand?post=694885"},{"taxonomy":"product_cat","embeddable":true,"href":"https:\/\/nbg.eu\/no\/wp-json\/wp\/v2\/product_cat?post=694885"},{"taxonomy":"product_tag","embeddable":true,"href":"https:\/\/nbg.eu\/no\/wp-json\/wp\/v2\/product_tag?post=694885"}],"curies":[{"name":"wp","href":"https:\/\/api.w.org\/{rel}","templated":true}]}}