{"id":695146,"date":"2024-08-16T23:17:10","date_gmt":"2024-08-16T20:17:10","guid":{"rendered":"https:\/\/nbg.eu\/product\/trigger-hammer-pin-kmr\/"},"modified":"2026-05-13T16:02:03","modified_gmt":"2026-05-13T13:02:03","slug":"trigger-hammer-pin-kmr","status":"publish","type":"product","link":"https:\/\/nbg.eu\/no\/produkt\/trigger-hammer-pin-kmr\/","title":{"rendered":"KMR Avtrekker &amp; Hammer Pin"},"content":{"rendered":"<h2>AVTREKKER- OG SLAGFJ\u00c6R-PIN<\/h2>\n<p>Oppgrader ytelsen p\u00e5 ditt v\u00e5pen med AVTREKKER- OG SLAGFJ\u00c6R-PINEN, en premium utskiftningskomponent designet for \u00e5 forbedre avtrekkerfunksjonen og den samlede skyteopplevelsen. Fremstilt av h\u00f8ykvalitetsmaterialer er dette pinnsettet konstruert for \u00e5 gi en jevn og konsistent avtrekkerfunksjon, og levere forbedret n\u00f8yaktighet og kontroll.<\/p>\n<p>Med sin presisjonsmaskinfremstilte design sikrer AVTREKKER- OG SLAGFJ\u00c6R-PINEN en perfekt passform i ditt v\u00e5pen, noe som minimerer spill og forbedrer avtrekkerrespons. Dens robuste konstruksjon er bygget for \u00e5 t\u00e5le belastningene ved hyppig bruk, og sikrer langsiktig p\u00e5litelighet og ytelse.<\/p>\n<p>Utformet som en plug-in-erstatning er AVTREKKER- OG SLAGFJ\u00c6R-PINEN enkel \u00e5 montere, noe som lar deg raskt og enkelt oppgradere ditt v\u00e5pen uten behov for spesialverkt\u00f8y eller omfattende modifiseringer. Enten du er en konkurranseskytter, en taktisk operat\u00f8r eller en entusiastisk hobbyst, vil dette pinnsettet l\u00f8fte dine skyteferdigheter og bringe ytelsen p\u00e5 ditt v\u00e5pen til et nytt niv\u00e5.<\/p>\n<p>For KMR-v\u00e5pen, slik som:<br \/>\nKMR L-02 EMIQ<br \/>\nKMR L-02 EMIQ (OR)<br \/>\nKMR L-02 ORCA FRA 2024<br \/>\nKMR L-02 ORCA TIL 2023<br \/>\nKMR L-02 SPECTRA FRA 2024<br \/>\nKMR L-02 SPECTRA TIL 2023<br \/>\nKMR L-02 UMBRA FRA 2024<br \/>\nKMR L-02 UMBRA TIL 2023<br \/>\nKMR S-01 LANCE (OR)<br \/>\nKMR S-02 FRA 2024<br \/>\nKMR S-02 TIL 2023<br \/>\nKMR W-02 CUDA FRA 2024<br \/>\nKMR W-02 CUDA TIL 2023<br \/>\nKMR W-02 UMBRA<br \/>\nKMR W-02 UMBRA (OR)<\/p>\n","protected":false},"excerpt":{"rendered":"<p>H\u00f8ykvalitets avtrekker- og hammerfj\u00f8l for KMR-pistoler, presisjonsfremstilt.<\/p>\n","protected":false},"featured_media":720199,"template":"","meta":{"_acf_changed":false},"product_brand":[11504],"product_cat":[13261],"product_tag":[],"class_list":{"0":"post-695146","1":"product","2":"type-product","3":"status-publish","4":"has-post-thumbnail","6":"product_brand-kmr-precision","7":"product_cat-kmr-deler","9":"first","10":"instock","11":"taxable","12":"shipping-taxable","13":"product-type-simple"},"acf":[],"_links":{"self":[{"href":"https:\/\/nbg.eu\/no\/wp-json\/wp\/v2\/product\/695146","targetHints":{"allow":["GET"]}}],"collection":[{"href":"https:\/\/nbg.eu\/no\/wp-json\/wp\/v2\/product"}],"about":[{"href":"https:\/\/nbg.eu\/no\/wp-json\/wp\/v2\/types\/product"}],"wp:featuredmedia":[{"embeddable":true,"href":"https:\/\/nbg.eu\/no\/wp-json\/wp\/v2\/media\/720199"}],"wp:attachment":[{"href":"https:\/\/nbg.eu\/no\/wp-json\/wp\/v2\/media?parent=695146"}],"wp:term":[{"taxonomy":"product_brand","embeddable":true,"href":"https:\/\/nbg.eu\/no\/wp-json\/wp\/v2\/product_brand?post=695146"},{"taxonomy":"product_cat","embeddable":true,"href":"https:\/\/nbg.eu\/no\/wp-json\/wp\/v2\/product_cat?post=695146"},{"taxonomy":"product_tag","embeddable":true,"href":"https:\/\/nbg.eu\/no\/wp-json\/wp\/v2\/product_tag?post=695146"}],"curies":[{"name":"wp","href":"https:\/\/api.w.org\/{rel}","templated":true}]}}