{"id":695195,"date":"2024-08-16T23:16:32","date_gmt":"2024-08-16T20:16:32","guid":{"rendered":"https:\/\/nbg.eu\/product\/trigger-pin-kmr\/"},"modified":"2026-05-13T16:03:22","modified_gmt":"2026-05-13T13:03:22","slug":"trigger-pin-kmr","status":"publish","type":"product","link":"https:\/\/nbg.eu\/no\/produkt\/trigger-pin-kmr\/","title":{"rendered":"KMR Avtrekkerpinne"},"content":{"rendered":"<h2>Presisjonsfriksjon for KMR-pistoler<\/h2>\n<p>Utl\u00f8s det fulle potensialet til din KMR-pistol med v\u00e5r premium utl\u00f8serfestepinne. Laget av herdet verkt\u00e5lst\u00e5l med en n\u00f8ye utformet overflatebehandling, gir denne komponenten den stabile, lavfriksjons-svingaksen som kreves for at utl\u00f8seren din skal bevege seg s\u00f8ml\u00f8st. I motsetning til originaldeler eliminerer v\u00e5r utl\u00f8serfestepinne lateral &laquo;vikling&raquo; og sikrer en konsistent, gjentakbar utl\u00f8serkraft og forhindrer slitasje p\u00e5 rammen over tusenvis av sykler.<\/p>\n<p>Konstruert for \u00e5 passe n\u00f8yaktig til KMR-toleransene, integreres v\u00e5r utl\u00f8serfestepinne s\u00f8ml\u00f8st med pistolens originale utl\u00f8sermontering. Denne h\u00f8ysterke, holdbare utformingen optimaliserer det kritiske grensesnittet mellom fingeren din og avfyringsmekanismen, noe som f\u00f8rer til forbedret presisjon, n\u00f8yaktighet og kontroll under hvert skudd.<\/p>\n<p>Enten du er en konkurranseskyter som s\u00f8ker \u00e5 finpusse oppsettet ditt, eller en rekreasjonsskyter som ser etter \u00e5 oppgradere KMR-en din, er v\u00e5r utl\u00f8serfestepinne det som mangler for \u00e5 utl\u00f8se v\u00e5penets fulle potensial. Opplev forskjellen en virkelig presis, friksjonsfri utl\u00f8sersvingakse kan gj\u00f8re for ytelse og p\u00e5litelighet.<\/p>\n","protected":false},"excerpt":{"rendered":"<p>Presisjonsvippeakse for utl\u00f8seranordningen. Presisjonsslipt herdet verkt\u00f8yst\u00e5l, ultra glatt overflatebehandling og n\u00f8yaktig passende diameter for KMR-fabrikktoleranse. Gir den stabile, lavfriksjonsaksen som kreves for at utl\u00f8seren skal rotere jevnt; den h\u00f8ysterke konstruksjonen eliminerer lateral &#8220;vobbling&#8221;, og sikrer en konsekvent, gjentakbar utl\u00f8seroperasjon og forhindrer rammesjef over tusenvis av sykluser.<\/p>\n","protected":false},"featured_media":23738,"template":"","meta":{"_acf_changed":false},"product_brand":[11504],"product_cat":[13261],"product_tag":[],"class_list":{"0":"post-695195","1":"product","2":"type-product","3":"status-publish","4":"has-post-thumbnail","6":"product_brand-kmr-precision","7":"product_cat-kmr-deler","9":"first","10":"instock","11":"taxable","12":"shipping-taxable","13":"product-type-simple"},"acf":[],"_links":{"self":[{"href":"https:\/\/nbg.eu\/no\/wp-json\/wp\/v2\/product\/695195","targetHints":{"allow":["GET"]}}],"collection":[{"href":"https:\/\/nbg.eu\/no\/wp-json\/wp\/v2\/product"}],"about":[{"href":"https:\/\/nbg.eu\/no\/wp-json\/wp\/v2\/types\/product"}],"wp:featuredmedia":[{"embeddable":true,"href":"https:\/\/nbg.eu\/no\/wp-json\/wp\/v2\/media\/23738"}],"wp:attachment":[{"href":"https:\/\/nbg.eu\/no\/wp-json\/wp\/v2\/media?parent=695195"}],"wp:term":[{"taxonomy":"product_brand","embeddable":true,"href":"https:\/\/nbg.eu\/no\/wp-json\/wp\/v2\/product_brand?post=695195"},{"taxonomy":"product_cat","embeddable":true,"href":"https:\/\/nbg.eu\/no\/wp-json\/wp\/v2\/product_cat?post=695195"},{"taxonomy":"product_tag","embeddable":true,"href":"https:\/\/nbg.eu\/no\/wp-json\/wp\/v2\/product_tag?post=695195"}],"curies":[{"name":"wp","href":"https:\/\/api.w.org\/{rel}","templated":true}]}}