{"id":695227,"date":"2024-08-17T17:20:46","date_gmt":"2024-08-17T14:20:46","guid":{"rendered":"https:\/\/nbg.eu\/product\/trigger-spring-sa-da-kmr\/"},"modified":"2026-05-13T16:03:41","modified_gmt":"2026-05-13T13:03:41","slug":"trigger-spring-sa-da-kmr","status":"publish","type":"product","link":"https:\/\/nbg.eu\/no\/produkt\/trigger-spring-sa-da-kmr\/","title":{"rendered":"KMR Avtrekkerfj\u00e6r SA\/DA"},"content":{"rendered":"<h2>Trigger Spring SA\/DA KMR: Forbedre v\u00e5penytelsen p\u00e5 flere plattformer<\/h2>\n<p>Trigger Spring SA\/DA KMR er et allsidig og p\u00e5litelig tilbeh\u00f8r designet for \u00e5 forbedre funksjonen til forskjellige v\u00e5pen i KMR-serien. Kompatibel med et bredt utvalg av modeller, denne avtrekkerfje\u00e6r-enheten sikrer s\u00f8ml\u00f8s integrasjon og forbedret ytelse for ditt v\u00e5pen.<\/p>\n<p>Enten du er en konkurranseskytter, en taktisk entusiast eller en ansvarlig v\u00e5peneier, er Trigger Spring SA\/DA KMR et must-have-tilbeh\u00f8r for \u00e5 optimalisere v\u00e5penytelsen din. Hev skyteopplevelingen din med denne p\u00e5litelige og allsidige komponenten.<\/p>\n<p>For v\u00e5pen KMR:<\/p>\n<p>KMR L-02 SPECTRA FRA 2024<\/p>\n<p>KMR L-02 SPECTRA TIL 2023<\/p>\n<p>KMR L-02 UMBRA (OR) SR<\/p>\n<p>KMR S-01 LANCE (OR)<\/p>\n<p>KMR S-02 FRA 2024<\/p>\n<p>KMR S-02 TIL 2023<\/p>\n<p>KMR W-02 CUDA (OR)<\/p>\n<p>KMR W-02 UMBRA<\/p>\n<p>KMR W-02 UMBRA (OR)<\/p>\n","protected":false},"excerpt":{"rendered":"<p>Trigger Fj\u00e6r SA\/DA KMR for KMR L-02 SPECTRA, S-01 LANCE, S-02, W-02 CUDA\/UMBRA v\u00e5pen.<\/p>\n","protected":false},"featured_media":24598,"template":"","meta":{"_acf_changed":false},"product_brand":[11504],"product_cat":[13279,13261,15038],"product_tag":[],"class_list":{"0":"post-695227","1":"product","2":"type-product","3":"status-publish","4":"has-post-thumbnail","6":"product_brand-kmr-precision","7":"product_cat-fjaerer","8":"product_cat-kmr-deler","9":"product_cat-trigger-springs-no","11":"first","12":"instock","13":"taxable","14":"shipping-taxable","15":"product-type-simple"},"acf":[],"_links":{"self":[{"href":"https:\/\/nbg.eu\/no\/wp-json\/wp\/v2\/product\/695227","targetHints":{"allow":["GET"]}}],"collection":[{"href":"https:\/\/nbg.eu\/no\/wp-json\/wp\/v2\/product"}],"about":[{"href":"https:\/\/nbg.eu\/no\/wp-json\/wp\/v2\/types\/product"}],"wp:featuredmedia":[{"embeddable":true,"href":"https:\/\/nbg.eu\/no\/wp-json\/wp\/v2\/media\/24598"}],"wp:attachment":[{"href":"https:\/\/nbg.eu\/no\/wp-json\/wp\/v2\/media?parent=695227"}],"wp:term":[{"taxonomy":"product_brand","embeddable":true,"href":"https:\/\/nbg.eu\/no\/wp-json\/wp\/v2\/product_brand?post=695227"},{"taxonomy":"product_cat","embeddable":true,"href":"https:\/\/nbg.eu\/no\/wp-json\/wp\/v2\/product_cat?post=695227"},{"taxonomy":"product_tag","embeddable":true,"href":"https:\/\/nbg.eu\/no\/wp-json\/wp\/v2\/product_tag?post=695227"}],"curies":[{"name":"wp","href":"https:\/\/api.w.org\/{rel}","templated":true}]}}