{"id":695246,"date":"2024-09-18T13:32:40","date_gmt":"2024-09-18T10:32:40","guid":{"rendered":"https:\/\/nbg.eu\/product\/trigger-spring-sa-kmr\/"},"modified":"2026-05-13T16:03:09","modified_gmt":"2026-05-13T13:03:09","slug":"trigger-spring-sa-kmr","status":"publish","type":"product","link":"https:\/\/nbg.eu\/no\/produkt\/trigger-spring-sa-kmr\/","title":{"rendered":"KMR Avtrekkerfj\u00e6r SA"},"content":{"rendered":"<h2>H\u00f8yytelses oppgradering for V\u00e5pen KMR<\/h2>\n<p>Hev ytelsen til v\u00e5pnene dine KMR med avtrekksfjederen, en presisjonsfremstilt erstatningsdel designet for s\u00f8ml\u00f8s kompatibilitet. Laget av f\u00f8rsteklasses materialer, gir denne avtrekksfjederen en myk, konsistent avtrekkstrekk for forbedret skytepresis og kontroll.<\/p>\n<p>Konstruert med n\u00f8yaktig oppmerksomhet p\u00e5 detaljer, har avtrekksfjederen en omhyggelig kalibrert fj\u00e6rspenning som sikrer et knallhardt, forutsigbart avtrekksrespons. Denne oppgraderingen fremmer forbedret avtrekkskontroll, som muliggj\u00f8r mer presis plasseringen av skudd og raskere m\u00e5lanskaffelse.<\/p>\n<p>Bygget av holdbare, h\u00f8ykvalitetsmaterialer, er avtrekksfjederen konstruert for \u00e5 t\u00e5le belastningene ved hyppig bruk.Dens robuste design og p\u00e5litelige ytelse gj\u00f8r den til en n\u00f8dvendig oppgradering for enhver som s\u00f8ker \u00e5 heve kapabilitetene til sine KMR v\u00e5pen.<\/p>\n<p>Enten du er en konkurranseskyter, en taktisk operat\u00f8r eller en rekreasjonell entusiast, er avtrekksfjederen det perfekte valget for \u00e5 forbedre ytelsen til dine KMR-v\u00e5pen. Opplev forskjellen en h\u00f8ykvalitets avtrekksfjer kan gj\u00f8re og ta skytingen din til nye h\u00f8yder.<\/p>\n","protected":false},"excerpt":{"rendered":"<p>Reserveutl\u00f8serfj\u00e6r for KMR v\u00e5penmodeller L-02 EMIQ og ORCA (til 2023).<\/p>\n","protected":false},"featured_media":24598,"template":"","meta":{"_acf_changed":false},"product_brand":[11504],"product_cat":[13279,13261,15038],"product_tag":[],"class_list":{"0":"post-695246","1":"product","2":"type-product","3":"status-publish","4":"has-post-thumbnail","6":"product_brand-kmr-precision","7":"product_cat-fjaerer","8":"product_cat-kmr-deler","9":"product_cat-trigger-springs-no","11":"first","12":"instock","13":"taxable","14":"shipping-taxable","15":"product-type-simple"},"acf":[],"_links":{"self":[{"href":"https:\/\/nbg.eu\/no\/wp-json\/wp\/v2\/product\/695246","targetHints":{"allow":["GET"]}}],"collection":[{"href":"https:\/\/nbg.eu\/no\/wp-json\/wp\/v2\/product"}],"about":[{"href":"https:\/\/nbg.eu\/no\/wp-json\/wp\/v2\/types\/product"}],"wp:featuredmedia":[{"embeddable":true,"href":"https:\/\/nbg.eu\/no\/wp-json\/wp\/v2\/media\/24598"}],"wp:attachment":[{"href":"https:\/\/nbg.eu\/no\/wp-json\/wp\/v2\/media?parent=695246"}],"wp:term":[{"taxonomy":"product_brand","embeddable":true,"href":"https:\/\/nbg.eu\/no\/wp-json\/wp\/v2\/product_brand?post=695246"},{"taxonomy":"product_cat","embeddable":true,"href":"https:\/\/nbg.eu\/no\/wp-json\/wp\/v2\/product_cat?post=695246"},{"taxonomy":"product_tag","embeddable":true,"href":"https:\/\/nbg.eu\/no\/wp-json\/wp\/v2\/product_tag?post=695246"}],"curies":[{"name":"wp","href":"https:\/\/api.w.org\/{rel}","templated":true}]}}