{"id":695277,"date":"2024-09-18T20:47:10","date_gmt":"2024-09-18T17:47:10","guid":{"rendered":"https:\/\/nbg.eu\/product\/weaver-r-n-for-benelli-argo\/"},"modified":"2026-05-13T16:03:02","modified_gmt":"2026-05-13T13:03:02","slug":"weaver-r-n-for-benelli-argo","status":"publish","type":"product","link":"https:\/\/nbg.eu\/no\/produkt\/weaver-r-n-for-benelli-argo\/","title":{"rendered":"Weaver R\/N for Benelli ARGO"},"content":{"rendered":"<h2>Weaver-skinne for Benelli ARGO (R\/N): Solid festing for optikk p\u00e5 din Benelli ARGO<\/h2>\n<p>Forbedre ytelsen til din Benelli ARGO med Weaver-skinnen for Benelli ARGO (R\/N). Maskinert fra h\u00f8ystyrkest\u00e5l og med en Weaver\/Picatinny-standard, er denne skinnen designet for \u00e5 gi en solid og rystelsesbestandig base for montering av kikkertsikte, r\u00f8dpunktsikte og annet optisk utstyr.<\/p>\n<p>Den &laquo;R\/N&raquo; (avrundet\/negativ) radiusen p\u00e5 skinnen passer perfekt med kurvaturen p\u00e5 Benelli ARGO-mottakeren, noe som sikrer en 100% overflate-til-overflate-passform. Denne n\u00f8ye designen forhindrer at skinnen forskyves eller l\u00f8sner, selv under hurtig-skyte-syklusen til magnum-kaliber.<\/p>\n<p>Med en matt svart finish, blender Weaver-skinnen for Benelli ARGO (R\/N) perfekt med estetikken til din rifle, samtidig som den leverer stabiliteten og p\u00e5liteligheten du trenger for presis, langdistanseskytting. Hev ytelsen til din Benelli ARGO og ta skytteopplevelsen din til nye h\u00f8yder med denne kvalitetsskinna fra Weaver.<\/p>\n","protected":false},"excerpt":{"rendered":"<p>Veverlejefeste for Benelli ARGO (R\/N) tilbyr h\u00f8y stabilitet for optikkmontasje p\u00e5 din halvautomatiske rifle.<\/p>\n","protected":false},"featured_media":64712,"template":"","meta":{"_acf_changed":false},"product_brand":[],"product_cat":[14909,13262],"product_tag":[],"class_list":{"0":"post-695277","1":"product","2":"type-product","3":"status-publish","4":"has-post-thumbnail","6":"product_cat-mounts-no","7":"product_cat-sikte","9":"first","10":"outofstock","11":"taxable","12":"shipping-taxable","13":"purchasable","14":"product-type-simple"},"acf":[],"_links":{"self":[{"href":"https:\/\/nbg.eu\/no\/wp-json\/wp\/v2\/product\/695277","targetHints":{"allow":["GET"]}}],"collection":[{"href":"https:\/\/nbg.eu\/no\/wp-json\/wp\/v2\/product"}],"about":[{"href":"https:\/\/nbg.eu\/no\/wp-json\/wp\/v2\/types\/product"}],"wp:featuredmedia":[{"embeddable":true,"href":"https:\/\/nbg.eu\/no\/wp-json\/wp\/v2\/media\/64712"}],"wp:attachment":[{"href":"https:\/\/nbg.eu\/no\/wp-json\/wp\/v2\/media?parent=695277"}],"wp:term":[{"taxonomy":"product_brand","embeddable":true,"href":"https:\/\/nbg.eu\/no\/wp-json\/wp\/v2\/product_brand?post=695277"},{"taxonomy":"product_cat","embeddable":true,"href":"https:\/\/nbg.eu\/no\/wp-json\/wp\/v2\/product_cat?post=695277"},{"taxonomy":"product_tag","embeddable":true,"href":"https:\/\/nbg.eu\/no\/wp-json\/wp\/v2\/product_tag?post=695277"}],"curies":[{"name":"wp","href":"https:\/\/api.w.org\/{rel}","templated":true}]}}