{"id":696296,"date":"2025-12-22T17:18:06","date_gmt":"2025-12-22T14:18:06","guid":{"rendered":"https:\/\/nbg.eu\/product\/atlas-duffel-bag\/"},"modified":"2026-04-15T14:34:06","modified_gmt":"2026-04-15T11:34:06","slug":"atlas-duffel-bag","status":"publish","type":"product","link":"https:\/\/nbg.eu\/no\/produkt\/atlas-duffel-bag\/","title":{"rendered":"Eberlestock Duffelbag Atlas"},"content":{"rendered":"<h2>The Atlas Duffel: B\u00e6re utstyret ditt med stil og enkelthet<\/h2>\n<p>The Atlas Duffel er lillebroren til v\u00e5r popul\u00e6re Hercules Duffel, og tilbyr alle de samme funksjonene som folk elsker. Med et stort hovedrom, polstrede skillevegger, seks eksterne glidel\u00e5slommer og et hard-sider bunndel under, er denne slitesterke duffle-bagen designet for \u00e5 holde utstyret ditt organisert og beskyttet.<\/p>\n<p>Sikret med l\u00e5sbare YKK-sikkerhetsglidl\u00e5ser, s\u00f8rger Atlas Duffel-en for at eiendelene dine er trygge, selv i de t\u00f8ffeste forholdene. Det medf\u00f8lgende regnvernet gir et ekstra lag beskyttelse, og beskytter utstyret ditt mot fuktighet og st\u00f8v.<\/p>\n<p>Med imponerende dimensjoner p\u00e5 29,5H x 16B x 16D, med et volum p\u00e5 5.844 c.i. \/ 95,77L og en vekt p\u00e5 12 pund 12 unser, tilbyr Atlas Duffel-en rikelig med plass til \u00e5 romme alle dine n\u00f8dvendigheter. Den 4 tommer dype bunndelen gir en praktisk plass for \u00e5 oppbevare gjenstander du raskt trenger tilgang til.<\/p>\n<p>Laget med et hard-skall bunn og brukbare hjul, er Atlas Duffel-en bygget for \u00e5 t\u00e5le p\u00e5kjenningene av reise. De interne lommene og justerbare borrel\u00e5sdeler lar deg skreddersy organiseringen etter dine spesifikke behov, og gj\u00f8r den til den perfekte ledsageren p\u00e5 dine eventyr.<\/p>\n","protected":false},"excerpt":{"rendered":"<p>Atlasduffen er en romslig og allsidig veske med et hardbundet grunnlag, polstrede skillevegger og et regnbeskyttende trekk for beskyttelse i alle v\u00e6rforhold.<\/p>\n","protected":false},"featured_media":696369,"template":"","meta":{"_acf_changed":false},"product_brand":[15155],"product_cat":[13251],"product_tag":[],"class_list":{"0":"post-696296","1":"product","2":"type-product","3":"status-publish","4":"has-post-thumbnail","6":"product_brand-eberlestock","7":"product_cat-skytebager","9":"first","10":"instock","11":"taxable","12":"shipping-taxable","13":"purchasable","14":"product-type-variable","15":"wvs-archive-product-wrapper"},"acf":[],"_links":{"self":[{"href":"https:\/\/nbg.eu\/no\/wp-json\/wp\/v2\/product\/696296","targetHints":{"allow":["GET"]}}],"collection":[{"href":"https:\/\/nbg.eu\/no\/wp-json\/wp\/v2\/product"}],"about":[{"href":"https:\/\/nbg.eu\/no\/wp-json\/wp\/v2\/types\/product"}],"wp:featuredmedia":[{"embeddable":true,"href":"https:\/\/nbg.eu\/no\/wp-json\/wp\/v2\/media\/696369"}],"wp:attachment":[{"href":"https:\/\/nbg.eu\/no\/wp-json\/wp\/v2\/media?parent=696296"}],"wp:term":[{"taxonomy":"product_brand","embeddable":true,"href":"https:\/\/nbg.eu\/no\/wp-json\/wp\/v2\/product_brand?post=696296"},{"taxonomy":"product_cat","embeddable":true,"href":"https:\/\/nbg.eu\/no\/wp-json\/wp\/v2\/product_cat?post=696296"},{"taxonomy":"product_tag","embeddable":true,"href":"https:\/\/nbg.eu\/no\/wp-json\/wp\/v2\/product_tag?post=696296"}],"curies":[{"name":"wp","href":"https:\/\/api.w.org\/{rel}","templated":true}]}}