{"id":696671,"date":"2025-12-22T15:43:37","date_gmt":"2025-12-22T12:43:37","guid":{"rendered":"https:\/\/nbg.eu\/product\/mission-assault-pack-multicam\/"},"modified":"2026-04-15T14:34:20","modified_gmt":"2026-04-15T11:34:20","slug":"mission-assault-pack-multicam","status":"publish","type":"product","link":"https:\/\/nbg.eu\/no\/produkt\/mission-assault-pack-multicam\/","title":{"rendered":"Eberlestock Stormryggsekk Mission &#8211; Multicam"},"content":{"rendered":"<h2>Misjon angrepspakke &#8211; Multicam<\/h2>\n<p>Konstruert fra grunnen av for \u00e5 v\u00e6re hjemme i stabelen, passer angrepspakken med Misjon-rammen for et str\u00f8mlinjeformet, belastningsb\u00e6rende system. Med en rekke organiseringsmuligheter, sikker og justerbar passform og rask tilgang til interi\u00f8ret, holder angrepspakken deg p\u00e5 m\u00e5let. Muligheten til ytterligere \u00e5 legge til tilbeh\u00f8r og funksjoner via Misjon EMOD-systemet \u00f8ker ytterligere denne pakkens kapasitet.<\/p>\n<p>Veier 1 lb 12 oz, er angrepspakken bygget med holdbare 500D Ripstop-materialer og har en romslig kapasitet p\u00e5 2,000 kubikkfot for \u00e5 romme ditt n\u00f8dvendige utstyr.<\/p>\n","protected":false},"excerpt":{"rendered":"<p>Allsidig, modul\u00e6r angrepspakke med organisatoriske funksjoner og EMOD-kompatibilitet.<\/p>\n","protected":false},"featured_media":696694,"template":"","meta":{"_acf_changed":false},"product_brand":[15155],"product_cat":[13255],"product_tag":[],"class_list":{"0":"post-696671","1":"product","2":"type-product","3":"status-publish","4":"has-post-thumbnail","6":"product_brand-eberlestock","7":"product_cat-ryggsekker","9":"first","10":"outofstock","11":"taxable","12":"shipping-taxable","13":"purchasable","14":"product-type-variable","15":"wvs-archive-product-wrapper"},"acf":[],"_links":{"self":[{"href":"https:\/\/nbg.eu\/no\/wp-json\/wp\/v2\/product\/696671","targetHints":{"allow":["GET"]}}],"collection":[{"href":"https:\/\/nbg.eu\/no\/wp-json\/wp\/v2\/product"}],"about":[{"href":"https:\/\/nbg.eu\/no\/wp-json\/wp\/v2\/types\/product"}],"wp:featuredmedia":[{"embeddable":true,"href":"https:\/\/nbg.eu\/no\/wp-json\/wp\/v2\/media\/696694"}],"wp:attachment":[{"href":"https:\/\/nbg.eu\/no\/wp-json\/wp\/v2\/media?parent=696671"}],"wp:term":[{"taxonomy":"product_brand","embeddable":true,"href":"https:\/\/nbg.eu\/no\/wp-json\/wp\/v2\/product_brand?post=696671"},{"taxonomy":"product_cat","embeddable":true,"href":"https:\/\/nbg.eu\/no\/wp-json\/wp\/v2\/product_cat?post=696671"},{"taxonomy":"product_tag","embeddable":true,"href":"https:\/\/nbg.eu\/no\/wp-json\/wp\/v2\/product_tag?post=696671"}],"curies":[{"name":"wp","href":"https:\/\/api.w.org\/{rel}","templated":true}]}}