{"id":696849,"date":"2025-12-22T15:47:55","date_gmt":"2025-12-22T12:47:55","guid":{"rendered":"https:\/\/nbg.eu\/product\/oppdrag-arc-multicam\/"},"modified":"2026-04-15T14:34:16","modified_gmt":"2026-04-15T11:34:16","slug":"oppdrag-arc-multicam","status":"publish","type":"product","link":"https:\/\/nbg.eu\/no\/produkt\/oppdrag-arc-multicam\/","title":{"rendered":"Eberlestock Mission ARC &#8211; Multicam"},"content":{"rendered":"<h2>Mission ARC-Multicam: Optimalisert utstyrsb\u00e6rer for operasjonell effektivitet<\/h2>\n<p>Mission Adjustable Rifle Carrier (ARC) er en funksjonell ressurs for fagfolk som m\u00e5 b\u00e6re ekstra utstyr i felten. ARC \u00f8ker den operasjonelle kapasiteten og er utformet for \u00e5 passe sammen med Mission EMOD-rammen og Mission Zipper Extension. Ved \u00e5 feste den til baksiden av Mission-rammen via MOLLE-remmer fungerer ARC som en b\u00e6rer for presisjonsv\u00e5pen, AR-plattformer og annet utstyr som er n\u00f8dvendig for oppdrag.<\/p>\n<p>Oppdrags-suksess avhenger av n\u00f8yaktig timing, n\u00f8yaktighet og effektiv utnyttelse av tilgjengelige ressurser. ARC ble bygget for \u00e5 st\u00f8tte utstyrsbehovene i ethvert milj\u00f8. Med 500D-stoff, justerbar base, MOLLE-remmer, festestropper og en forsterket Hypalon-base er Mission ARC-Multicam utformet for \u00e5 optimalisere organisering og tilgjengelighet av utstyr i felt.<\/p>\n<p>Dimensjoner: 15&#8243;H x 3&#8243;W<\/p>\n","protected":false},"excerpt":{"rendered":"<p>Misjonen ARC-Multicam er en funksjonell og justerbar rifleb\u00e6rer som festes til Misjons EMOD-rammen, og gj\u00f8r det mulig \u00e5 transportere presisjonsv\u00e5pen, AR-plattformer og utstyr som er viktig for oppdraget.<\/p>\n","protected":false},"featured_media":696874,"template":"","meta":{"_acf_changed":false},"product_brand":[15155],"product_cat":[13255],"product_tag":[],"class_list":{"0":"post-696849","1":"product","2":"type-product","3":"status-publish","4":"has-post-thumbnail","6":"product_brand-eberlestock","7":"product_cat-ryggsekker","9":"first","10":"instock","11":"taxable","12":"shipping-taxable","13":"purchasable","14":"product-type-variable","15":"wvs-archive-product-wrapper"},"acf":[],"_links":{"self":[{"href":"https:\/\/nbg.eu\/no\/wp-json\/wp\/v2\/product\/696849","targetHints":{"allow":["GET"]}}],"collection":[{"href":"https:\/\/nbg.eu\/no\/wp-json\/wp\/v2\/product"}],"about":[{"href":"https:\/\/nbg.eu\/no\/wp-json\/wp\/v2\/types\/product"}],"wp:featuredmedia":[{"embeddable":true,"href":"https:\/\/nbg.eu\/no\/wp-json\/wp\/v2\/media\/696874"}],"wp:attachment":[{"href":"https:\/\/nbg.eu\/no\/wp-json\/wp\/v2\/media?parent=696849"}],"wp:term":[{"taxonomy":"product_brand","embeddable":true,"href":"https:\/\/nbg.eu\/no\/wp-json\/wp\/v2\/product_brand?post=696849"},{"taxonomy":"product_cat","embeddable":true,"href":"https:\/\/nbg.eu\/no\/wp-json\/wp\/v2\/product_cat?post=696849"},{"taxonomy":"product_tag","embeddable":true,"href":"https:\/\/nbg.eu\/no\/wp-json\/wp\/v2\/product_tag?post=696849"}],"curies":[{"name":"wp","href":"https:\/\/api.w.org\/{rel}","templated":true}]}}