{"id":697069,"date":"2025-12-22T16:18:10","date_gmt":"2025-12-22T13:18:10","guid":{"rendered":"https:\/\/nbg.eu\/product\/mission-glidelas-utvidelse-multicam\/"},"modified":"2026-04-15T14:34:13","modified_gmt":"2026-04-15T11:34:13","slug":"mission-glidelas-utvidelse-multicam","status":"publish","type":"product","link":"https:\/\/nbg.eu\/no\/produkt\/mission-glidelas-utvidelse-multicam\/","title":{"rendered":"Eberlestock Glidelaasforlenger Mission EMOD &#8211; Multicam"},"content":{"rendered":"<h2>Mission Zipper Extension-Multicam<\/h2>\n<p>Misjon Glidel\u00e5sutvidelse kombinerer form\u00e5l og nytte for operat\u00f8ren. Glidel\u00e5sutvidelsen festes til forsiden av Mission EMOD-rammen og er konstruert for bruk med Mission ARC og en Mission-sekk for \u00e5 \u00f8ke kapasiteten og fleksibiliteten til utstyret ditt. MOLLE-vevingen og dobbeltlags 500D-laminatkonstruksjonen gir deg de n\u00f8dvendige funksjonene for effektiv kabelh\u00e5ndtering, rutebelegg av antenner og festing av tourniqueter. Mission Zipper Extension fungerer som en vital tilkobling for \u00e5 styrke ytelsen din i felten.<\/p>\n<h2>Dimensjoner<\/h2>\n<p>Dimensjoner: 15&#8243; x 3&#8243;<\/p>\n<h2>Funksjoner<\/h2>\n<ul>\n<li>500D stoff<\/li>\n<li>YKK glidel\u00e5ser<\/li>\n<li>Dobbeltlags laminat<\/li>\n<\/ul>\n","protected":false},"excerpt":{"rendered":"<p>Den Misjon Glidel\u00e5s Forlengelse-Multicam \u00f8ker utstyrskapasiteten med MOLLE-vevet stoff og 500D laminal konstruksjon for kabeladministrasjon og antennekabling.<\/p>\n","protected":false},"featured_media":697090,"template":"","meta":{"_acf_changed":false},"product_brand":[15155],"product_cat":[13255],"product_tag":[],"class_list":{"0":"post-697069","1":"product","2":"type-product","3":"status-publish","4":"has-post-thumbnail","6":"product_brand-eberlestock","7":"product_cat-ryggsekker","9":"first","10":"instock","11":"taxable","12":"shipping-taxable","13":"purchasable","14":"product-type-variable","15":"wvs-archive-product-wrapper"},"acf":[],"_links":{"self":[{"href":"https:\/\/nbg.eu\/no\/wp-json\/wp\/v2\/product\/697069","targetHints":{"allow":["GET"]}}],"collection":[{"href":"https:\/\/nbg.eu\/no\/wp-json\/wp\/v2\/product"}],"about":[{"href":"https:\/\/nbg.eu\/no\/wp-json\/wp\/v2\/types\/product"}],"wp:featuredmedia":[{"embeddable":true,"href":"https:\/\/nbg.eu\/no\/wp-json\/wp\/v2\/media\/697090"}],"wp:attachment":[{"href":"https:\/\/nbg.eu\/no\/wp-json\/wp\/v2\/media?parent=697069"}],"wp:term":[{"taxonomy":"product_brand","embeddable":true,"href":"https:\/\/nbg.eu\/no\/wp-json\/wp\/v2\/product_brand?post=697069"},{"taxonomy":"product_cat","embeddable":true,"href":"https:\/\/nbg.eu\/no\/wp-json\/wp\/v2\/product_cat?post=697069"},{"taxonomy":"product_tag","embeddable":true,"href":"https:\/\/nbg.eu\/no\/wp-json\/wp\/v2\/product_tag?post=697069"}],"curies":[{"name":"wp","href":"https:\/\/api.w.org\/{rel}","templated":true}]}}