{"id":697216,"date":"2025-12-22T16:34:07","date_gmt":"2025-12-22T13:34:07","guid":{"rendered":"https:\/\/nbg.eu\/product\/misjons-ramme-emod-multicam\/"},"modified":"2026-04-15T14:34:09","modified_gmt":"2026-04-15T11:34:09","slug":"misjons-ramme-emod-multicam","status":"publish","type":"product","link":"https:\/\/nbg.eu\/no\/produkt\/misjons-ramme-emod-multicam\/","title":{"rendered":"Eberlestock Ramme Mission EMOD &#8211; Multicam"},"content":{"rendered":"<h2>Oppdrag Ramme- EMOD -Multicam<\/h2>\n<p>Grunnlaget for Oppdrag EMOD, Oppdrag Rammen, gir et robust, modul\u00e6rt og kompakt utgangspunkt for din nye utstyrsliste. Med utallige timer brukt p\u00e5 testing og utvikling sammen med SOF-operat\u00f8rer fra alle grener, ble denne rammen utformet for \u00e5 passe og fungere s\u00f8ml\u00f8st sammen med utstyret ditt, b\u00e5de p\u00e5 og av personen din.<\/p>\n<p>Dimensjoner: 2 LB 15 OZ<\/p>\n","protected":false},"excerpt":{"rendered":"<p>Den robuste, modul\u00e6re og kompakte startplattformen for utstyret ditt, utviklet for spesialstyrker.<\/p>\n","protected":false},"featured_media":697359,"template":"","meta":{"_acf_changed":false},"product_brand":[15155],"product_cat":[13255],"product_tag":[],"class_list":{"0":"post-697216","1":"product","2":"type-product","3":"status-publish","4":"has-post-thumbnail","6":"product_brand-eberlestock","7":"product_cat-ryggsekker","9":"first","10":"instock","11":"taxable","12":"shipping-taxable","13":"purchasable","14":"product-type-variable","15":"wvs-archive-product-wrapper"},"acf":[],"_links":{"self":[{"href":"https:\/\/nbg.eu\/no\/wp-json\/wp\/v2\/product\/697216","targetHints":{"allow":["GET"]}}],"collection":[{"href":"https:\/\/nbg.eu\/no\/wp-json\/wp\/v2\/product"}],"about":[{"href":"https:\/\/nbg.eu\/no\/wp-json\/wp\/v2\/types\/product"}],"wp:featuredmedia":[{"embeddable":true,"href":"https:\/\/nbg.eu\/no\/wp-json\/wp\/v2\/media\/697359"}],"wp:attachment":[{"href":"https:\/\/nbg.eu\/no\/wp-json\/wp\/v2\/media?parent=697216"}],"wp:term":[{"taxonomy":"product_brand","embeddable":true,"href":"https:\/\/nbg.eu\/no\/wp-json\/wp\/v2\/product_brand?post=697216"},{"taxonomy":"product_cat","embeddable":true,"href":"https:\/\/nbg.eu\/no\/wp-json\/wp\/v2\/product_cat?post=697216"},{"taxonomy":"product_tag","embeddable":true,"href":"https:\/\/nbg.eu\/no\/wp-json\/wp\/v2\/product_tag?post=697216"}],"curies":[{"name":"wp","href":"https:\/\/api.w.org\/{rel}","templated":true}]}}