{"id":697528,"date":"2025-12-22T17:34:47","date_gmt":"2025-12-22T14:34:47","guid":{"rendered":"https:\/\/nbg.eu\/product\/skuddvalse-bag\/"},"modified":"2026-04-15T14:34:02","modified_gmt":"2026-04-15T11:34:02","slug":"skuddvalse-bag","status":"publish","type":"product","link":"https:\/\/nbg.eu\/no\/produkt\/skuddvalse-bag\/","title":{"rendered":"Eberlestock Skytebaneveske Bang-Bang"},"content":{"rendered":"<h2>Bang-Bang-Skuddveske<\/h2>\n<p>Bang Bang\u2122 ble utviklet som en kompakt skuddveske for \u00e5 holde alt av n\u00f8dvendig utstyr og beskytte det mot elementene. Polykarbonatbasen gj\u00f8r vesken motstandsdyktig mot v\u00e5t bakke, steiner, rusk og skuddst\u00f8v.<\/p>\n<p>Hovedrommet har justerbare, polstrede skillevegger for \u00e5 holde medisinsk utstyr, verkt\u00f8y, kamerautstyr og skyteutstyr trygt og organisert. Bunndelen p\u00e5 bunnen er perfekt for h\u00e5ndv\u00e5pen, verkt\u00f8y eller til og med en kompakt karabin.<\/p>\n<h2>Dimensjoner<\/h2>\n<p>Volum: 2062.5 c.i. \/ 33.80L<br \/>\nVekt: 4 lbs<br \/>\nDimensjoner: 10.25H x 21B x 10D<br \/>\nBunndel-spesifikasjoner 21.5&#8243; L x 9.5&#8243; B x 2&#8243; D<\/p>\n<h2>Funksjoner<\/h2>\n<ul>\n<li>Polykarbonatbunn<\/li>\n<li>Polstret, justerbart hovedrom<\/li>\n<li>Justerbar skulderrem<\/li>\n<li>Justerbare organisasjonsskillere<\/li>\n<li>Bunndel for sikker oppbevaring<\/li>\n<\/ul>\n","protected":false},"excerpt":{"rendered":"<p>Den Bang-Bang Range Bag er en kompakt og holdbar bag med en polykarbonatbase og et konfigurerbart interi\u00f8r for \u00e5 beskytte ditt uunnv\u00e6rlige utstyr.<\/p>\n","protected":false},"featured_media":697551,"template":"","meta":{"_acf_changed":false},"product_brand":[15155],"product_cat":[13251],"product_tag":[],"class_list":{"0":"post-697528","1":"product","2":"type-product","3":"status-publish","4":"has-post-thumbnail","6":"product_brand-eberlestock","7":"product_cat-skytebager","9":"first","10":"instock","11":"taxable","12":"shipping-taxable","13":"purchasable","14":"product-type-variable","15":"wvs-archive-product-wrapper"},"acf":[],"_links":{"self":[{"href":"https:\/\/nbg.eu\/no\/wp-json\/wp\/v2\/product\/697528","targetHints":{"allow":["GET"]}}],"collection":[{"href":"https:\/\/nbg.eu\/no\/wp-json\/wp\/v2\/product"}],"about":[{"href":"https:\/\/nbg.eu\/no\/wp-json\/wp\/v2\/types\/product"}],"wp:featuredmedia":[{"embeddable":true,"href":"https:\/\/nbg.eu\/no\/wp-json\/wp\/v2\/media\/697551"}],"wp:attachment":[{"href":"https:\/\/nbg.eu\/no\/wp-json\/wp\/v2\/media?parent=697528"}],"wp:term":[{"taxonomy":"product_brand","embeddable":true,"href":"https:\/\/nbg.eu\/no\/wp-json\/wp\/v2\/product_brand?post=697528"},{"taxonomy":"product_cat","embeddable":true,"href":"https:\/\/nbg.eu\/no\/wp-json\/wp\/v2\/product_cat?post=697528"},{"taxonomy":"product_tag","embeddable":true,"href":"https:\/\/nbg.eu\/no\/wp-json\/wp\/v2\/product_tag?post=697528"}],"curies":[{"name":"wp","href":"https:\/\/api.w.org\/{rel}","templated":true}]}}