{"id":697996,"date":"2025-12-22T17:41:31","date_gmt":"2025-12-22T14:41:31","guid":{"rendered":"https:\/\/nbg.eu\/product\/oppgavesamling\/"},"modified":"2026-01-07T13:14:45","modified_gmt":"2026-01-07T10:14:45","slug":"oppgavesamling","status":"publish","type":"product","link":"https:\/\/nbg.eu\/no\/produkt\/oppgavesamling\/","title":{"rendered":"Oppgavesamling"},"content":{"rendered":"<h2>UpRanger-pakke: Revolutioner din 3-Gun og utend\u00f8rsutstyr<\/h2>\n<p>Inspirert av behovene til en mester i 3-Gun, endrer UpRanger\u2122-pakken spillet. Designet for \u00e5 kunne legges ned p\u00e5 den slitesterke polykarbonatforsiden, kan pakken \u00e5pnes fra selen-siden for rask tilgang til utstyret uten un\u00f8dvendig slitasje eller smuss. Enten du bruker den p\u00e5 skytebanen, som et robust kameravesker eller for andre utend\u00f8rsaktiviteter, har UpRanger kapasitet og funksjoner som kan h\u00e5ndtere alt.<\/p>\n<p>Med et romslig volum p\u00e5 3260 kubikkfot (53,4 L) og en vekt p\u00e5 bare 6,45 lbs, er UpRanger en sv\u00e6rt kapabel men lett sekk. Det polstrede, justerbare skuldersetelet s\u00f8rger for komfortabel b\u00e6ring, mens de konfigurbare skille-panelene lar deg tilpasse innvendige oppsett etter dine spesifikke behov. For ekstra beskyttelse er pakken kompatibel med v\u00e5rt store, reversible regnhylster som holder utstyret ditt t\u00f8rt i d\u00e5rlig v\u00e6r.<\/p>\n<p>For det ultimate 3-Gun-oppsettet kan du kombinere UpRanger med v\u00e5re Sidewinder-riflevesker for en helhetlig l\u00f8sning som holder dine skytev\u00e5pen sikre og lett tilgjengelige. De avtakbare sidepanelene gir ytterligere fleksibilitet og lar deg konfigurere pakken etter dine unike krav.<\/p>\n<p>Hev h\u00e5ndteringen av utend\u00f8rsutstyret ditt med den innovative UpRanger-pakken, designet for \u00e5 forenkle aktivitetene dine og holde det viktigste utstyret ditt organisert og beskyttet.<\/p>\n","protected":false},"excerpt":{"rendered":"<p>Allsidig 3-Gun-pakke med polykarbonatbase for rask, skitefri tilgang.<\/p>\n","protected":false},"featured_media":696441,"template":"","meta":{"_acf_changed":false},"product_brand":[15155],"product_cat":[13255],"product_tag":[],"class_list":{"0":"post-697996","1":"product","2":"type-product","3":"status-publish","4":"has-post-thumbnail","6":"product_brand-eberlestock","7":"product_cat-ryggsekker","9":"first","10":"instock","11":"taxable","12":"shipping-taxable","13":"purchasable","14":"product-type-variable","15":"wvs-archive-product-wrapper"},"acf":[],"_links":{"self":[{"href":"https:\/\/nbg.eu\/no\/wp-json\/wp\/v2\/product\/697996","targetHints":{"allow":["GET"]}}],"collection":[{"href":"https:\/\/nbg.eu\/no\/wp-json\/wp\/v2\/product"}],"about":[{"href":"https:\/\/nbg.eu\/no\/wp-json\/wp\/v2\/types\/product"}],"wp:featuredmedia":[{"embeddable":true,"href":"https:\/\/nbg.eu\/no\/wp-json\/wp\/v2\/media\/696441"}],"wp:attachment":[{"href":"https:\/\/nbg.eu\/no\/wp-json\/wp\/v2\/media?parent=697996"}],"wp:term":[{"taxonomy":"product_brand","embeddable":true,"href":"https:\/\/nbg.eu\/no\/wp-json\/wp\/v2\/product_brand?post=697996"},{"taxonomy":"product_cat","embeddable":true,"href":"https:\/\/nbg.eu\/no\/wp-json\/wp\/v2\/product_cat?post=697996"},{"taxonomy":"product_tag","embeddable":true,"href":"https:\/\/nbg.eu\/no\/wp-json\/wp\/v2\/product_tag?post=697996"}],"curies":[{"name":"wp","href":"https:\/\/api.w.org\/{rel}","templated":true}]}}