{"id":698308,"date":"2025-12-22T17:45:44","date_gmt":"2025-12-22T14:45:44","guid":{"rendered":"https:\/\/nbg.eu\/product\/jordbunn-skyting-matte\/"},"modified":"2026-04-15T14:33:58","modified_gmt":"2026-04-15T11:33:58","slug":"jordbunn-skyting-matte","status":"publish","type":"product","link":"https:\/\/nbg.eu\/no\/produkt\/jordbunn-skyting-matte\/","title":{"rendered":"Eberlestock Skyttematte Dirt Nap"},"content":{"rendered":"<h2>Dirt Nap Skytepresenning: Optimalisert for komfort og bekvemmelighet ved liggende skyting<\/h2>\n<p>Dirt Nap Skytepresenningen er n\u00f8ye utformet og prioritert for liggende skytstilling. Den forbedrer utfluktene dine med overlegen komfort og praktisk bruk, og gj\u00f8r den til et essensielt tillegg til utstyret ditt for dagen p\u00e5 skytebanen.<\/p>\n<p>Dirt Nap har individuelt polstrede celler som skaper naturlige bretter, noe som gj\u00f8r den enkel \u00e5 folde sammen og oppbevare kompakt. Med full polstring i den \u00f8vre halvdelen og nedover midten av den bakre halvdelen, gir den maksimal komfort n\u00f8yaktig der du trenger det mest.<\/p>\n<p>M\u00e5ler 94&#8243;L x 34&#8243;B og folder seg sammen til 12&#8243; x 17&#8243;, og Dirt Nap Skytepresenningen veier bare 4 lbs. 13 oz. Den slitesterke 600D PVC-belagte nylonkonstruksjonen, PVC-belagt underside og den praktiske b\u00e6reh\u00e5ndtaket gj\u00f8r den til et robust og praktisk valg for enhver skytter.<\/p>\n<p>Oppbevaringsflapsen med 20mm stropper og spenner s\u00f8rger for at Dirt Nap forblir sikkert p\u00e5 plass, mens de gjennomtenkte designfunksjonene gj\u00f8r den til et essensielt utstyrsstykke for neste dag p\u00e5 skytebanen.<\/p>\n","protected":false},"excerpt":{"rendered":"<p>Den Dirt Nap-skyttematte &#8211; utmerket designet for liggende skyting, gir overlegen komfort og praktiskhet.<\/p>\n","protected":false},"featured_media":698517,"template":"","meta":{"_acf_changed":false},"product_brand":[15155],"product_cat":[13319],"product_tag":[],"class_list":{"0":"post-698308","1":"product","2":"type-product","3":"status-publish","4":"has-post-thumbnail","6":"product_brand-eberlestock","7":"product_cat-utstyr","9":"first","10":"instock","11":"taxable","12":"shipping-taxable","13":"purchasable","14":"product-type-variable","15":"wvs-archive-product-wrapper"},"acf":[],"_links":{"self":[{"href":"https:\/\/nbg.eu\/no\/wp-json\/wp\/v2\/product\/698308","targetHints":{"allow":["GET"]}}],"collection":[{"href":"https:\/\/nbg.eu\/no\/wp-json\/wp\/v2\/product"}],"about":[{"href":"https:\/\/nbg.eu\/no\/wp-json\/wp\/v2\/types\/product"}],"wp:featuredmedia":[{"embeddable":true,"href":"https:\/\/nbg.eu\/no\/wp-json\/wp\/v2\/media\/698517"}],"wp:attachment":[{"href":"https:\/\/nbg.eu\/no\/wp-json\/wp\/v2\/media?parent=698308"}],"wp:term":[{"taxonomy":"product_brand","embeddable":true,"href":"https:\/\/nbg.eu\/no\/wp-json\/wp\/v2\/product_brand?post=698308"},{"taxonomy":"product_cat","embeddable":true,"href":"https:\/\/nbg.eu\/no\/wp-json\/wp\/v2\/product_cat?post=698308"},{"taxonomy":"product_tag","embeddable":true,"href":"https:\/\/nbg.eu\/no\/wp-json\/wp\/v2\/product_tag?post=698308"}],"curies":[{"name":"wp","href":"https:\/\/api.w.org\/{rel}","templated":true}]}}