{"id":698737,"date":"2025-12-22T17:51:28","date_gmt":"2025-12-22T14:51:28","guid":{"rendered":"https:\/\/nbg.eu\/product\/lodrag-ii-pakke\/"},"modified":"2026-04-15T14:33:55","modified_gmt":"2026-04-15T11:33:55","slug":"lodrag-ii-pakke","status":"publish","type":"product","link":"https:\/\/nbg.eu\/no\/produkt\/lodrag-ii-pakke\/","title":{"rendered":"Eberlestock Ryggsekk LoDrag II"},"content":{"rendered":"<h2>X31 LoDrag II\u2122 Tactical Pack<\/h2>\n<p>Designet for \u00e5 v\u00e6re en sv\u00e6rt funksjonell, lett taktisk ryggsekk, samt \u00e5 inkorporere et taktisk v\u00e5penskjold, har X31 LoDrag II\u2122 v\u00e6rt en institusjon i verden for presisjonsv\u00e5pen. I hovedrommet har LoDrag II en nedleggbar hylle for \u00e5 skille toppens og bunnen av lastingen og et hydrateringsfeste for v\u00e5re 2L og 3L hydreringssystemer. Sidekompresjonsstropper har HD 25mm spenne for rask frigj\u00f8ring av elementer som stativ komprimert p\u00e5 siden av sekken.<\/p>\n<h2>Dimensjoner<\/h2>\n<p>Volum: 2290 c.i. \/ 37.5L<br \/>\nVekt: 6.85 lbs<br \/>\nDimensjoner: 22.5H x 11W x 11.75D<br \/>\nSkjold Dimensjoner: 34&#8243; H x 10&#8243; W x 3D<\/p>\n<h2>Funksjoner<\/h2>\n<ul>\n<li>Taktisk v\u00e5penskjold<\/li>\n<li>Nedleggbar hylle for \u00e5 skille toppens og bunnen av lastingen<\/li>\n<li>Inkludert regnfrakk<\/li>\n<li>Hydrateringsfeste<\/li>\n<\/ul>\n","protected":false},"excerpt":{"rendered":"<p>Lett taktisk ryggsekk med v\u00e5penlengde slire, nedleggbar hylle og vanningskanal.<\/p>\n","protected":false},"featured_media":698797,"template":"","meta":{"_acf_changed":false},"product_brand":[15155],"product_cat":[13255],"product_tag":[],"class_list":{"0":"post-698737","1":"product","2":"type-product","3":"status-publish","4":"has-post-thumbnail","6":"product_brand-eberlestock","7":"product_cat-ryggsekker","9":"first","10":"instock","11":"taxable","12":"shipping-taxable","13":"purchasable","14":"product-type-variable","15":"wvs-archive-product-wrapper"},"acf":[],"_links":{"self":[{"href":"https:\/\/nbg.eu\/no\/wp-json\/wp\/v2\/product\/698737","targetHints":{"allow":["GET"]}}],"collection":[{"href":"https:\/\/nbg.eu\/no\/wp-json\/wp\/v2\/product"}],"about":[{"href":"https:\/\/nbg.eu\/no\/wp-json\/wp\/v2\/types\/product"}],"wp:featuredmedia":[{"embeddable":true,"href":"https:\/\/nbg.eu\/no\/wp-json\/wp\/v2\/media\/698797"}],"wp:attachment":[{"href":"https:\/\/nbg.eu\/no\/wp-json\/wp\/v2\/media?parent=698737"}],"wp:term":[{"taxonomy":"product_brand","embeddable":true,"href":"https:\/\/nbg.eu\/no\/wp-json\/wp\/v2\/product_brand?post=698737"},{"taxonomy":"product_cat","embeddable":true,"href":"https:\/\/nbg.eu\/no\/wp-json\/wp\/v2\/product_cat?post=698737"},{"taxonomy":"product_tag","embeddable":true,"href":"https:\/\/nbg.eu\/no\/wp-json\/wp\/v2\/product_tag?post=698737"}],"curies":[{"name":"wp","href":"https:\/\/api.w.org\/{rel}","templated":true}]}}