{"id":699109,"date":"2025-12-22T17:57:48","date_gmt":"2025-12-22T14:57:48","guid":{"rendered":"https:\/\/nbg.eu\/product\/gunslinger-ii-pakke\/"},"modified":"2026-04-15T14:33:51","modified_gmt":"2026-04-15T11:33:51","slug":"gunslinger-ii-pakke","status":"publish","type":"product","link":"https:\/\/nbg.eu\/no\/produkt\/gunslinger-ii-pakke\/","title":{"rendered":"Eberlestock Ryggsekk G2 Gunslinger II"},"content":{"rendered":"<h2>Gunslinger II\u2122 Taktisk Sekk<\/h2>\n<p>Gunslinger II\u2122 er en mellomstor taktisk sekk med en full bredde-slire for \u00e5 bedre kunne romme v\u00e5pen med st\u00f8rre tverrsnitt eller tykke optiske sikter. Den brede sliren kan ogs\u00e5 tjene som et utmerket rom for b\u00e6rbare datamaskiner eller milit\u00e6rradioer. Selv n\u00e5r sliren er brettet opp, passer den de fleste kortl\u00f8psv\u00e5pen perfekt. Gunslinger II har en kapasitet p\u00e5 2100 kubikktommer og leveres standard med v\u00e5r r\u00f8rformede Intex-II\u2122 Uten-Hylle-rammesystem, fullt justerbare skulderstropper og polstret hoftebelte.<\/p>\n<h2>Dimensjoner<\/h2>\n<p>Sekkekapasitet: 2,100 kubikktommer \/ 34,41 liter<br \/>\nSlirekapasitet: 600 kubikktommer<br \/>\n-Total Volum: 44 liter \/ 2,700 kubikktommer<br \/>\n-Vekt: 6 pund og 8 unser<br \/>\n-Dimensjoner hovedpose: 22&#8243; h\u00f8y x 10&#8243; bred x 8&#8243; dyp<br \/>\n-Sliredimensjoner: 34&#8243; lang x 10&#8243; bred x 3&#8243; dyp, med en \u00e5pning p\u00e5 26&#8243; i omkrets. GSTC-dekselet tillater innkapslet transport av v\u00e5pen opp til 60&#8243;.<br \/>\n-Faktisk vekt: 6,5 pund (med GSTC).<\/p>\n<h2>Funksjoner<\/h2>\n<p>Topplukelomme<br \/>\n-Lastepanel<br \/>\n-Vannflaske-lommer<br \/>\n-Integrert riflekoffer<br \/>\n-Grapplekompressjonsremmer<br \/>\n-\u00d8verste sn\u00f8refeste og fremre glidel\u00e5s\u00e5pning<br \/>\n-Intex II r\u00f8rformet ramme<\/p>\n","protected":false},"excerpt":{"rendered":"<p>Den Gunslinger II\u2122 er en mellomstor taktisk ryggsekk med en full bredde-slire for \u00e5 bedre kunne romme v\u00e5pen med st\u00f8rre tverrm\u00e5l eller volumin\u00f8se optiske sikter.<\/p>\n","protected":false},"featured_media":699171,"template":"","meta":{"_acf_changed":false},"product_brand":[15155],"product_cat":[13255],"product_tag":[],"class_list":{"0":"post-699109","1":"product","2":"type-product","3":"status-publish","4":"has-post-thumbnail","6":"product_brand-eberlestock","7":"product_cat-ryggsekker","9":"first","10":"instock","11":"taxable","12":"shipping-taxable","13":"purchasable","14":"product-type-variable","15":"wvs-archive-product-wrapper"},"acf":[],"_links":{"self":[{"href":"https:\/\/nbg.eu\/no\/wp-json\/wp\/v2\/product\/699109","targetHints":{"allow":["GET"]}}],"collection":[{"href":"https:\/\/nbg.eu\/no\/wp-json\/wp\/v2\/product"}],"about":[{"href":"https:\/\/nbg.eu\/no\/wp-json\/wp\/v2\/types\/product"}],"wp:featuredmedia":[{"embeddable":true,"href":"https:\/\/nbg.eu\/no\/wp-json\/wp\/v2\/media\/699171"}],"wp:attachment":[{"href":"https:\/\/nbg.eu\/no\/wp-json\/wp\/v2\/media?parent=699109"}],"wp:term":[{"taxonomy":"product_brand","embeddable":true,"href":"https:\/\/nbg.eu\/no\/wp-json\/wp\/v2\/product_brand?post=699109"},{"taxonomy":"product_cat","embeddable":true,"href":"https:\/\/nbg.eu\/no\/wp-json\/wp\/v2\/product_cat?post=699109"},{"taxonomy":"product_tag","embeddable":true,"href":"https:\/\/nbg.eu\/no\/wp-json\/wp\/v2\/product_tag?post=699109"}],"curies":[{"name":"wp","href":"https:\/\/api.w.org\/{rel}","templated":true}]}}