{"id":699653,"date":"2025-12-22T18:02:07","date_gmt":"2025-12-22T15:02:07","guid":{"rendered":"https:\/\/nbg.eu\/product\/bino-regnfleece\/"},"modified":"2026-04-15T14:33:48","modified_gmt":"2026-04-15T11:33:48","slug":"bino-regnfleece","status":"publish","type":"product","link":"https:\/\/nbg.eu\/no\/produkt\/bino-regnfleece\/","title":{"rendered":"Eberlestock Kikkert Regntrekk Recon"},"content":{"rendered":"<h2>Bino Rain Fly: Kompakt og lett beskyttelse for optikken din<\/h2>\n<p>Bino Rain Fly er en allsidig og kompakt l\u00f8sning for \u00e5 holde kikkerten din t\u00f8rr og beskyttet mot elementene. Designet for \u00e5 s\u00f8ml\u00f8st integreres med Recon Bino Harness, tilbyr dette regnflyet p\u00e5litelig dekning og bekvemmelighet.<\/p>\n<p>Laget av slitesterke, lette materialer, kan Bino Rain Fly stoppes inn i en medf\u00f8lgende hylse, noe som gj\u00f8r den enkel \u00e5 b\u00e6re og tilgjengelig n\u00e5r den trengs. 10mm Hangar-stroppen lar deg feste regnflyet trygt til utstyret ditt, noe som sikrer at kikkerten forblir beskyttet mot regn, sn\u00f8 og andre v\u00e6rforhold.<\/p>\n<p>Med sitt fulldekkende design omslutter Bino Rain Fly hele Recon Bino Harness, noe som gir omfattende beskyttelse for optikken din. Fokuser p\u00e5 dine utend\u00f8rsaktiviteter uten \u00e5 bekymre deg for at elementene kompromitterer synsopplevelsen din.<\/p>\n<p>Enten du birdwatcher, jakter eller utforsker den store naturen, er Bino Rain Fly et must-have-tilbeh\u00f8r for \u00e5 holde kikkerten din t\u00f8rr og i topp stand. Kompakt, lett og enkel \u00e5 bruke, er den den perfekte ledsageren for enhver utend\u00f8rsentusiast.<\/p>\n","protected":false},"excerpt":{"rendered":"<p>Kompakt, lett regnfrakk som beskytter din Recon Bino Harness.<\/p>\n","protected":false},"featured_media":700073,"template":"","meta":{"_acf_changed":false},"product_brand":[15155],"product_cat":[15218],"product_tag":[],"class_list":{"0":"post-699653","1":"product","2":"type-product","3":"status-publish","4":"has-post-thumbnail","6":"product_brand-eberlestock","7":"product_cat-binocular-harnesses-no","9":"first","10":"instock","11":"taxable","12":"shipping-taxable","13":"purchasable","14":"product-type-variable","15":"wvs-archive-product-wrapper"},"acf":[],"_links":{"self":[{"href":"https:\/\/nbg.eu\/no\/wp-json\/wp\/v2\/product\/699653","targetHints":{"allow":["GET"]}}],"collection":[{"href":"https:\/\/nbg.eu\/no\/wp-json\/wp\/v2\/product"}],"about":[{"href":"https:\/\/nbg.eu\/no\/wp-json\/wp\/v2\/types\/product"}],"wp:featuredmedia":[{"embeddable":true,"href":"https:\/\/nbg.eu\/no\/wp-json\/wp\/v2\/media\/700073"}],"wp:attachment":[{"href":"https:\/\/nbg.eu\/no\/wp-json\/wp\/v2\/media?parent=699653"}],"wp:term":[{"taxonomy":"product_brand","embeddable":true,"href":"https:\/\/nbg.eu\/no\/wp-json\/wp\/v2\/product_brand?post=699653"},{"taxonomy":"product_cat","embeddable":true,"href":"https:\/\/nbg.eu\/no\/wp-json\/wp\/v2\/product_cat?post=699653"},{"taxonomy":"product_tag","embeddable":true,"href":"https:\/\/nbg.eu\/no\/wp-json\/wp\/v2\/product_tag?post=699653"}],"curies":[{"name":"wp","href":"https:\/\/api.w.org\/{rel}","templated":true}]}}