{"id":700384,"date":"2025-12-22T18:10:47","date_gmt":"2025-12-22T15:10:47","guid":{"rendered":"https:\/\/nbg.eu\/product\/molle-panel\/"},"modified":"2026-04-15T14:33:44","modified_gmt":"2026-04-15T11:33:44","slug":"molle-panel","status":"publish","type":"product","link":"https:\/\/nbg.eu\/no\/produkt\/molle-panel\/","title":{"rendered":"Eberlestock MOLLE Panel Recon"},"content":{"rendered":"<h2>Recon MOLLE-panel &#8211; Allsidig tilbeh\u00f8r for din kikkertharness<\/h2>\n<p>Recon MOLLE-panelet er et enkelt, men allsidig tilskudd til din kikkertharness-oppsett. Det gir en praktisk m\u00e5te \u00e5 feste ulike lommer, som Recon Bearspray-lomme eller Recon Rangefinder-lomme, horisontalt under kikkertlommen. Dette panelet fungerer ogs\u00e5 som et sikkert plattform for MOLLE-kompatible hylstre, slik at du kan b\u00e6re en h\u00e5ndv\u00e5pen p\u00e5 en trygg og komfortabel m\u00e5te p\u00e5 din kikkertharness.<\/p>\n<p>Med en bredde p\u00e5 6&#8243; og en h\u00f8yde p\u00e5 3,25&#8243; har Recon MOLLE-panelet et kompakt og str\u00f8mlinjeformet design som ikke legger un\u00f8dvendig masse til utstyret ditt. Den MOLLE-kompatible konstruksjonen sikrer kompatibilitet med et bredt utvalg av tilbeh\u00f8r, noe som gir deg fleksibiliteten til \u00e5 tilpasse oppsettet ditt etter dine spesifikke behov.<\/p>\n","protected":false},"excerpt":{"rendered":"<p>Allsidig MOLLE-panel for feste av lommer og b\u00e6ring av h\u00e5ndv\u00e5pen p\u00e5 kikkertholder.<\/p>\n","protected":false},"featured_media":700453,"template":"","meta":{"_acf_changed":false},"product_brand":[15155],"product_cat":[13309],"product_tag":[],"class_list":{"0":"post-700384","1":"product","2":"type-product","3":"status-publish","4":"has-post-thumbnail","6":"product_brand-eberlestock","7":"product_cat-vesker","9":"first","10":"instock","11":"taxable","12":"shipping-taxable","13":"purchasable","14":"product-type-variable","15":"wvs-archive-product-wrapper"},"acf":[],"_links":{"self":[{"href":"https:\/\/nbg.eu\/no\/wp-json\/wp\/v2\/product\/700384","targetHints":{"allow":["GET"]}}],"collection":[{"href":"https:\/\/nbg.eu\/no\/wp-json\/wp\/v2\/product"}],"about":[{"href":"https:\/\/nbg.eu\/no\/wp-json\/wp\/v2\/types\/product"}],"wp:featuredmedia":[{"embeddable":true,"href":"https:\/\/nbg.eu\/no\/wp-json\/wp\/v2\/media\/700453"}],"wp:attachment":[{"href":"https:\/\/nbg.eu\/no\/wp-json\/wp\/v2\/media?parent=700384"}],"wp:term":[{"taxonomy":"product_brand","embeddable":true,"href":"https:\/\/nbg.eu\/no\/wp-json\/wp\/v2\/product_brand?post=700384"},{"taxonomy":"product_cat","embeddable":true,"href":"https:\/\/nbg.eu\/no\/wp-json\/wp\/v2\/product_cat?post=700384"},{"taxonomy":"product_tag","embeddable":true,"href":"https:\/\/nbg.eu\/no\/wp-json\/wp\/v2\/product_tag?post=700384"}],"curies":[{"name":"wp","href":"https:\/\/api.w.org\/{rel}","templated":true}]}}