{"id":700817,"date":"2025-12-22T18:16:35","date_gmt":"2025-12-22T15:16:35","guid":{"rendered":"https:\/\/nbg.eu\/product\/avstandsmalerveske\/"},"modified":"2026-04-15T14:33:41","modified_gmt":"2026-04-15T11:33:41","slug":"avstandsmalerveske","status":"publish","type":"product","link":"https:\/\/nbg.eu\/no\/produkt\/avstandsmalerveske\/","title":{"rendered":"Eberlestock Avstandsm\u00e5ler Veske Recon"},"content":{"rendered":"<h2>Recon Rangefinder-veske: Beskytt utstyret ditt, forbedre presisjonen din<\/h2>\n<p>Hev utend\u00f8rsopplevelsene dine med Recon Rangefinder-vesken, designet for \u00e5 beskytte det essensielle rekkeviddem\u00e5lingsutstyret ditt. Laget med n\u00f8yaktig oppmerksomhet p\u00e5 detaljer, denne vesken tilbyr uovertruffen beskyttelse og bekvemmelighet, og sikrer at utstyret ditt forblir trygt og lett tilgjengelig.<\/p>\n<p>Med et magnetisk frontlokk holder Recon Rangefinder-vesken st\u00f8v og rusk p\u00e5 avstand og bevarer den flekkvise tilstanden p\u00e5 rekkeviddem\u00e5lerens glass. En strikkl\u00e5ssnor-feste lar deg enkelt slippe enheten din uten \u00e5 bekymre deg for brudd eller tap, og holder hendene dine frie for mer presserende oppgaver.<\/p>\n<p>Med sine kompakte dimensjoner p\u00e5 1,75&#8243; D x 3,25&#8243; B x 5&#8243; H, integreres Recon Rangefinder-vesken s\u00f8ml\u00f8st med det utend\u00f8rsutstyret ditt og gir en diskret og str\u00f8mlinjeformet oppbevaringsl\u00f8sning. Enten du er en ivrig jeger, en engasjert turg\u00e5er eller en lidenskapelig skytter, er denne allsidige vesken den perfekte f\u00f8lgesvennen for \u00e5 beskytte det verdifulle rekkeviddem\u00e5lingsutstyret ditt.<\/p>\n<p>Hev utend\u00f8rsopplevelsen din med Recon Rangefinder-vesken, det ultimate tilbeh\u00f8ret for den kresne eventyreren som krever det beste i utstyrsbeskyttelse og bekvemmelighet.<\/p>\n","protected":false},"excerpt":{"rendered":"<p>Det robuste avstandsm\u00e5lerenhus beskytter enheten din med et magnetisk lokk og gummistrikk for b\u00e6rerem, for sikker og praktisk transport.<\/p>\n","protected":false},"featured_media":700866,"template":"","meta":{"_acf_changed":false},"product_brand":[15155],"product_cat":[13309],"product_tag":[],"class_list":{"0":"post-700817","1":"product","2":"type-product","3":"status-publish","4":"has-post-thumbnail","6":"product_brand-eberlestock","7":"product_cat-vesker","9":"first","10":"instock","11":"taxable","12":"shipping-taxable","13":"purchasable","14":"product-type-variable","15":"wvs-archive-product-wrapper"},"acf":[],"_links":{"self":[{"href":"https:\/\/nbg.eu\/no\/wp-json\/wp\/v2\/product\/700817","targetHints":{"allow":["GET"]}}],"collection":[{"href":"https:\/\/nbg.eu\/no\/wp-json\/wp\/v2\/product"}],"about":[{"href":"https:\/\/nbg.eu\/no\/wp-json\/wp\/v2\/types\/product"}],"wp:featuredmedia":[{"embeddable":true,"href":"https:\/\/nbg.eu\/no\/wp-json\/wp\/v2\/media\/700866"}],"wp:attachment":[{"href":"https:\/\/nbg.eu\/no\/wp-json\/wp\/v2\/media?parent=700817"}],"wp:term":[{"taxonomy":"product_brand","embeddable":true,"href":"https:\/\/nbg.eu\/no\/wp-json\/wp\/v2\/product_brand?post=700817"},{"taxonomy":"product_cat","embeddable":true,"href":"https:\/\/nbg.eu\/no\/wp-json\/wp\/v2\/product_cat?post=700817"},{"taxonomy":"product_tag","embeddable":true,"href":"https:\/\/nbg.eu\/no\/wp-json\/wp\/v2\/product_tag?post=700817"}],"curies":[{"name":"wp","href":"https:\/\/api.w.org\/{rel}","templated":true}]}}