{"id":701133,"date":"2025-12-22T18:40:25","date_gmt":"2025-12-22T15:40:25","guid":{"rendered":"https:\/\/nbg.eu\/product\/hurtigmappe\/"},"modified":"2026-04-15T14:33:37","modified_gmt":"2026-04-15T11:33:37","slug":"hurtigmappe","status":"publish","type":"product","link":"https:\/\/nbg.eu\/no\/produkt\/hurtigmappe\/","title":{"rendered":"Eberlestock Etui Recon Quickcase"},"content":{"rendered":"<h2>Quickcase: Din kompakte overlevelsesledsager<\/h2>\n<p>Quickcase er en allsidig glidel\u00e5spose som er utformet for \u00e5 feste s\u00f8ml\u00f8st til Recon Modular Bino Harness. Dette kompakte tilbeh\u00f8ret gir den perfekte l\u00f8sningen for oppbevaring og sikring av ditt viktige overlevelseutstyr, slik at du alltid er forberedt p\u00e5 det uventede.<\/p>\n<p>Med den riktige st\u00f8rrelsen gir Quickcase god plass til et lite overlevelsessett, noe som gj\u00f8r den til en uunnv\u00e6rlig ledsager hvis du skulle bli separert fra din hovedryggsekk. Den slitesterke konstruksjonen og den sikre glidel\u00e5skoblingen holder dine kritiske elementer trygge og tilgjengelige n\u00e5r du trenger dem mest.<\/p>\n<p>Men Quickcase&#8217;s nytte strekker seg utover bare overlevelsesklarhet. Bruk den som en praktisk oppbevaringspose for sm\u00e5 gjenstander, slik at de holdes organisert og lett tilgjengelig mens du er p\u00e5 farten. Enten du er p\u00e5 tur, camping eller engasjert i enhver utend\u00f8rsaktivitet, vil dette allsidige tilbeh\u00f8ret bli en uunnv\u00e6rlig del av utstyret ditt.<\/p>\n<p>Utformet for \u00e5 integreres s\u00f8ml\u00f8st med Recon Modular Bino Harness, fester Quickcase seg trygt til borrel\u00e5slappen p\u00e5 baksiden av selen. Denne integrasjonen lar deg holde dine viktigste gjenstander innen rekkevidde, slik at du frigj\u00f8r plass i hovedryggsekken og sikrer at du har alt du trenger lett tilgjengelig.<\/p>\n","protected":false},"excerpt":{"rendered":"<p>En liten glidel\u00e5spung som festes til Recon Modular Bino Harness for oppbevaring av overlevelseskit eller sm\u00e5 gjenstander.<\/p>\n","protected":false},"featured_media":701211,"template":"","meta":{"_acf_changed":false},"product_brand":[15155],"product_cat":[13309],"product_tag":[],"class_list":{"0":"post-701133","1":"product","2":"type-product","3":"status-publish","4":"has-post-thumbnail","6":"product_brand-eberlestock","7":"product_cat-vesker","9":"first","10":"instock","11":"taxable","12":"shipping-taxable","13":"purchasable","14":"product-type-variable","15":"wvs-archive-product-wrapper"},"acf":[],"_links":{"self":[{"href":"https:\/\/nbg.eu\/no\/wp-json\/wp\/v2\/product\/701133","targetHints":{"allow":["GET"]}}],"collection":[{"href":"https:\/\/nbg.eu\/no\/wp-json\/wp\/v2\/product"}],"about":[{"href":"https:\/\/nbg.eu\/no\/wp-json\/wp\/v2\/types\/product"}],"wp:featuredmedia":[{"embeddable":true,"href":"https:\/\/nbg.eu\/no\/wp-json\/wp\/v2\/media\/701211"}],"wp:attachment":[{"href":"https:\/\/nbg.eu\/no\/wp-json\/wp\/v2\/media?parent=701133"}],"wp:term":[{"taxonomy":"product_brand","embeddable":true,"href":"https:\/\/nbg.eu\/no\/wp-json\/wp\/v2\/product_brand?post=701133"},{"taxonomy":"product_cat","embeddable":true,"href":"https:\/\/nbg.eu\/no\/wp-json\/wp\/v2\/product_cat?post=701133"},{"taxonomy":"product_tag","embeddable":true,"href":"https:\/\/nbg.eu\/no\/wp-json\/wp\/v2\/product_tag?post=701133"}],"curies":[{"name":"wp","href":"https:\/\/api.w.org\/{rel}","templated":true}]}}