{"id":701806,"date":"2025-12-23T11:39:12","date_gmt":"2025-12-23T08:39:12","guid":{"rendered":"https:\/\/nbg.eu\/product\/varmepute\/"},"modified":"2026-04-15T14:33:34","modified_gmt":"2026-04-15T11:33:34","slug":"varmepute","status":"publish","type":"product","link":"https:\/\/nbg.eu\/no\/produkt\/varmepute\/","title":{"rendered":"Eberlestock H\u00e5ndvarmer Recon"},"content":{"rendered":"<h2>Recon-h\u00e5ndvarmeren: Enkel varme for utend\u00f8rsopplevelser<\/h2>\n<p>\u00c5 holde hendene dine varme uten \u00e5 kompromittere smidighet har aldri v\u00e6rt enklere med Recon-h\u00e5ndvarmeren. Dette innovative tilbeh\u00f8ret festes s\u00f8ml\u00f8st til Recon Modular Bino-selen, noe som lar deg opprettholde optimal h\u00e5ndposisjon for komfort, enten du sitter eller st\u00e5r. Recon-h\u00e5ndvarmeren eliminerer behovet for tykke hansker og sikrer at du fortsatt kan utf\u00f8re finmotoriske oppgaver med letthet.<\/p>\n<p>For ekstra bekvemmelighet har Recon-h\u00e5ndvarmeren en frontlomme med glidel\u00e5s hvor du kan oppbevare ekstra luftaktivert h\u00e5ndvarmere. Dette gj\u00f8r at du kan bruke h\u00e5ndvarmeren uavhengig av Recon Modular Bino-selen, og gir deg en p\u00e5litelig varmekilde uavhengig av aktivitet eller milj\u00f8. Det medf\u00f8lgende beltet sikrer en trygg og komfortabel passform, og holder hendene dine i den perfekte posisjonen for maksimal effektivitet og komfort.<\/p>\n<p>Enten du driver med fuglekikking, jakt eller bare nyter storsl\u00e5tt natur, er Recon-h\u00e5ndvarmeren den perfekte f\u00f8lgesvenn for \u00e5 holde hendene dine varme og fingrene smidige. Opplev den ultimate utend\u00f8rskomforten og -bekvemmeligheten med dette allsidige og innovative tilbeh\u00f8ret.<\/p>\n","protected":false},"excerpt":{"rendered":"<p>Recon H\u00e5ndvarmer holder hendene varme uten hansker, festes til Recon Sele.<\/p>\n","protected":false},"featured_media":701835,"template":"","meta":{"_acf_changed":false},"product_brand":[15155],"product_cat":[13319],"product_tag":[],"class_list":{"0":"post-701806","1":"product","2":"type-product","3":"status-publish","4":"has-post-thumbnail","6":"product_brand-eberlestock","7":"product_cat-utstyr","9":"first","10":"instock","11":"taxable","12":"shipping-taxable","13":"purchasable","14":"product-type-variable","15":"wvs-archive-product-wrapper"},"acf":[],"_links":{"self":[{"href":"https:\/\/nbg.eu\/no\/wp-json\/wp\/v2\/product\/701806","targetHints":{"allow":["GET"]}}],"collection":[{"href":"https:\/\/nbg.eu\/no\/wp-json\/wp\/v2\/product"}],"about":[{"href":"https:\/\/nbg.eu\/no\/wp-json\/wp\/v2\/types\/product"}],"wp:featuredmedia":[{"embeddable":true,"href":"https:\/\/nbg.eu\/no\/wp-json\/wp\/v2\/media\/701835"}],"wp:attachment":[{"href":"https:\/\/nbg.eu\/no\/wp-json\/wp\/v2\/media?parent=701806"}],"wp:term":[{"taxonomy":"product_brand","embeddable":true,"href":"https:\/\/nbg.eu\/no\/wp-json\/wp\/v2\/product_brand?post=701806"},{"taxonomy":"product_cat","embeddable":true,"href":"https:\/\/nbg.eu\/no\/wp-json\/wp\/v2\/product_cat?post=701806"},{"taxonomy":"product_tag","embeddable":true,"href":"https:\/\/nbg.eu\/no\/wp-json\/wp\/v2\/product_tag?post=701806"}],"curies":[{"name":"wp","href":"https:\/\/api.w.org\/{rel}","templated":true}]}}