{"id":702144,"date":"2025-12-23T11:44:19","date_gmt":"2025-12-23T08:44:19","guid":{"rendered":"https:\/\/nbg.eu\/product\/bravo-modulaer-kikkertveske-stor\/"},"modified":"2026-04-15T14:33:31","modified_gmt":"2026-04-15T11:33:31","slug":"bravo-modulaer-kikkertveske-stor","status":"publish","type":"product","link":"https:\/\/nbg.eu\/no\/produkt\/bravo-modulaer-kikkertveske-stor\/","title":{"rendered":"Eberlestock Kikkert Ryggsekk Bravo Modular, Large"},"content":{"rendered":"<h2>Bravo Modular Bino Pack-Large: Tilpasningsdyktig optikkb\u00e6rer for dine utend\u00f8rsopplevelser<\/h2>\n<p>Designet med modularitet i fokus er BRAVO MODULAR BINO PACK bygget p\u00e5 en brystsele plattform som tilpasser seg dine behov med en rekke tilleggstilbeh\u00f8r. Den har magnetisk fri fremadtrekk-tilgang til binokkelkassen, et romslig front-glidel\u00e5slomme og stretchlommer p\u00e5 sidene. Interne binokkelstroper holder kikkertene dine sikre, mens lavprofilerte MOLLE-kompatible vinger og et bakpanel lar deg s\u00f8ml\u00f8st feste lommer og tilbeh\u00f8r.<\/p>\n<p>Laget av slitesterk 500D Ripstop Nylon og N140D-materialer, tilbyr Bravo Modular Bino Pack-Large p\u00e5litelig ytelse i den store utend\u00f8rs. Med en vekt p\u00e5 bare 14 oz leverer denne allsidige sekken en komfortabel og justerbar b\u00e6rel\u00f8sning for optikken og det viktigste utstyret ditt.<\/p>\n<p>Med sine indre m\u00e5l p\u00e5 9 &laquo;H x 5,5&raquo; B x 2,5 &laquo;D og ytre m\u00e5l p\u00e5 9,5&raquo; H x 6,25 &laquo;B x 3,5 &laquo;D gir Bravo Modular Bino Pack-Large rikelig med plass til \u00e5 romme kikkertene dine og andre essensielle gjenstander. Den justerbare fremadtrekk-skulderselen og de lavprofilerte MOLLE-kompatible vingene s\u00f8rger for en sikker og skreddersydd passform, slik at du kan tilpasse sekken etter dine behov.<\/p>\n<p>Hev utend\u00f8rsopplevelsen din med Bravo Modular Bino Pack-Large, en allsidig og tilpasningsdyktig l\u00f8sning for \u00e5 b\u00e6re kikkertene og det n\u00f8dvendige utstyret ditt. Utforsk det tilgjengelige tilbeh\u00f8ret for \u00e5 tilpasse sekken din og maksimere funksjonaliteten, slik at den blir den perfekte ledsageren for ditt neste eventyr.<\/p>\n","protected":false},"excerpt":{"rendered":"<p>Modul\u00e6rt brystpakke med magasinfri kikkertpose, frontlomme, strekkbare sider.<\/p>\n","protected":false},"featured_media":702236,"template":"","meta":{"_acf_changed":false},"product_brand":[15155],"product_cat":[15218],"product_tag":[],"class_list":{"0":"post-702144","1":"product","2":"type-product","3":"status-publish","4":"has-post-thumbnail","6":"product_brand-eberlestock","7":"product_cat-binocular-harnesses-no","9":"first","10":"instock","11":"taxable","12":"shipping-taxable","13":"purchasable","14":"product-type-variable","15":"wvs-archive-product-wrapper"},"acf":[],"_links":{"self":[{"href":"https:\/\/nbg.eu\/no\/wp-json\/wp\/v2\/product\/702144","targetHints":{"allow":["GET"]}}],"collection":[{"href":"https:\/\/nbg.eu\/no\/wp-json\/wp\/v2\/product"}],"about":[{"href":"https:\/\/nbg.eu\/no\/wp-json\/wp\/v2\/types\/product"}],"wp:featuredmedia":[{"embeddable":true,"href":"https:\/\/nbg.eu\/no\/wp-json\/wp\/v2\/media\/702236"}],"wp:attachment":[{"href":"https:\/\/nbg.eu\/no\/wp-json\/wp\/v2\/media?parent=702144"}],"wp:term":[{"taxonomy":"product_brand","embeddable":true,"href":"https:\/\/nbg.eu\/no\/wp-json\/wp\/v2\/product_brand?post=702144"},{"taxonomy":"product_cat","embeddable":true,"href":"https:\/\/nbg.eu\/no\/wp-json\/wp\/v2\/product_cat?post=702144"},{"taxonomy":"product_tag","embeddable":true,"href":"https:\/\/nbg.eu\/no\/wp-json\/wp\/v2\/product_tag?post=702144"}],"curies":[{"name":"wp","href":"https:\/\/api.w.org\/{rel}","templated":true}]}}