{"id":702957,"date":"2025-12-23T11:50:14","date_gmt":"2025-12-23T08:50:14","guid":{"rendered":"https:\/\/nbg.eu\/product\/bravo-modulaer-kikkertveske-liten\/"},"modified":"2026-04-15T14:33:27","modified_gmt":"2026-04-15T11:33:27","slug":"bravo-modulaer-kikkertveske-liten","status":"publish","type":"product","link":"https:\/\/nbg.eu\/no\/produkt\/bravo-modulaer-kikkertveske-liten\/","title":{"rendered":"Eberlestock Kikkert Ryggsekk Bravo Modular, Small"},"content":{"rendered":"<h2>Bravo Modular Bino Pack-Small: Allsidig og sikker oppbevaring av kikkert<\/h2>\n<p>Designet med modularitet i fokus, er BRAVO MODULAR BINO PACK bygget p\u00e5 et brystharneskriggsystem som tilpasser seg dine behov med et sett av tilleggsaccessorier. Den har magnetisk frie fremovertrykk-adgang til kikkertpungen, en romslig frontsylomme og strekkebare sideposen. Interne kikkertreimer holder kikkerten din sikker, mens lavprofilerte MOLLE-kompatible vinger og et bakpanel lar deg s\u00f8ml\u00f8st feste lommer og tilbeh\u00f8r.<\/p>\n<p>Laget av slitesterk 500D Ripstop Nylon og N140D-stoffer, tilbyr Bravo Modular Bino Pack-Small en lettivekt og robust l\u00f8sning for utend\u00f8rsentusiaster, jegere og taktiske operat\u00f8rer.<\/p>\n<p>N\u00f8kkelfunksjoner inkluderer en magnet-fri lukking for rask tilgang, kompatibilitet med \u00e5tte tilgjengelige tilbeh\u00f8r, en stor frontsylomme, doble strekkebare sideposter, en justerbar framovertrukket skuldersele og lavprofilerte MOLLE-kompatible vinger for \u00e5 tilpasse utstyrsoppsettet ditt. Enten du er fuglekikker, turg\u00e5er eller engasjerer deg i taktiske operasjoner, tilbyr Bravo Modular Bino Pack-Small en allsidig og sikker l\u00f8sning for dine kikkertoppbevaringsbehov.<\/p>\n","protected":false},"excerpt":{"rendered":"<p>Modul\u00e6r kikkert-pakke med magnetfri lukking, MOLLE-kompatible vinger og justerbart selet\u00f8y.<\/p>\n","protected":false},"featured_media":703027,"template":"","meta":{"_acf_changed":false},"product_brand":[15155],"product_cat":[15218],"product_tag":[],"class_list":{"0":"post-702957","1":"product","2":"type-product","3":"status-publish","4":"has-post-thumbnail","6":"product_brand-eberlestock","7":"product_cat-binocular-harnesses-no","9":"first","10":"instock","11":"taxable","12":"shipping-taxable","13":"purchasable","14":"product-type-variable","15":"wvs-archive-product-wrapper"},"acf":[],"_links":{"self":[{"href":"https:\/\/nbg.eu\/no\/wp-json\/wp\/v2\/product\/702957","targetHints":{"allow":["GET"]}}],"collection":[{"href":"https:\/\/nbg.eu\/no\/wp-json\/wp\/v2\/product"}],"about":[{"href":"https:\/\/nbg.eu\/no\/wp-json\/wp\/v2\/types\/product"}],"wp:featuredmedia":[{"embeddable":true,"href":"https:\/\/nbg.eu\/no\/wp-json\/wp\/v2\/media\/703027"}],"wp:attachment":[{"href":"https:\/\/nbg.eu\/no\/wp-json\/wp\/v2\/media?parent=702957"}],"wp:term":[{"taxonomy":"product_brand","embeddable":true,"href":"https:\/\/nbg.eu\/no\/wp-json\/wp\/v2\/product_brand?post=702957"},{"taxonomy":"product_cat","embeddable":true,"href":"https:\/\/nbg.eu\/no\/wp-json\/wp\/v2\/product_cat?post=702957"},{"taxonomy":"product_tag","embeddable":true,"href":"https:\/\/nbg.eu\/no\/wp-json\/wp\/v2\/product_tag?post=702957"}],"curies":[{"name":"wp","href":"https:\/\/api.w.org\/{rel}","templated":true}]}}