{"id":703287,"date":"2025-12-23T12:02:01","date_gmt":"2025-12-23T09:02:01","guid":{"rendered":"https:\/\/nbg.eu\/product\/bando-bag-xl\/"},"modified":"2026-04-15T14:33:24","modified_gmt":"2026-04-15T11:33:24","slug":"bando-bag-xl","status":"publish","type":"product","link":"https:\/\/nbg.eu\/no\/produkt\/bando-bag-xl\/","title":{"rendered":"Eberlestock Veske Bando XL"},"content":{"rendered":"<h2>Bando Bag-XL: Allsidig og praktisk EDC-transport<\/h2>\n<p>Bando Bag-XL er en lett og praktisk m\u00e5te \u00e5 transportere dine hverdagslige b\u00e6rbare gjenstander (EDC). Bakficken med full glidel\u00e5s p\u00e5 Bando Bag-XL m\u00e5ler 6&#8243;h x 11&#8243;b x 3&#8243;d, stor nok til \u00e5 feste de fleste fullramme sidemagasiner og mindre skytev\u00e5pen. Hovedkammeret har en innvendig glidel\u00e5slomme av nett og to glidelomme for ytterligere organisering, mens en liten glidel\u00e5slomme foran er perfekt for n\u00f8kler, kabler eller andre sm\u00e5 gjenstander.<\/p>\n<p>Det justerbare beltet p\u00e5 miljen p\u00e5 Bando Bag-XL gj\u00f8r at den kan tilpasses individuelt, fra 31,5&#8243; til 44&#8243; i lengde. Bando Bag-XL vil ogs\u00e5 inkludere en integrert lomme for \u00e5 b\u00e6re en tournikett under topplokket p\u00e5 hovedkammeret, noe som gir enkel tilgang til dette viktige beredskapsutstyret.<\/p>\n<h2>N\u00f8kkelfunksjoner:<\/h2>\n<ul>\n<li>-Bakficke med full glidel\u00e5s (6&#8243;h x 11&#8243;b x 3&#8243;d) for sidearm-oppbevaring<\/li>\n<li>-Innvendig glidel\u00e5slomme av nett og to glidelomme for organisering<\/li>\n<li>-Liten glidel\u00e5slomme foran for n\u00f8kler, kabler og andre sm\u00e5 gjenstander<\/li>\n<li>-Justerbart belteHip (31,5&#8243;-44&#8243;)<\/li>\n<li>-Integrert lomme for \u00e5 b\u00e6re en tournikett<\/li>\n<\/ul>\n","protected":false},"excerpt":{"rendered":"<p>Lett, helformet EDC-veske med 6&#8243;h x 11&#8243;b x 3&#8243;d lommer for fullst\u00f8rrelse sidev\u00e5pen.<\/p>\n","protected":false},"featured_media":703351,"template":"","meta":{"_acf_changed":false},"product_brand":[15155],"product_cat":[13251],"product_tag":[],"class_list":{"0":"post-703287","1":"product","2":"type-product","3":"status-publish","4":"has-post-thumbnail","6":"product_brand-eberlestock","7":"product_cat-skytebager","9":"first","10":"instock","11":"taxable","12":"shipping-taxable","13":"purchasable","14":"product-type-variable","15":"wvs-archive-product-wrapper"},"acf":[],"_links":{"self":[{"href":"https:\/\/nbg.eu\/no\/wp-json\/wp\/v2\/product\/703287","targetHints":{"allow":["GET"]}}],"collection":[{"href":"https:\/\/nbg.eu\/no\/wp-json\/wp\/v2\/product"}],"about":[{"href":"https:\/\/nbg.eu\/no\/wp-json\/wp\/v2\/types\/product"}],"wp:featuredmedia":[{"embeddable":true,"href":"https:\/\/nbg.eu\/no\/wp-json\/wp\/v2\/media\/703351"}],"wp:attachment":[{"href":"https:\/\/nbg.eu\/no\/wp-json\/wp\/v2\/media?parent=703287"}],"wp:term":[{"taxonomy":"product_brand","embeddable":true,"href":"https:\/\/nbg.eu\/no\/wp-json\/wp\/v2\/product_brand?post=703287"},{"taxonomy":"product_cat","embeddable":true,"href":"https:\/\/nbg.eu\/no\/wp-json\/wp\/v2\/product_cat?post=703287"},{"taxonomy":"product_tag","embeddable":true,"href":"https:\/\/nbg.eu\/no\/wp-json\/wp\/v2\/product_tag?post=703287"}],"curies":[{"name":"wp","href":"https:\/\/api.w.org\/{rel}","templated":true}]}}