{"id":704041,"date":"2025-12-23T12:03:47","date_gmt":"2025-12-23T09:03:47","guid":{"rendered":"https:\/\/nbg.eu\/product\/baereveske\/"},"modified":"2026-04-15T14:33:20","modified_gmt":"2026-04-15T11:33:20","slug":"baereveske","status":"publish","type":"product","link":"https:\/\/nbg.eu\/no\/produkt\/baereveske\/","title":{"rendered":"Eberlestock Veske Bando"},"content":{"rendered":"<h2>Bando-veske: Praktisk og lett EDC-b\u00e6rer<\/h2>\n<p>Bando-vesken er en lett og praktisk m\u00e5te \u00e5 transportere EDC-gjenstander p\u00e5. En helforsenket bakrelomme p\u00e5 Bando m\u00e5ler 5,5&#8243; h x 9,5&#8243; b x 1&#8243; d, stor nok til \u00e5 sikre de fleste subkompakte og kompakte sidearm som Glock-19 og lignende. Hovedkammeret har en indre glidel\u00e5slomme av mesh og to glidel\u00e5slommer for ytterligere organisering. En liten glidel\u00e5sfront lomme er perfekt for n\u00f8kler, kabler eller andre sm\u00e5 gjenstander. Lengden p\u00e5 mirabandet kan justeres fra 31,5&#8243; til 44&#8243;.<\/p>\n<h2>N\u00f8kkelfunksjoner<\/h2>\n<ul>\n<li>Helforsenket bakrelomme<\/li>\n<li>Innvendig mesh glidel\u00e5slomme<\/li>\n<li>To indre glidel\u00e5slommer<\/li>\n<li>Liten glidel\u00e5sfront lomme<\/li>\n<li>Justerbart mirabelte (31,5&#8243;-44&#8243;)<\/li>\n<li>Integrert hylse for praktisk \u00e5 b\u00e6re en tourniket<\/li>\n<\/ul>\n","protected":false},"excerpt":{"rendered":"<p>Bando-vesken er en lett og praktisk m\u00e5te \u00e5 frakte dine EDC-artikler. Passer de fleste kompakte til full st\u00f8rrelse sidearms.<\/p>\n","protected":false},"featured_media":704071,"template":"","meta":{"_acf_changed":false},"product_brand":[15155],"product_cat":[13251],"product_tag":[],"class_list":{"0":"post-704041","1":"product","2":"type-product","3":"status-publish","4":"has-post-thumbnail","6":"product_brand-eberlestock","7":"product_cat-skytebager","9":"first","10":"instock","11":"taxable","12":"shipping-taxable","13":"purchasable","14":"product-type-variable","15":"wvs-archive-product-wrapper"},"acf":[],"_links":{"self":[{"href":"https:\/\/nbg.eu\/no\/wp-json\/wp\/v2\/product\/704041","targetHints":{"allow":["GET"]}}],"collection":[{"href":"https:\/\/nbg.eu\/no\/wp-json\/wp\/v2\/product"}],"about":[{"href":"https:\/\/nbg.eu\/no\/wp-json\/wp\/v2\/types\/product"}],"wp:featuredmedia":[{"embeddable":true,"href":"https:\/\/nbg.eu\/no\/wp-json\/wp\/v2\/media\/704071"}],"wp:attachment":[{"href":"https:\/\/nbg.eu\/no\/wp-json\/wp\/v2\/media?parent=704041"}],"wp:term":[{"taxonomy":"product_brand","embeddable":true,"href":"https:\/\/nbg.eu\/no\/wp-json\/wp\/v2\/product_brand?post=704041"},{"taxonomy":"product_cat","embeddable":true,"href":"https:\/\/nbg.eu\/no\/wp-json\/wp\/v2\/product_cat?post=704041"},{"taxonomy":"product_tag","embeddable":true,"href":"https:\/\/nbg.eu\/no\/wp-json\/wp\/v2\/product_tag?post=704041"}],"curies":[{"name":"wp","href":"https:\/\/api.w.org\/{rel}","templated":true}]}}