{"id":704251,"date":"2025-12-23T12:08:03","date_gmt":"2025-12-23T09:08:03","guid":{"rendered":"https:\/\/nbg.eu\/product\/roverbande\/"},"modified":"2026-04-24T15:10:21","modified_gmt":"2026-04-24T12:10:21","slug":"roverbande","status":"publish","type":"product","link":"https:\/\/nbg.eu\/no\/produkt\/roverbande\/","title":{"rendered":"Eberlestock Bandit Ryggsekk"},"content":{"rendered":"<h2>Bandit-sekk &#8211; Den allsidige f\u00f8lgesvennen for dagsutflukter<\/h2>\n<p>Den mest allsidige sekken i v\u00e5rt daglige b\u00e6reprogram er Bandit\u2122, som er konstruert for dagsutflukter og turer. Eksteri\u00f8rpanelet har laser-kuttet MOLLE-nett for \u00e5 kunne feste kompatibelt tilbeh\u00f8r og lommer, og for \u00e5 b\u00e6re en jakke eller utstyr for rask tilgang. Sidelommene av stretch kan holde vannflasker og lengre gjenstander som et stativ, kikkert eller trekkepoler.<\/p>\n<p>Nyttepanelstroppene holder utstyret p\u00e5 siden fast, eller bidrar til \u00e5 komprimere en delvis fylt sekk. Inni topplokket finner du sm\u00e5 oppbevaringsorganisatorer som en glidel\u00e5slomme av netting og en magasinlomme.<\/p>\n<p>Kompatibel med v\u00e5r standard hoftebelte for \u00e5 bidra til vektfordeling ved tyngre belastning.<\/p>\n<h2>Dimensjoner<\/h2>\n<p>Volum: 835 c.i. \/ 13,68 l<br \/>\nVekt: 2,50 lbs<br \/>\nDimensjoner: 18,25H x 7B x 6,5D<\/p>\n<h2>Funksjoner<\/h2>\n<p>Laser-kuttet MOLLE-panel p\u00e5 forsiden for \u00e5 feste eksternt utstyr<br \/>\nTopplokk med oppbevaringslomme for tilbeh\u00f8r<br \/>\nJusterbar skuldersele<br \/>\nSpor for et justerbart hoftebelte for \u00e5 b\u00e6re mer vekt<br \/>\nHovedrom som \u00e5pner fra topp til bunn for full tilgang<br \/>\nInnvendig klemme for \u00e5 feste 2L eller 3L Source\u00ae-hydreringsbeholdere<\/p>\n","protected":false},"excerpt":{"rendered":"<p>Det mest allsidige pakket i v\u00e5r hverdagslige b\u00e6reutstyrslinje, Bandit\u2122, er bygget for dagsl\u00f8s jakt og turer. Ytterpanelet med funksjoner har laser-kuttet MOLLE-veving for festing av kompatibelt tilbeh\u00f8r og lommer, og for \u00e5 b\u00e6re en jakke eller utstyr for rask tilgang. Sidelommene med t\u00f8yekant kan romme vannflasker og lengre elementer som et stativ, kikkert eller trekkepoler.<\/p>\n","protected":false},"featured_media":704287,"template":"","meta":{"_acf_changed":false},"product_brand":[15155],"product_cat":[13255],"product_tag":[],"class_list":{"0":"post-704251","1":"product","2":"type-product","3":"status-publish","4":"has-post-thumbnail","6":"product_brand-eberlestock","7":"product_cat-ryggsekker","9":"first","10":"instock","11":"taxable","12":"shipping-taxable","13":"purchasable","14":"product-type-variable","15":"wvs-archive-product-wrapper"},"acf":[],"_links":{"self":[{"href":"https:\/\/nbg.eu\/no\/wp-json\/wp\/v2\/product\/704251","targetHints":{"allow":["GET"]}}],"collection":[{"href":"https:\/\/nbg.eu\/no\/wp-json\/wp\/v2\/product"}],"about":[{"href":"https:\/\/nbg.eu\/no\/wp-json\/wp\/v2\/types\/product"}],"wp:featuredmedia":[{"embeddable":true,"href":"https:\/\/nbg.eu\/no\/wp-json\/wp\/v2\/media\/704287"}],"wp:attachment":[{"href":"https:\/\/nbg.eu\/no\/wp-json\/wp\/v2\/media?parent=704251"}],"wp:term":[{"taxonomy":"product_brand","embeddable":true,"href":"https:\/\/nbg.eu\/no\/wp-json\/wp\/v2\/product_brand?post=704251"},{"taxonomy":"product_cat","embeddable":true,"href":"https:\/\/nbg.eu\/no\/wp-json\/wp\/v2\/product_cat?post=704251"},{"taxonomy":"product_tag","embeddable":true,"href":"https:\/\/nbg.eu\/no\/wp-json\/wp\/v2\/product_tag?post=704251"}],"curies":[{"name":"wp","href":"https:\/\/api.w.org\/{rel}","templated":true}]}}