{"id":704605,"date":"2025-12-23T12:15:29","date_gmt":"2025-12-23T09:15:29","guid":{"rendered":"https:\/\/nbg.eu\/product\/switchbladepakning\/"},"modified":"2026-04-15T14:33:16","modified_gmt":"2026-04-15T11:33:16","slug":"switchbladepakning","status":"publish","type":"product","link":"https:\/\/nbg.eu\/no\/produkt\/switchbladepakning\/","title":{"rendered":"Eberlestock Ryggsekk Switchblade"},"content":{"rendered":"<h2>Switchblade-ryggsekk: Maksimal plass og diskr\u00e9t b\u00e6ring<\/h2>\n<p>Switchblade\u2122-ryggsekken er designet for \u00e5 holde en lav profil samtidig som den tilbyr maksimal plass og organisering. \u00c5pne lommene \u00f8verst for \u00e5 f\u00e5 tilgang til to magasinlommer og andre sm\u00e5 organiseringsfunksjoner. Inne finner du en dokumentdeler som passer perfekt for en iPad, b\u00e6rbar PC eller selv et kort l\u00f8p.<\/p>\n<p>Fronten av ryggsekken har en stor lomme for rask tilgang til viktige ting. P\u00e5 hver side er det et par snorbelastede koppeholderslommer, samt en flat sidelommemeny. Ryggsekken har ogs\u00e5 en skjult, magnetisk \u00e5pen, hurtigtilgjengelig lomme for diskr\u00e9 skjult b\u00e6ring.<\/p>\n<p>Med et totalt volum p\u00e5 1.785 kubikkfot (29,3 L) og en vekt p\u00e5 bare 3,60 pund, tilbyr Switchblade\u2122 rikelig med plass og b\u00e6rbarhet. Hovedm\u00e5lene p\u00e5 sekken er 20,5 h\u00f8yde x 12 bredde x 8 dybde tommer, noe som gj\u00f8r den til et allsidig valg for daglig bruk eller taktiske operasjoner.<\/p>\n<p>N\u00f8kkelfunksjoner inkluderer sjeldne jordmagnetiske \u00e5pninger for rask tilgang til skjulte v\u00e5penlommer, l\u00f8kke-borrel\u00e5s PALS-s\u00f8mmer for \u00e5 feste MOLLE- eller borrel\u00e5s-bakkede tilbeh\u00f8r, og innvendige lommer for vannbl\u00e6re, magasiner og sm\u00e5vareanordnere. Den avtakbare selen og hoftebeltskompatibiliteten bidrar til seksens tilpassbarhet.<\/p>\n<p>Switchblade\u2122 har ogs\u00e5 det nye MOLLE-10-systemet, som gir 60 % vektbesparelse sammenlignet med standard 25 mm MOLLE-matriser, og en tosidig skjult hylster som passer for de fleste h\u00e5ndv\u00e5pen, inkludert fullramme-automater. For v\u00e6rbeskyttelse kan du bruke v\u00e5rt lille reversible regnslag.<\/p>\n","protected":false},"excerpt":{"rendered":"<p>Switchblade\u2122 har et lavt profil, med maksimal plass og organisering. \u00c5pne topplokklomma og du finner to magasinlommer og andre sm\u00e5 organiseringsfunksjoner. Inne finner du en dokumentskiller for en iPad, b\u00e6rbar PC eller selv et kortl\u00f8pende rifle. Fronten p\u00e5 sekken har en stor lomme for rask tilgang til dine viktige artikler. P\u00e5 hver side er det et par hyssingsporholdere, samt en flat sidedyrelomme. Den har ogs\u00e5 en skjult, magnetisk \u00e5pen, hurtigaksess CCW-lomme.<\/p>\n","protected":false},"featured_media":704679,"template":"","meta":{"_acf_changed":false},"product_brand":[15155],"product_cat":[13255],"product_tag":[],"class_list":{"0":"post-704605","1":"product","2":"type-product","3":"status-publish","4":"has-post-thumbnail","6":"product_brand-eberlestock","7":"product_cat-ryggsekker","9":"first","10":"instock","11":"taxable","12":"shipping-taxable","13":"purchasable","14":"product-type-variable","15":"wvs-archive-product-wrapper"},"acf":[],"_links":{"self":[{"href":"https:\/\/nbg.eu\/no\/wp-json\/wp\/v2\/product\/704605","targetHints":{"allow":["GET"]}}],"collection":[{"href":"https:\/\/nbg.eu\/no\/wp-json\/wp\/v2\/product"}],"about":[{"href":"https:\/\/nbg.eu\/no\/wp-json\/wp\/v2\/types\/product"}],"wp:featuredmedia":[{"embeddable":true,"href":"https:\/\/nbg.eu\/no\/wp-json\/wp\/v2\/media\/704679"}],"wp:attachment":[{"href":"https:\/\/nbg.eu\/no\/wp-json\/wp\/v2\/media?parent=704605"}],"wp:term":[{"taxonomy":"product_brand","embeddable":true,"href":"https:\/\/nbg.eu\/no\/wp-json\/wp\/v2\/product_brand?post=704605"},{"taxonomy":"product_cat","embeddable":true,"href":"https:\/\/nbg.eu\/no\/wp-json\/wp\/v2\/product_cat?post=704605"},{"taxonomy":"product_tag","embeddable":true,"href":"https:\/\/nbg.eu\/no\/wp-json\/wp\/v2\/product_tag?post=704605"}],"curies":[{"name":"wp","href":"https:\/\/api.w.org\/{rel}","templated":true}]}}