{"id":721228,"date":"2024-08-18T11:07:42","date_gmt":"2024-08-18T08:07:42","guid":{"rendered":"https:\/\/nbg.eu\/product\/grep-skrue-m35-torx-kmr\/"},"modified":"2026-04-16T18:17:41","modified_gmt":"2026-04-16T15:17:41","slug":"grep-skrue-m35-torx-kmr","status":"publish","type":"product","link":"https:\/\/nbg.eu\/no\/produkt\/grep-skrue-m35-torx-kmr\/","title":{"rendered":"KMR Grepskrue M3.5 Torx"},"content":{"rendered":"<h2>Grep skrue M3,5 Torx KMR<\/h2>\n<p>Konstruert med presisjon og oppmerksomhet p\u00e5 detaljer, sikrer denne grepskruen et sikkert og p\u00e5litelig grep, noe som forbedrer den generelle ytelsen og funksjonaliteten til ditt Weapons KMR-system. Med Torx-design gir den en sikker og konsistent tilkobling, og forhindrer utilsiktet l\u00f8sning eller forskyvning under bruk.<\/p>\n<p>Enten du er en erfaren skarpskytter eller en taktisk entusiast, er dette et uunnv\u00e6rlig tilbeh\u00f8r for \u00e5 opprettholde integriteten og p\u00e5liteligheten til ditt Weapons KMR-system. Hev dine skytteopplevelser med denne essensielle komponenten, designet for \u00e5 integreres s\u00f8ml\u00f8st med din foretrukne KMR-modell.<\/p>\n<p>For Weapons KMR:<\/p>\n<p>KMR L-02 EMIQ<\/p>\n<p>KMR L-02 EMIQ (OR)<\/p>\n<p>KMR L-02 ORCA FRA 2024<\/p>\n<p>KMR L-02 ORCA FREM TIL 2023<\/p>\n<p>KMR L-02 SPECTRA FRA 2024<\/p>\n<p>KMR L-02 SPECTRA FREM TIL 2023<\/p>\n<p>KMR L-02 UMBRA (OR) SR<\/p>\n<p>KMR S-01 LANCE (OR)<\/p>\n<p>KMR S-02 FRA 2024<\/p>\n<p>KMR S-02 FREM TIL 2023<\/p>\n<p>KMR W-02 CUDA (OR)<\/p>\n<p>KMR W-02 UMBRA<\/p>\n<p>KMR W-02 UMBRA (OR)<\/p>\n","protected":false},"excerpt":{"rendered":"<p>Grip Skrue M3,5 Torx KMR for V\u00e5pen KMR-modeller kompatible.<\/p>\n","protected":false},"featured_media":25295,"template":"","meta":{"_acf_changed":false},"product_brand":[11504],"product_cat":[13261,14868],"product_tag":[],"class_list":{"0":"post-721228","1":"product","2":"type-product","3":"status-publish","4":"has-post-thumbnail","6":"product_brand-kmr-precision","7":"product_cat-kmr-deler","8":"product_cat-pistol-grips-no","10":"first","11":"instock","12":"taxable","13":"shipping-taxable","14":"product-type-simple"},"acf":[],"_links":{"self":[{"href":"https:\/\/nbg.eu\/no\/wp-json\/wp\/v2\/product\/721228","targetHints":{"allow":["GET"]}}],"collection":[{"href":"https:\/\/nbg.eu\/no\/wp-json\/wp\/v2\/product"}],"about":[{"href":"https:\/\/nbg.eu\/no\/wp-json\/wp\/v2\/types\/product"}],"wp:featuredmedia":[{"embeddable":true,"href":"https:\/\/nbg.eu\/no\/wp-json\/wp\/v2\/media\/25295"}],"wp:attachment":[{"href":"https:\/\/nbg.eu\/no\/wp-json\/wp\/v2\/media?parent=721228"}],"wp:term":[{"taxonomy":"product_brand","embeddable":true,"href":"https:\/\/nbg.eu\/no\/wp-json\/wp\/v2\/product_brand?post=721228"},{"taxonomy":"product_cat","embeddable":true,"href":"https:\/\/nbg.eu\/no\/wp-json\/wp\/v2\/product_cat?post=721228"},{"taxonomy":"product_tag","embeddable":true,"href":"https:\/\/nbg.eu\/no\/wp-json\/wp\/v2\/product_tag?post=721228"}],"curies":[{"name":"wp","href":"https:\/\/api.w.org\/{rel}","templated":true}]}}